{"id":16367,"date":"2025-12-24T21:20:53","date_gmt":"2025-12-24T20:20:53","guid":{"rendered":"https:\/\/linkmarkt.eu\/product\/dodaj-reklame-firmy-z-linkiem-do-strony-internetowej-zwiekszona-widocznosc-i-seo\/"},"modified":"2025-12-24T21:20:53","modified_gmt":"2025-12-24T20:20:53","slug":"dodaj-reklame-firmy-z-linkiem-do-strony-internetowej-zwiekszona-widocznosc-i-seo","status":"publish","type":"product","link":"https:\/\/linkmarkt.eu\/en\/product\/dodaj-reklame-firmy-z-linkiem-do-strony-internetowej-zwiekszona-widocznosc-i-seo\/","title":{"rendered":"Dodaj reklam\u0119 firmy z linkiem do strony internetowej-zwi\u0119kszona widoczno\u015b\u0107 i SEO"},"content":{"rendered":"<p>Chcesz dotrze\u0107 do wi\u0119kszej liczby klient\u00f3w za po\u015brednictwem Google i jednocze\u015bnie wzmocni\u0107 swoj\u0105 witryn\u0119 korporacyjn\u0105?<\/p>\n<p>Na LinkMarkt.eu mo\u017cesz reklamowa\u0107 swoj\u0105 us\u0142ug\u0119 lub firm\u0119 i doda\u0107 bezpo\u015bredni link SEO do swojej witryny.<\/p>\n<p>\u2705 Twoje korzy\u015bci:<br \/>\n\ud83d\udd17 SEO-link do strony internetowej Twojej firmy<br \/>\n\ud83d\udccd Widoczno\u015b\u0107 Twoich us\u0142ug na poziomie lokalnym<br \/>\n\ud83d\udcdd W\u0142asny opis zoptymalizowany dla Google<br \/>\n\ud83d\udcde Bezpo\u015bredni kontakt z klientem<br \/>\n\ud83d\udcc8 Wi\u0119cej opcji zasi\u0119gu bez agencji lub zobowi\u0105za\u0144 umownych<\/p>\n<p>Idealny do:<\/p>\n<p>Dostawca<br \/>\nus\u0142ugi osoby samozatrudnione<br \/>\nLokalne firmy<br \/>\nStrony internetowe firm, kt\u00f3re chc\u0105 podnie\u015b\u0107 sw\u00f3j ranking<\/p>\n<p>\ud83d\ude80 Tak to dzia\u0142a:<br \/>\nZarejestruj si\u0119 za darmo<br \/>\nTworzenie og\u0142oszenia o swojej us\u0142udze<br \/>\n&#8211; Dodanie linku do strony internetowej-<br \/>\nstrona otrzymywa\u0107 zapytania klient\u00f3w<\/p>\n<p>\ud83d\udc49 Zarejestruj si\u0119 teraz i dodaj og\u0142oszenie<br \/>\n\ud83d\udc49 Tworzenie SEO dla Twojej witryny za pomoc\u0105 reklam<\/p>\n","protected":false},"excerpt":{"rendered":"<p>Chcesz dotrze\u0107 do wi\u0119kszej liczby klient\u00f3w za po\u015brednictwem Google i jednocze\u015bnie wzmocni\u0107 swoj\u0105 witryn\u0119 korporacyjn\u0105? Na LinkMarkt.eu mo\u017cesz reklamowa\u0107 swoj\u0105 us\u0142ug\u0119 lub firm\u0119 i doda\u0107 bezpo\u015bredni link SEO do swojej witryny. \u2705 Twoje korzy\u015bci: \ud83d\udd17 SEO-link do strony internetowej Twojej firmy \ud83d\udccd Widoczno\u015b\u0107 Twoich us\u0142ug na poziomie lokalnym \ud83d\udcdd W\u0142asny opis zoptymalizowany dla Google \ud83d\udcde [&hellip;]<\/p>\n","protected":false},"featured_media":0,"comment_status":"open","ping_status":"closed","template":"","meta":{"_seopress_robots_primary_cat":"","_seopress_titles_title":"","_seopress_titles_desc":"","_seopress_robots_index":"","googlesitekit_rrm_CAowz76iDA:productID":""},"product_brand":[],"product_cat":[1076],"product_tag":[],"class_list":{"0":"post-16367","1":"product","2":"type-product","3":"status-publish","5":"product_cat-listeo-booking-pl","7":"first","8":"instock","9":"downloadable","10":"virtual","11":"sold-individually","12":"taxable","13":"purchasable","14":"product-type-listing_booking"},"_links":{"self":[{"href":"https:\/\/linkmarkt.eu\/en\/wp-json\/wp\/v2\/product\/16367","targetHints":{"allow":["GET"]}}],"collection":[{"href":"https:\/\/linkmarkt.eu\/en\/wp-json\/wp\/v2\/product"}],"about":[{"href":"https:\/\/linkmarkt.eu\/en\/wp-json\/wp\/v2\/types\/product"}],"replies":[{"embeddable":true,"href":"https:\/\/linkmarkt.eu\/en\/wp-json\/wp\/v2\/comments?post=16367"}],"version-history":[{"count":0,"href":"https:\/\/linkmarkt.eu\/en\/wp-json\/wp\/v2\/product\/16367\/revisions"}],"wp:attachment":[{"href":"https:\/\/linkmarkt.eu\/en\/wp-json\/wp\/v2\/media?parent=16367"}],"wp:term":[{"taxonomy":"product_brand","embeddable":true,"href":"https:\/\/linkmarkt.eu\/en\/wp-json\/wp\/v2\/product_brand?post=16367"},{"taxonomy":"product_cat","embeddable":true,"href":"https:\/\/linkmarkt.eu\/en\/wp-json\/wp\/v2\/product_cat?post=16367"},{"taxonomy":"product_tag","embeddable":true,"href":"https:\/\/linkmarkt.eu\/en\/wp-json\/wp\/v2\/product_tag?post=16367"}],"curies":[{"name":"wp","href":"https:\/\/api.w.org\/{rel}","templated":true}]}}