{"id":16383,"date":"2025-12-25T11:01:17","date_gmt":"2025-12-25T10:01:17","guid":{"rendered":"https:\/\/linkmarkt.eu\/product\/regularne-artykuly-na-blogu-dla-twojej-firmy-comiesieczny-serwis-tresci\/"},"modified":"2025-12-25T11:01:17","modified_gmt":"2025-12-25T10:01:17","slug":"regularne-artykuly-na-blogu-dla-twojej-firmy-comiesieczny-serwis-tresci","status":"publish","type":"product","link":"https:\/\/linkmarkt.eu\/en\/product\/regularne-artykuly-na-blogu-dla-twojej-firmy-comiesieczny-serwis-tresci\/","title":{"rendered":"Regularne artyku\u0142y na blogu dla Twojej firmy-comiesi\u0119czny serwis tre\u015bci"},"content":{"rendered":"<p>Tym rezerwacj\u0105 mo\u017cna przydzieli\u0107 dat\u0119 rozpocz\u0119cia tworzenia regularnych artyku\u0142\u00f3w w blogu na swojej stronie internetowej.<\/p>\n<p>Koszt<br \/>\n69 euro miesi\u0119cznie<br \/>\n4 Artyku\u0142y w blogu co miesi\u0105c<br \/>\nMog\u0105 by\u0107 anulowane Miesi\u0119cznie<br \/>\nBez op\u0142at za instalacj\u0119<\/p>\n<p>Co si\u0119 dzieje po dokonaniu rezerwacji?<br \/>\nPo wybraniu daty rozpocz\u0119cia, prosz\u0119 wys\u0142a\u0107 do mnie wiadomo\u015b\u0107 z nast\u0119puj\u0105cymi informacjami:<\/p>\n<p>Bran\u017ca \/ Zakres dzia\u0142alno\u015bci<br \/>\nLink na swojej stronie internetowej (je\u015bli istnieje)<br \/>\nLokalizacja (miejscowo\u015b\u0107 \/ kraj)<br \/>\nJ\u0119zyk bloga (DE lub PL)<br \/>\nCelem bloga (na przyk\u0142ad, widoczno\u015b\u0107, informacje, zapytania klient\u00f3w)<br \/>\nMasz ju\u017c bloga? (tak \/ nie)<br \/>\nPo rozpatrzeniu TWOJEJ pro\u015bby potwierdz\u0119, czy mo\u017cemy zacz\u0105\u0107.<\/p>\n<p>wa\u017cna uwaga<br \/>\nTa rezerwacja nie jest p\u0142atno\u015bci\u0105 automatyczn\u0105 i nie jest natychmiastowym zobowi\u0105zaniem.<br \/>\nJest przeznaczony do planowania i koordynowania uruchomienia.<\/p>\n<p>\ud83d\udce9 Wybierz dat\u0119 rozpocz\u0119cia teraz i wy\u015blij zapytanie<\/p>\n","protected":false},"excerpt":{"rendered":"<p>Tym rezerwacj\u0105 mo\u017cna przydzieli\u0107 dat\u0119 rozpocz\u0119cia tworzenia regularnych artyku\u0142\u00f3w w blogu na swojej stronie internetowej. Koszt 69 euro miesi\u0119cznie 4 Artyku\u0142y w blogu co miesi\u0105c Mog\u0105 by\u0107 anulowane Miesi\u0119cznie Bez op\u0142at za instalacj\u0119 Co si\u0119 dzieje po dokonaniu rezerwacji? Po wybraniu daty rozpocz\u0119cia, prosz\u0119 wys\u0142a\u0107 do mnie wiadomo\u015b\u0107 z nast\u0119puj\u0105cymi informacjami: Bran\u017ca \/ Zakres dzia\u0142alno\u015bci [&hellip;]<\/p>\n","protected":false},"featured_media":0,"comment_status":"open","ping_status":"closed","template":"","meta":{"_seopress_robots_primary_cat":"","_seopress_titles_title":"","_seopress_titles_desc":"","_seopress_robots_index":"","googlesitekit_rrm_CAowz76iDA:productID":""},"product_brand":[],"product_cat":[1076],"product_tag":[],"class_list":{"0":"post-16383","1":"product","2":"type-product","3":"status-publish","5":"product_cat-listeo-booking-pl","7":"first","8":"instock","9":"downloadable","10":"virtual","11":"sold-individually","12":"taxable","13":"purchasable","14":"product-type-listing_booking"},"_links":{"self":[{"href":"https:\/\/linkmarkt.eu\/en\/wp-json\/wp\/v2\/product\/16383","targetHints":{"allow":["GET"]}}],"collection":[{"href":"https:\/\/linkmarkt.eu\/en\/wp-json\/wp\/v2\/product"}],"about":[{"href":"https:\/\/linkmarkt.eu\/en\/wp-json\/wp\/v2\/types\/product"}],"replies":[{"embeddable":true,"href":"https:\/\/linkmarkt.eu\/en\/wp-json\/wp\/v2\/comments?post=16383"}],"version-history":[{"count":0,"href":"https:\/\/linkmarkt.eu\/en\/wp-json\/wp\/v2\/product\/16383\/revisions"}],"wp:attachment":[{"href":"https:\/\/linkmarkt.eu\/en\/wp-json\/wp\/v2\/media?parent=16383"}],"wp:term":[{"taxonomy":"product_brand","embeddable":true,"href":"https:\/\/linkmarkt.eu\/en\/wp-json\/wp\/v2\/product_brand?post=16383"},{"taxonomy":"product_cat","embeddable":true,"href":"https:\/\/linkmarkt.eu\/en\/wp-json\/wp\/v2\/product_cat?post=16383"},{"taxonomy":"product_tag","embeddable":true,"href":"https:\/\/linkmarkt.eu\/en\/wp-json\/wp\/v2\/product_tag?post=16383"}],"curies":[{"name":"wp","href":"https:\/\/api.w.org\/{rel}","templated":true}]}}