{"id":16388,"date":"2025-12-25T11:36:23","date_gmt":"2025-12-25T10:36:23","guid":{"rendered":"https:\/\/linkmarkt.eu\/product\/premium-pflanzliches-oel-100-naturrein-pure-gold-qualitaet\/"},"modified":"2025-12-28T13:34:54","modified_gmt":"2025-12-28T12:34:54","slug":"premium-pflanzliches-oel-100-naturrein-pure-gold-qualitaet","status":"publish","type":"product","link":"https:\/\/linkmarkt.eu\/en\/product\/premium-pflanzliches-oel-100-naturrein-pure-gold-qualitaet\/","title":{"rendered":"Premium pflanzliches \u00d6l \u2013 100 % naturrein | Pure Gold Qualit\u00e4t"},"content":{"rendered":"<p>Hochwertiges, pflanzliches Premium-\u00d6l aus ausgew\u00e4hlten Pflanzen \u2013<br \/>\nf\u00fcr Menschen, die nat\u00fcrliche Qualit\u00e4t, Reinheit und bewusste Gesundheitspflege sch\u00e4tzen.<\/p>\n<p>Beschreibung<br \/>\nDieses 100 % naturreine pflanzliche \u00d6l steht f\u00fcr h\u00f6chste Qualit\u00e4t und Sorgfalt bei der Auswahl der Pflanzen.<br \/>\nOhne synthetische Zus\u00e4tze, ohne k\u00fcnstliche Aromen \u2013 nur das, was die Pflanze von Natur aus bietet.<\/p>\n<p>Ideal f\u00fcr Menschen, die ihren Alltag bewusst, ausgeglichen und naturnah gestalten m\u00f6chten.<\/p>\n<p>Warum dieses \u00d6l?<br \/>\n\u2714 100 % pflanzlich &amp; naturrein<br \/>\n\u2714 Premium-Qualit\u00e4t aus ausgew\u00e4hlten Pflanzen<br \/>\n\u2714 Frei von k\u00fcnstlichen Zusatzstoffen<br \/>\n\u2714 Schonend verarbeitet<br \/>\n\u2714 F\u00fcr eine bewusste, nat\u00fcrliche Lebensweise<\/p>\n<p>M\u00f6gliche Vorteile im Alltag<br \/>\nUnterst\u00fctzung eines ausgeglichenen Wohlbefindens<br \/>\nBeitrag zu mehr innerer Ruhe und Balance<br \/>\nBegleitend f\u00fcr einen bewussten, gesunden Lebensstil<br \/>\nIdeal f\u00fcr Menschen mit Fokus auf nat\u00fcrliche Selbstf\u00fcrsorge<br \/>\n(Keine Heilversprechen \u2013 Nahrungserg\u00e4nzung ersetzt keine ausgewogene Lebensweise.)<\/p>\n<p>F\u00fcr wen geeignet<br \/>\nF\u00fcr Menschen, die Wert auf nat\u00fcrliche Inhaltsstoffe legen<br \/>\nF\u00fcr alle, die Premium-Qualit\u00e4t bevorzugen<br \/>\nF\u00fcr bewusste Anwender, die sich vor der Entscheidung informieren m\u00f6chten<\/p>\n<p>Qualit\u00e4t &amp; Transparenz<br \/>\nJede Anfrage wird pers\u00f6nlich betreut.<br \/>\nDu erh\u00e4ltst alle Informationen zu:<\/p>\n<p>Herkunft<br \/>\nAnwendung<br \/>\nQualit\u00e4t<br \/>\nZusammensetzung<\/p>\n<p>\ud83c\udf3f Entdecke ein pflanzliches Premium-\u00d6l f\u00fcr bewusste Gesundheitspflege<\/p>\n<p>\ud83d\udc49 Interessiert? W\u00e4hlen Sie jetzt einen passenden Termin im Kalender.<\/p>\n<p>&nbsp;<\/p>\n","protected":false},"excerpt":{"rendered":"<p>Hochwertiges, pflanzliches Premium-\u00d6l aus ausgew\u00e4hlten Pflanzen \u2013 f\u00fcr Menschen, die nat\u00fcrliche Qualit\u00e4t, Reinheit und bewusste Gesundheitspflege sch\u00e4tzen. Beschreibung Dieses 100 % naturreine pflanzliche \u00d6l steht f\u00fcr h\u00f6chste Qualit\u00e4t und Sorgfalt bei der Auswahl der Pflanzen. Ohne synthetische Zus\u00e4tze, ohne k\u00fcnstliche Aromen \u2013 nur das, was die Pflanze von Natur aus bietet. Ideal f\u00fcr Menschen, die [&hellip;]<\/p>\n","protected":false},"featured_media":0,"comment_status":"open","ping_status":"closed","template":"","meta":{"_seopress_robots_primary_cat":"","_seopress_titles_title":"","_seopress_titles_desc":"","_seopress_robots_index":"","googlesitekit_rrm_CAowz76iDA:productID":""},"product_brand":[],"product_cat":[21],"product_tag":[],"class_list":{"0":"post-16388","1":"product","2":"type-product","3":"status-publish","5":"product_cat-listeo-booking","7":"first","8":"instock","9":"downloadable","10":"virtual","11":"sold-individually","12":"taxable","13":"purchasable","14":"product-type-listing_booking"},"_links":{"self":[{"href":"https:\/\/linkmarkt.eu\/en\/wp-json\/wp\/v2\/product\/16388","targetHints":{"allow":["GET"]}}],"collection":[{"href":"https:\/\/linkmarkt.eu\/en\/wp-json\/wp\/v2\/product"}],"about":[{"href":"https:\/\/linkmarkt.eu\/en\/wp-json\/wp\/v2\/types\/product"}],"replies":[{"embeddable":true,"href":"https:\/\/linkmarkt.eu\/en\/wp-json\/wp\/v2\/comments?post=16388"}],"version-history":[{"count":5,"href":"https:\/\/linkmarkt.eu\/en\/wp-json\/wp\/v2\/product\/16388\/revisions"}],"predecessor-version":[{"id":16525,"href":"https:\/\/linkmarkt.eu\/en\/wp-json\/wp\/v2\/product\/16388\/revisions\/16525"}],"wp:attachment":[{"href":"https:\/\/linkmarkt.eu\/en\/wp-json\/wp\/v2\/media?parent=16388"}],"wp:term":[{"taxonomy":"product_brand","embeddable":true,"href":"https:\/\/linkmarkt.eu\/en\/wp-json\/wp\/v2\/product_brand?post=16388"},{"taxonomy":"product_cat","embeddable":true,"href":"https:\/\/linkmarkt.eu\/en\/wp-json\/wp\/v2\/product_cat?post=16388"},{"taxonomy":"product_tag","embeddable":true,"href":"https:\/\/linkmarkt.eu\/en\/wp-json\/wp\/v2\/product_tag?post=16388"}],"curies":[{"name":"wp","href":"https:\/\/api.w.org\/{rel}","templated":true}]}}