{"id":16399,"date":"2025-12-25T11:44:30","date_gmt":"2025-12-25T10:44:30","guid":{"rendered":"https:\/\/linkmarkt.eu\/product\/olej-roslinny-premium-100-naturalna-jakosc-czyste-zloto\/"},"modified":"2025-12-25T11:44:30","modified_gmt":"2025-12-25T10:44:30","slug":"olej-roslinny-premium-100-naturalna-jakosc-czyste-zloto","status":"publish","type":"product","link":"https:\/\/linkmarkt.eu\/en\/product\/olej-roslinny-premium-100-naturalna-jakosc-czyste-zloto\/","title":{"rendered":"Olej ro\u015blinny Premium &#8211; 100% naturalna jako\u015b\u0107 \/ czyste z\u0142oto"},"content":{"rendered":"<p>Najwy\u017cszej jako\u015bci olej ro\u015blinny z wybranych ro\u015blin &#8211;<br \/>\ndla os\u00f3b ceni\u0105cych sobie naturaln\u0105 jako\u015b\u0107, czysto\u015b\u0107 i dba\u0142o\u015b\u0107 o swoje zdrowie.<\/p>\n<p>Opis<br \/>\nTen w 100% naturalny olej ro\u015blinny jest synonimem najwy\u017cszej jako\u015bci i staranno\u015bci przy wyborze ro\u015blin.<br \/>\nBez syntetycznych dodatk\u00f3w, bez sztucznych aromat\u00f3w-tylko to, co oferuje ro\u015blina z natury.<\/p>\n<p>Idealny dla os\u00f3b, kt\u00f3re chc\u0105, aby ich codzienne \u017cycie by\u0142o \u015bwiadome, zr\u00f3wnowa\u017cone i bliskie naturze.<\/p>\n<p>Dlaczego ten olej?<br \/>\n\u2714 100% naturalne i ro\u015blinne<br \/>\n\u2714 Wysokiej jako\u015bci wybrane ro\u015bliny<br \/>\n\u2714 Nie zawiera sztucznych dodatk\u00f3w<br \/>\n\u2714 Starannie obrobione<br \/>\n\u2714 Dla \u015bwiadomego, naturalnego stylu \u017cycia<\/p>\n<p>Mo\u017cliwe korzy\u015bci w \u017cyciu codziennym<br \/>\nUtrzymanie zr\u00f3wnowa\u017conego samopoczucia<br \/>\nPromuje wi\u0119kszy wewn\u0119trzny spok\u00f3j i r\u00f3wnowag\u0119<br \/>\nOpiekun \u015bwiadomego, zdrowego stylu \u017cycia<br \/>\nIdealny dla os\u00f3b nastawionych na naturalne<br \/>\ndbanie o siebie (\u017caden obiecany suplement leczniczy nie zast\u0105pi zbilansowanego stylu \u017cycia).<\/p>\n<p>Nadaje si\u0119 dla kogo<br \/>\nDla os\u00f3b ceni\u0105cych naturalne sk\u0142adniki<br \/>\nDla tych, kt\u00f3rzy preferuj\u0105 wysok\u0105 jako\u015b\u0107<br \/>\nDla \u015bwiadomych u\u017cytkownik\u00f3w, kt\u00f3rzy chc\u0105 uzyska\u0107 informacje przed podj\u0119ciem decyzji<\/p>\n<p>Jako\u015b\u0107 i przejrzysto\u015b\u0107<br \/>\nKa\u017cda pro\u015bba jest rozpatrywana osobi\u015bcie.<br \/>\nOtrzymasz wszystkie informacje na temat:<\/p>\n<p>Pochodzenie<br \/>\nZastosowanie<br \/>\nJako\u015b\u0107<br \/>\nKompozycja<\/p>\n<p>\ud83c\udf3f Odkryj najwy\u017cszej jako\u015bci olej ro\u015blinny do \u015bwiadomej opieki zdrowotnej<\/p>\n","protected":false},"excerpt":{"rendered":"<p>Najwy\u017cszej jako\u015bci olej ro\u015blinny z wybranych ro\u015blin &#8211; dla os\u00f3b ceni\u0105cych sobie naturaln\u0105 jako\u015b\u0107, czysto\u015b\u0107 i dba\u0142o\u015b\u0107 o swoje zdrowie. Opis Ten w 100% naturalny olej ro\u015blinny jest synonimem najwy\u017cszej jako\u015bci i staranno\u015bci przy wyborze ro\u015blin. Bez syntetycznych dodatk\u00f3w, bez sztucznych aromat\u00f3w-tylko to, co oferuje ro\u015blina z natury. Idealny dla os\u00f3b, kt\u00f3re chc\u0105, aby ich [&hellip;]<\/p>\n","protected":false},"featured_media":0,"comment_status":"open","ping_status":"closed","template":"","meta":{"_seopress_robots_primary_cat":"","_seopress_titles_title":"","_seopress_titles_desc":"","_seopress_robots_index":"","googlesitekit_rrm_CAowz76iDA:productID":""},"product_brand":[],"product_cat":[1076],"product_tag":[],"class_list":{"0":"post-16399","1":"product","2":"type-product","3":"status-publish","5":"product_cat-listeo-booking-pl","7":"first","8":"instock","9":"downloadable","10":"virtual","11":"sold-individually","12":"taxable","13":"purchasable","14":"product-type-listing_booking"},"_links":{"self":[{"href":"https:\/\/linkmarkt.eu\/en\/wp-json\/wp\/v2\/product\/16399","targetHints":{"allow":["GET"]}}],"collection":[{"href":"https:\/\/linkmarkt.eu\/en\/wp-json\/wp\/v2\/product"}],"about":[{"href":"https:\/\/linkmarkt.eu\/en\/wp-json\/wp\/v2\/types\/product"}],"replies":[{"embeddable":true,"href":"https:\/\/linkmarkt.eu\/en\/wp-json\/wp\/v2\/comments?post=16399"}],"version-history":[{"count":0,"href":"https:\/\/linkmarkt.eu\/en\/wp-json\/wp\/v2\/product\/16399\/revisions"}],"wp:attachment":[{"href":"https:\/\/linkmarkt.eu\/en\/wp-json\/wp\/v2\/media?parent=16399"}],"wp:term":[{"taxonomy":"product_brand","embeddable":true,"href":"https:\/\/linkmarkt.eu\/en\/wp-json\/wp\/v2\/product_brand?post=16399"},{"taxonomy":"product_cat","embeddable":true,"href":"https:\/\/linkmarkt.eu\/en\/wp-json\/wp\/v2\/product_cat?post=16399"},{"taxonomy":"product_tag","embeddable":true,"href":"https:\/\/linkmarkt.eu\/en\/wp-json\/wp\/v2\/product_tag?post=16399"}],"curies":[{"name":"wp","href":"https:\/\/api.w.org\/{rel}","templated":true}]}}