{"id":16416,"date":"2025-12-25T12:50:43","date_gmt":"2025-12-25T11:50:43","guid":{"rendered":"https:\/\/linkmarkt.eu\/product\/10-reklam-z-permalinkami-zwiekszona-widocznosc-i-bezposredni-kontakt-z-klientami\/"},"modified":"2025-12-25T12:50:43","modified_gmt":"2025-12-25T11:50:43","slug":"10-reklam-z-permalinkami-zwiekszona-widocznosc-i-bezposredni-kontakt-z-klientami","status":"publish","type":"product","link":"https:\/\/linkmarkt.eu\/en\/product\/10-reklam-z-permalinkami-zwiekszona-widocznosc-i-bezposredni-kontakt-z-klientami\/","title":{"rendered":"10 reklam z permalinkami-zwi\u0119kszona widoczno\u015b\u0107 i bezpo\u015bredni kontakt z klientami"},"content":{"rendered":"<p>Na naszej platformie udost\u0119pniamy 10 reklam do sta\u0142ego (do\u017cywotniego) publikowania.<br \/>\nKa\u017cda reklama pozostaje online bez ogranicze\u0144 czasowych i zawiera kilka bezpo\u015brednich przekierowa\u0144 do punkt\u00f3w kontaktowych i handlowych.<\/p>\n<p>W zestawie<br \/>\n\u2714 10 og\u0142osze\u0144-publikuj przez ca\u0142e \u017cycie<br \/>\n\u2714 Ka\u017cda reklama z w\u0142asnym sta\u0142ym adresem URL<br \/>\n\u2714 Bezpo\u015bredni link do twojej witryny \/ strony produktu<br \/>\n\u2714 Bezpo\u015brednie przekazywanie do WhatsApp<br \/>\n\u2714 Przekierowanie na komunikator lub fanpage (opcjonalnie)<br \/>\n\u2714 Widoczno\u015b\u0107 publiczna i indeksowanie w wyszukiwarkach<br \/>\n\u2714 Idealny do d\u0142ugoterminowej obecno\u015bci i brandingu<\/p>\n<p>Nadaje si\u0119 dla kogo<br \/>\nFirmy i sklepy internetowe<br \/>\nUs\u0142ugodawcy i niezale\u017cni<br \/>\nmarki, kt\u00f3re chc\u0105 by\u0107 widoczne na d\u0142u\u017csz\u0105 met\u0119<br \/>\nperspektywiczne projekty zorientowane na zasi\u0119g i bezpo\u015bredni kontakt z klientami<\/p>\n<p>Koszt<br \/>\n10 sta\u0142ych og\u0142osze\u0144-rycza\u0142t 249 Euro<\/p>\n<p>(Brak op\u0142aty miesi\u0119cznej, nie jest wymagane odnowienie)<\/p>\n<p>\ud83d\udce9 Zapytaj teraz i pozosta\u0144 w sta\u0142ym kontakcie<\/p>\n<p>&nbsp;<\/p>\n<p>Na naszej platformie udost\u0119pniamy 10 reklam do sta\u0142ego (do\u017cywotniego) publikowania.<br \/>\nKa\u017cda reklama pozostaje online bez ogranicze\u0144 czasowych i zawiera kilka bezpo\u015brednich przekierowa\u0144 do punkt\u00f3w kontaktowych i handlowych.<\/p>\n<p>W zestawie<br \/>\n\u2714 10 og\u0142osze\u0144-publikuj przez ca\u0142e \u017cycie<br \/>\n\u2714 Ka\u017cda reklama z w\u0142asnym sta\u0142ym adresem URL<br \/>\n\u2714 Bezpo\u015bredni link do twojej witryny \/ strony produktu<br \/>\n\u2714 Bezpo\u015brednie przekazywanie do WhatsApp<br \/>\n\u2714 Przekierowanie na komunikator lub fanpage (opcjonalnie)<br \/>\n\u2714 Widoczno\u015b\u0107 publiczna i indeksowanie w wyszukiwarkach<br \/>\n\u2714 Idealny do d\u0142ugoterminowej obecno\u015bci i brandingu<\/p>\n<p>Nadaje si\u0119 dla kogo<br \/>\nFirmy i sklepy internetowe<br \/>\nUs\u0142ugodawcy i niezale\u017cni<br \/>\nmarki, kt\u00f3re chc\u0105 by\u0107 widoczne na d\u0142u\u017csz\u0105 met\u0119<br \/>\nperspektywiczne projekty zorientowane na zasi\u0119g i bezpo\u015bredni kontakt z klientami<\/p>\n<p>Koszt<br \/>\n10 sta\u0142ych og\u0142osze\u0144-rycza\u0142t 249 Euro<\/p>\n<p>(Brak op\u0142aty miesi\u0119cznej, nie jest wymagane odnowienie)<\/p>\n<p>\ud83d\udce9 Zapytaj teraz i pozosta\u0144 w sta\u0142ym kontakcie<\/p>\n","protected":false},"excerpt":{"rendered":"<p>Na naszej platformie udost\u0119pniamy 10 reklam do sta\u0142ego (do\u017cywotniego) publikowania. Ka\u017cda reklama pozostaje online bez ogranicze\u0144 czasowych i zawiera kilka bezpo\u015brednich przekierowa\u0144 do punkt\u00f3w kontaktowych i handlowych. W zestawie \u2714 10 og\u0142osze\u0144-publikuj przez ca\u0142e \u017cycie \u2714 Ka\u017cda reklama z w\u0142asnym sta\u0142ym adresem URL \u2714 Bezpo\u015bredni link do twojej witryny \/ strony produktu \u2714 Bezpo\u015brednie przekazywanie [&hellip;]<\/p>\n","protected":false},"featured_media":0,"comment_status":"open","ping_status":"closed","template":"","meta":{"_seopress_robots_primary_cat":"","_seopress_titles_title":"","_seopress_titles_desc":"","_seopress_robots_index":"","googlesitekit_rrm_CAowz76iDA:productID":""},"product_brand":[],"product_cat":[1076],"product_tag":[],"class_list":{"0":"post-16416","1":"product","2":"type-product","3":"status-publish","5":"product_cat-listeo-booking-pl","7":"first","8":"instock","9":"downloadable","10":"virtual","11":"sold-individually","12":"taxable","13":"purchasable","14":"product-type-listing_booking"},"_links":{"self":[{"href":"https:\/\/linkmarkt.eu\/en\/wp-json\/wp\/v2\/product\/16416","targetHints":{"allow":["GET"]}}],"collection":[{"href":"https:\/\/linkmarkt.eu\/en\/wp-json\/wp\/v2\/product"}],"about":[{"href":"https:\/\/linkmarkt.eu\/en\/wp-json\/wp\/v2\/types\/product"}],"replies":[{"embeddable":true,"href":"https:\/\/linkmarkt.eu\/en\/wp-json\/wp\/v2\/comments?post=16416"}],"version-history":[{"count":0,"href":"https:\/\/linkmarkt.eu\/en\/wp-json\/wp\/v2\/product\/16416\/revisions"}],"wp:attachment":[{"href":"https:\/\/linkmarkt.eu\/en\/wp-json\/wp\/v2\/media?parent=16416"}],"wp:term":[{"taxonomy":"product_brand","embeddable":true,"href":"https:\/\/linkmarkt.eu\/en\/wp-json\/wp\/v2\/product_brand?post=16416"},{"taxonomy":"product_cat","embeddable":true,"href":"https:\/\/linkmarkt.eu\/en\/wp-json\/wp\/v2\/product_cat?post=16416"},{"taxonomy":"product_tag","embeddable":true,"href":"https:\/\/linkmarkt.eu\/en\/wp-json\/wp\/v2\/product_tag?post=16416"}],"curies":[{"name":"wp","href":"https:\/\/api.w.org\/{rel}","templated":true}]}}