{"id":16433,"date":"2025-12-26T08:26:41","date_gmt":"2025-12-26T07:26:41","guid":{"rendered":"https:\/\/linkmarkt.eu\/product\/wspolpraca-b2b-produkty-naturalne-i-kosmetyki\/"},"modified":"2025-12-26T08:26:41","modified_gmt":"2025-12-26T07:26:41","slug":"wspolpraca-b2b-produkty-naturalne-i-kosmetyki","status":"publish","type":"product","link":"https:\/\/linkmarkt.eu\/en\/product\/wspolpraca-b2b-produkty-naturalne-i-kosmetyki\/","title":{"rendered":"Wsp\u00f3\u0142praca B2B-produkty naturalne i kosmetyki"},"content":{"rendered":"<p>Wsp\u00f3\u0142praca B2B w zakresie produkt\u00f3w naturalnych<br \/>\nPoszukujemy sprzedawc\u00f3w detalicznych, sprzedawc\u00f3w internetowych, studi\u00f3w i us\u0142ugodawc\u00f3w, kt\u00f3rzy chcieliby rozszerzy\u0107 swoj\u0105 ofert\u0119 o wysokiej jako\u015bci produkty naturalne.<\/p>\n<p>Po kr\u00f3tkiej osobistej konsultacji przedstawiamy odpowiednie produkty i wsp\u00f3lnie sprawdzamy, czy wsp\u00f3\u0142praca ma sens.<\/p>\n<p>Co oferujemy:<\/p>\n<p>wybrane produkty naturalne Na sprzeda\u017c<br \/>\nw formacie B2B indywidualne konsultacje i indywidualny wyb\u00f3r<br \/>\nprodukty przejrzyste warunki<br \/>\nMo\u017cliwo\u015b\u0107 uruchomienia z pr\u00f3bkami produkt\u00f3w lub zam\u00f3wieniami pr\u00f3bnymi<br \/>\nPakiety startowe \/ zam\u00f3wienia na pr\u00f3bki:<br \/>\n\ud83d\udcb6 oko\u0142o 250 do 1000 euro (w zale\u017cno\u015bci od wyboru produktu)<\/p>\n<p>\ud83d\udcc5 Um\u00f3w si\u0119 na spotkanie:<br \/>\nSkorzystaj z wbudowanego kalendarza lub skontaktuj si\u0119 z nami bezpo\u015brednio przez WhatsApp.<\/p>\n<p>\ud83d\udc49 Wyb\u00f3r produktu odbywa si\u0119 po konsultacji dostosowanej do twojego modelu biznesowego.<\/p>\n","protected":false},"excerpt":{"rendered":"<p>Wsp\u00f3\u0142praca B2B w zakresie produkt\u00f3w naturalnych Poszukujemy sprzedawc\u00f3w detalicznych, sprzedawc\u00f3w internetowych, studi\u00f3w i us\u0142ugodawc\u00f3w, kt\u00f3rzy chcieliby rozszerzy\u0107 swoj\u0105 ofert\u0119 o wysokiej jako\u015bci produkty naturalne. Po kr\u00f3tkiej osobistej konsultacji przedstawiamy odpowiednie produkty i wsp\u00f3lnie sprawdzamy, czy wsp\u00f3\u0142praca ma sens. Co oferujemy: wybrane produkty naturalne Na sprzeda\u017c w formacie B2B indywidualne konsultacje i indywidualny wyb\u00f3r produkty przejrzyste [&hellip;]<\/p>\n","protected":false},"featured_media":0,"comment_status":"open","ping_status":"closed","template":"","meta":{"_seopress_robots_primary_cat":"","_seopress_titles_title":"","_seopress_titles_desc":"","_seopress_robots_index":"","googlesitekit_rrm_CAowz76iDA:productID":""},"product_brand":[],"product_cat":[1076],"product_tag":[],"class_list":{"0":"post-16433","1":"product","2":"type-product","3":"status-publish","5":"product_cat-listeo-booking-pl","7":"first","8":"instock","9":"downloadable","10":"virtual","11":"sold-individually","12":"taxable","13":"purchasable","14":"product-type-listing_booking"},"_links":{"self":[{"href":"https:\/\/linkmarkt.eu\/en\/wp-json\/wp\/v2\/product\/16433","targetHints":{"allow":["GET"]}}],"collection":[{"href":"https:\/\/linkmarkt.eu\/en\/wp-json\/wp\/v2\/product"}],"about":[{"href":"https:\/\/linkmarkt.eu\/en\/wp-json\/wp\/v2\/types\/product"}],"replies":[{"embeddable":true,"href":"https:\/\/linkmarkt.eu\/en\/wp-json\/wp\/v2\/comments?post=16433"}],"version-history":[{"count":0,"href":"https:\/\/linkmarkt.eu\/en\/wp-json\/wp\/v2\/product\/16433\/revisions"}],"wp:attachment":[{"href":"https:\/\/linkmarkt.eu\/en\/wp-json\/wp\/v2\/media?parent=16433"}],"wp:term":[{"taxonomy":"product_brand","embeddable":true,"href":"https:\/\/linkmarkt.eu\/en\/wp-json\/wp\/v2\/product_brand?post=16433"},{"taxonomy":"product_cat","embeddable":true,"href":"https:\/\/linkmarkt.eu\/en\/wp-json\/wp\/v2\/product_cat?post=16433"},{"taxonomy":"product_tag","embeddable":true,"href":"https:\/\/linkmarkt.eu\/en\/wp-json\/wp\/v2\/product_tag?post=16433"}],"curies":[{"name":"wp","href":"https:\/\/api.w.org\/{rel}","templated":true}]}}