{"id":16454,"date":"2025-12-26T11:38:29","date_gmt":"2025-12-26T10:38:29","guid":{"rendered":"https:\/\/linkmarkt.eu\/product\/profesjonalna-korporacyjna-strona-internetowa-wordpress-nowoczesna-i-skalowalna\/"},"modified":"2025-12-26T11:38:29","modified_gmt":"2025-12-26T10:38:29","slug":"profesjonalna-korporacyjna-strona-internetowa-wordpress-nowoczesna-i-skalowalna","status":"publish","type":"product","link":"https:\/\/linkmarkt.eu\/en\/product\/profesjonalna-korporacyjna-strona-internetowa-wordpress-nowoczesna-i-skalowalna\/","title":{"rendered":"Profesjonalna korporacyjna strona internetowa WordPress-nowoczesna i skalowalna"},"content":{"rendered":"<p>Co proponuj\u0119:<br \/>\nStw\u00f3rz profesjonaln\u0105 korporacyjn\u0105 stron\u0119 internetow\u0105 WordPress dostosowan\u0105 do Twojej firmy-przejrzyst\u0105, nowoczesn\u0105 i rozszerzaln\u0105.<\/p>\n<p>Rodzaje wydajno\u015bci<br \/>\nStrona internetowa firmy (strona firmowa)<br \/>\nStrona docelowa (dla Ofert, kampanii, potencjalnych klient\u00f3w)<br \/>\nWizyt\u00f3wka online (kompaktowa i profesjonalna)<\/p>\n<p>Oto jak to si\u0119 dzieje<br \/>\n\ud83d\udcc5 Wbudowany kalendarz-spotkanie projektowe<br \/>\nUmawiasz si\u0119 na spotkanie, omawiamy cele, bran\u017c\u0119, projekt, tre\u015b\u0107 i bud\u017cet.<br \/>\nNast\u0119pnie tworz\u0119 odpowiedni\u0105 konfiguracj\u0119 (bez gotowego konstruktora).<\/p>\n<p>Co jest wliczone w cen\u0119 (w zale\u017cno\u015bci od pakietu)<br \/>\nKonsultacje i koncepcja projektu<br \/>\nDomena i hosting (dost\u0119pna rekomendacja lub Konfiguracja)<br \/>\nInstalacja i konfiguracja WordPress<br \/>\nWyb\u00f3r odpowiedniego motywu (indywidualnie w razie potrzeby)<br \/>\nG\u0142\u00f3wna struktura: Strona g\u0142\u00f3wna, us\u0142ugi, o nas, Kontakt<br \/>\nPodstawowa optymalizacja pod k\u0105tem urz\u0105dze\u0144 mobilnych i SEO<br \/>\nStrony prawne (Dane wyj\u015bciowe \/ poufne tre\u015bci od klienta)<\/p>\n<p>Opcje cenowe (ceny orientacyjne)<br \/>\n\ud83d\udd39 Podstawowy-od 499 Euro<\/p>\n<p>Onepager lub strona internetowa ma\u0142ej firmy<br \/>\nGotowy projekt (na zam\u00f3wienie)<br \/>\nIdealny dla os\u00f3b samozatrudnionych i lokalnych<br \/>\n\ud83d\udd39 Biznes-od 999 Euro<\/p>\n<p>Wielostronicowa strona internetowa firmy<br \/>\nIndywidualny uk\u0142ad i struktura<br \/>\nFormularz kontaktowy, kalendarz, najlepsza baza SEO<br \/>\n\ud83d\udd39 Premium-od 1500 Euro<\/p>\n<p>Indywidualna strona internetowa<br \/>\nRozszerzenia (blog, wieloj\u0119zyczno\u015b\u0107, systemy rezerwacji)<br \/>\nSkalowalno\u015b\u0107 dla marketingu i wzrostu<br \/>\n\ud83d\udca1 Wskaz\u00f3wka:<br \/>\nDomena, hosting, funkcje i projekt dobieramy indywidualnie \u2013 dobieramy najlepsze rozwi\u0105zanie w zale\u017cno\u015bci od Pa\u0144stwa potrzeb.<\/p>\n<p>Nadaje si\u0119 dla kogo<br \/>\nSamozatrudnieni i przedsi\u0119biorcy<br \/>\nUs\u0142ugodawcy i lokalne firmy<br \/>\nStartupy i rozwijaj\u0105ce si\u0119 firmy<\/p>\n<p>\ud83d\udc49 Um\u00f3w si\u0119 teraz na spotkanie i om\u00f3w projekt<br \/>\nWszystko przejrzyste, bez zobowi\u0105za\u0144-znajdziemy odpowiednie rozwi\u0105zanie dla Twojej firmy.<\/p>\n","protected":false},"excerpt":{"rendered":"<p>Co proponuj\u0119: Stw\u00f3rz profesjonaln\u0105 korporacyjn\u0105 stron\u0119 internetow\u0105 WordPress dostosowan\u0105 do Twojej firmy-przejrzyst\u0105, nowoczesn\u0105 i rozszerzaln\u0105. Rodzaje wydajno\u015bci Strona internetowa firmy (strona firmowa) Strona docelowa (dla Ofert, kampanii, potencjalnych klient\u00f3w) Wizyt\u00f3wka online (kompaktowa i profesjonalna) Oto jak to si\u0119 dzieje \ud83d\udcc5 Wbudowany kalendarz-spotkanie projektowe Umawiasz si\u0119 na spotkanie, omawiamy cele, bran\u017c\u0119, projekt, tre\u015b\u0107 i bud\u017cet. Nast\u0119pnie [&hellip;]<\/p>\n","protected":false},"featured_media":0,"comment_status":"open","ping_status":"closed","template":"","meta":{"_seopress_robots_primary_cat":"","_seopress_titles_title":"","_seopress_titles_desc":"","_seopress_robots_index":"","googlesitekit_rrm_CAowz76iDA:productID":""},"product_brand":[],"product_cat":[1076],"product_tag":[],"class_list":{"0":"post-16454","1":"product","2":"type-product","3":"status-publish","5":"product_cat-listeo-booking-pl","7":"first","8":"instock","9":"downloadable","10":"virtual","11":"sold-individually","12":"taxable","13":"purchasable","14":"product-type-listing_booking"},"_links":{"self":[{"href":"https:\/\/linkmarkt.eu\/en\/wp-json\/wp\/v2\/product\/16454","targetHints":{"allow":["GET"]}}],"collection":[{"href":"https:\/\/linkmarkt.eu\/en\/wp-json\/wp\/v2\/product"}],"about":[{"href":"https:\/\/linkmarkt.eu\/en\/wp-json\/wp\/v2\/types\/product"}],"replies":[{"embeddable":true,"href":"https:\/\/linkmarkt.eu\/en\/wp-json\/wp\/v2\/comments?post=16454"}],"version-history":[{"count":0,"href":"https:\/\/linkmarkt.eu\/en\/wp-json\/wp\/v2\/product\/16454\/revisions"}],"wp:attachment":[{"href":"https:\/\/linkmarkt.eu\/en\/wp-json\/wp\/v2\/media?parent=16454"}],"wp:term":[{"taxonomy":"product_brand","embeddable":true,"href":"https:\/\/linkmarkt.eu\/en\/wp-json\/wp\/v2\/product_brand?post=16454"},{"taxonomy":"product_cat","embeddable":true,"href":"https:\/\/linkmarkt.eu\/en\/wp-json\/wp\/v2\/product_cat?post=16454"},{"taxonomy":"product_tag","embeddable":true,"href":"https:\/\/linkmarkt.eu\/en\/wp-json\/wp\/v2\/product_tag?post=16454"}],"curies":[{"name":"wp","href":"https:\/\/api.w.org\/{rel}","templated":true}]}}