{"id":16487,"date":"2025-12-27T15:35:01","date_gmt":"2025-12-27T14:35:01","guid":{"rendered":"https:\/\/linkmarkt.eu\/product\/kontrola-lipidow-plus-naturalne-wsparcie-cholesterolu-watroby-i-serca\/"},"modified":"2025-12-27T15:35:01","modified_gmt":"2025-12-27T14:35:01","slug":"kontrola-lipidow-plus-naturalne-wsparcie-cholesterolu-watroby-i-serca","status":"publish","type":"product","link":"https:\/\/linkmarkt.eu\/en\/product\/kontrola-lipidow-plus-naturalne-wsparcie-cholesterolu-watroby-i-serca\/","title":{"rendered":"Kontrola lipid\u00f3w Plus-naturalne wsparcie cholesterolu, w\u0105troby i serca"},"content":{"rendered":"<p>Kontrola lipid\u00f3w Plus to wysokiej jako\u015bci wielopoziomowy suplement dla tych, kt\u00f3rzy chc\u0105 utrzyma\u0107 poziom cholesterolu, czynno\u015b\u0107 w\u0105troby i og\u00f3lnie uk\u0142ad sercowo-naczyniowy.<\/p>\n<p>Specjalna formu\u0142a oparta jest na 8 naturalnych sk\u0142adnikach, starannie dobranych w celu regulacji metabolizmu t\u0142uszcz\u00f3w i u\u0142atwienia czynno\u015bci w\u0105troby w codziennym \u017cyciu.<\/p>\n<p>\u2714\ufe0f Zalety Lipid Control Plus:<br \/>\nWspieranie zdrowego profilu lipidowego<br \/>\nWspomaga detoksykacj\u0119 i przep\u0142yw sok\u00f3w trawiennych<br \/>\nPomaga zmniejszy\u0107 gromadzenie si\u0119 t\u0142uszczu w w\u0105trobie<br \/>\nWspomaga rozk\u0142ad i eliminacj\u0119 t\u0142uszcz\u00f3w<br \/>\n, Wspomaga zdrowie serca i prawid\u0142ow\u0105 czynno\u015b\u0107 w\u0105troby<br \/>\nNadaje si\u0119 do codziennego u\u017cytku<br \/>\nKontrola lipid\u00f3w Plus jest idealna dla os\u00f3b, kt\u00f3re chc\u0105 \u015bwiadomie dba\u0107 o swoje zdrowie-naturalnie, bez zb\u0119dnych dodatk\u00f3w.<\/p>\n<p><a href=\"https:\/\/nplink.net\/k1au1fnt\">\ud83d\udc49 Dowiedz si\u0119 wi\u0119cej teraz i spr\u00f3buj<\/a><\/p>\n","protected":false},"excerpt":{"rendered":"<p>Kontrola lipid\u00f3w Plus to wysokiej jako\u015bci wielopoziomowy suplement dla tych, kt\u00f3rzy chc\u0105 utrzyma\u0107 poziom cholesterolu, czynno\u015b\u0107 w\u0105troby i og\u00f3lnie uk\u0142ad sercowo-naczyniowy. Specjalna formu\u0142a oparta jest na 8 naturalnych sk\u0142adnikach, starannie dobranych w celu regulacji metabolizmu t\u0142uszcz\u00f3w i u\u0142atwienia czynno\u015bci w\u0105troby w codziennym \u017cyciu. \u2714\ufe0f Zalety Lipid Control Plus: Wspieranie zdrowego profilu lipidowego Wspomaga detoksykacj\u0119 i [&hellip;]<\/p>\n","protected":false},"featured_media":0,"comment_status":"open","ping_status":"closed","template":"","meta":{"_seopress_robots_primary_cat":"","_seopress_titles_title":"","_seopress_titles_desc":"","_seopress_robots_index":"","googlesitekit_rrm_CAowz76iDA:productID":""},"product_brand":[],"product_cat":[1076],"product_tag":[],"class_list":{"0":"post-16487","1":"product","2":"type-product","3":"status-publish","5":"product_cat-listeo-booking-pl","7":"first","8":"instock","9":"downloadable","10":"virtual","11":"sold-individually","12":"taxable","13":"purchasable","14":"product-type-listing_booking"},"_links":{"self":[{"href":"https:\/\/linkmarkt.eu\/en\/wp-json\/wp\/v2\/product\/16487","targetHints":{"allow":["GET"]}}],"collection":[{"href":"https:\/\/linkmarkt.eu\/en\/wp-json\/wp\/v2\/product"}],"about":[{"href":"https:\/\/linkmarkt.eu\/en\/wp-json\/wp\/v2\/types\/product"}],"replies":[{"embeddable":true,"href":"https:\/\/linkmarkt.eu\/en\/wp-json\/wp\/v2\/comments?post=16487"}],"version-history":[{"count":0,"href":"https:\/\/linkmarkt.eu\/en\/wp-json\/wp\/v2\/product\/16487\/revisions"}],"wp:attachment":[{"href":"https:\/\/linkmarkt.eu\/en\/wp-json\/wp\/v2\/media?parent=16487"}],"wp:term":[{"taxonomy":"product_brand","embeddable":true,"href":"https:\/\/linkmarkt.eu\/en\/wp-json\/wp\/v2\/product_brand?post=16487"},{"taxonomy":"product_cat","embeddable":true,"href":"https:\/\/linkmarkt.eu\/en\/wp-json\/wp\/v2\/product_cat?post=16487"},{"taxonomy":"product_tag","embeddable":true,"href":"https:\/\/linkmarkt.eu\/en\/wp-json\/wp\/v2\/product_tag?post=16487"}],"curies":[{"name":"wp","href":"https:\/\/api.w.org\/{rel}","templated":true}]}}