{"id":16491,"date":"2025-12-28T09:03:31","date_gmt":"2025-12-28T08:03:31","guid":{"rendered":"https:\/\/linkmarkt.eu\/product\/vevor-werkstatt-industriegeraete-starke-technik-zum-fairen-preis\/"},"modified":"2025-12-28T10:00:37","modified_gmt":"2025-12-28T09:00:37","slug":"vevor-werkstatt-industriegeraete-starke-technik-zum-fairen-preis","status":"publish","type":"product","link":"https:\/\/linkmarkt.eu\/en\/product\/vevor-werkstatt-industriegeraete-starke-technik-zum-fairen-preis\/","title":{"rendered":"VEVOR Werkstatt- &#038; Industrieger\u00e4te \u2013 starke Technik zum fairen Preis"},"content":{"rendered":"<p>Professionelle Werkstatt-, Industrie- und Gewerbeger\u00e4te von VEVOR \u2013 ideal f\u00fcr Handwerker, Selbstst\u00e4ndige, Werkst\u00e4tten und kleine Betriebe.<\/p>\n<p>VEVOR bietet robuste Technik f\u00fcr den t\u00e4glichen Einsatz:<br \/>\n\u2714 Maschinen &amp; Werkzeuge<br \/>\n\u2714 Gastronomie- &amp; Gewerbeausstattung<br \/>\n\u2714 Lager- und Transportl\u00f6sungen<br \/>\n\u2714 Werkstattbedarf &amp; Spezialger\u00e4te<\/p>\n<p>\ud83d\udca1 Sehr gutes Preis-Leistungs-Verh\u00e4ltnis<br \/>\n\ud83d\udca1 Schneller Versand aus EU-Lagern<br \/>\n\ud83d\udca1 Gro\u00dfe Auswahl f\u00fcr B2B &amp; private Anwender<\/p>\n<p>\ud83d\udc49 Ideal, wenn du zuverl\u00e4ssige Technik suchst, ohne Premium-Preise zu zahlen.<\/p>\n<p><a href=\"https:\/\/rzekl.com\/g\/b9jm5dg8a871f99d9581fcfaae913b\/\">\ud83d\udc49 Jetzt Angebot ansehen \/ Preise pr\u00fcfen\u00a0<\/a><\/p>\n","protected":false},"excerpt":{"rendered":"<p>Professionelle Werkstatt-, Industrie- und Gewerbeger\u00e4te von VEVOR \u2013 ideal f\u00fcr Handwerker, Selbstst\u00e4ndige, Werkst\u00e4tten und kleine Betriebe. VEVOR bietet robuste Technik f\u00fcr den t\u00e4glichen Einsatz: \u2714 Maschinen &amp; Werkzeuge \u2714 Gastronomie- &amp; Gewerbeausstattung \u2714 Lager- und Transportl\u00f6sungen \u2714 Werkstattbedarf &amp; Spezialger\u00e4te \ud83d\udca1 Sehr gutes Preis-Leistungs-Verh\u00e4ltnis \ud83d\udca1 Schneller Versand aus EU-Lagern \ud83d\udca1 Gro\u00dfe Auswahl f\u00fcr B2B &amp; [&hellip;]<\/p>\n","protected":false},"featured_media":0,"comment_status":"open","ping_status":"closed","template":"","meta":{"_seopress_robots_primary_cat":"","_seopress_titles_title":"","_seopress_titles_desc":"","_seopress_robots_index":"","googlesitekit_rrm_CAowz76iDA:productID":""},"product_brand":[],"product_cat":[21],"product_tag":[],"class_list":{"0":"post-16491","1":"product","2":"type-product","3":"status-publish","5":"product_cat-listeo-booking","7":"first","8":"instock","9":"downloadable","10":"virtual","11":"sold-individually","12":"taxable","13":"purchasable","14":"product-type-listing_booking"},"_links":{"self":[{"href":"https:\/\/linkmarkt.eu\/en\/wp-json\/wp\/v2\/product\/16491","targetHints":{"allow":["GET"]}}],"collection":[{"href":"https:\/\/linkmarkt.eu\/en\/wp-json\/wp\/v2\/product"}],"about":[{"href":"https:\/\/linkmarkt.eu\/en\/wp-json\/wp\/v2\/types\/product"}],"replies":[{"embeddable":true,"href":"https:\/\/linkmarkt.eu\/en\/wp-json\/wp\/v2\/comments?post=16491"}],"version-history":[{"count":4,"href":"https:\/\/linkmarkt.eu\/en\/wp-json\/wp\/v2\/product\/16491\/revisions"}],"predecessor-version":[{"id":16522,"href":"https:\/\/linkmarkt.eu\/en\/wp-json\/wp\/v2\/product\/16491\/revisions\/16522"}],"wp:attachment":[{"href":"https:\/\/linkmarkt.eu\/en\/wp-json\/wp\/v2\/media?parent=16491"}],"wp:term":[{"taxonomy":"product_brand","embeddable":true,"href":"https:\/\/linkmarkt.eu\/en\/wp-json\/wp\/v2\/product_brand?post=16491"},{"taxonomy":"product_cat","embeddable":true,"href":"https:\/\/linkmarkt.eu\/en\/wp-json\/wp\/v2\/product_cat?post=16491"},{"taxonomy":"product_tag","embeddable":true,"href":"https:\/\/linkmarkt.eu\/en\/wp-json\/wp\/v2\/product_tag?post=16491"}],"curies":[{"name":"wp","href":"https:\/\/api.w.org\/{rel}","templated":true}]}}