{"id":16500,"date":"2025-12-28T09:11:01","date_gmt":"2025-12-28T08:11:01","guid":{"rendered":"https:\/\/linkmarkt.eu\/product\/wyposazenie-warsztatow-i-zakladow-przemyslowych-vevor-niezawodne-maszyny-w-rozsadnej-cenie\/"},"modified":"2025-12-28T09:11:01","modified_gmt":"2025-12-28T08:11:01","slug":"wyposazenie-warsztatow-i-zakladow-przemyslowych-vevor-niezawodne-maszyny-w-rozsadnej-cenie","status":"publish","type":"product","link":"https:\/\/linkmarkt.eu\/en\/product\/wyposazenie-warsztatow-i-zakladow-przemyslowych-vevor-niezawodne-maszyny-w-rozsadnej-cenie\/","title":{"rendered":"Wyposa\u017cenie warsztat\u00f3w i zak\u0142ad\u00f3w przemys\u0142owych VEVOR-niezawodne maszyny w rozs\u0105dnej cenie"},"content":{"rendered":"<p>Profesjonalny sprz\u0119t warsztatowy, przemys\u0142owy i komercyjny VEVOR-idealny dla rzemie\u015blnik\u00f3w, samozatrudnionych, warsztat\u00f3w i ma\u0142ych firm.<\/p>\n<p>VEVOR oferuje niezawodn\u0105 technologi\u0119 do codziennego u\u017cytku:<br \/>\n\u2714 Maszyny i narz\u0119dzia<br \/>\n\u2714 Wyposa\u017cenie gastronomii i biznesu<br \/>\n\u2714 Rozwi\u0105zania do przechowywania i transportu<br \/>\n\u2714 Akcesoria warsztatowe i wyposa\u017cenie specjalne<\/p>\n<p>\ud83d\udca1 Bardzo dobry stosunek jako\u015bci do ceny<br \/>\n\ud83d\udca1 Szybka dostawa z magazyn\u00f3w UE<br \/>\n\ud83d\udca1 Du\u017cy wyb\u00f3r dla u\u017cytkownik\u00f3w B2B i prywatnych<\/p>\n<p>\ud83d\udc49 Idealny, je\u015bli szukasz niezawodnego sprz\u0119tu bez p\u0142acenia premii.<\/p>\n<p><a href=\"https:\/\/rzekl.com\/g\/b9jm5dg8a871f99d9581fcfaae913b\/\">\ud83d\udc49 Zobacz ofert\u0119 \/ sprawd\u017a ceny teraz<\/a><\/p>\n","protected":false},"excerpt":{"rendered":"<p>Profesjonalny sprz\u0119t warsztatowy, przemys\u0142owy i komercyjny VEVOR-idealny dla rzemie\u015blnik\u00f3w, samozatrudnionych, warsztat\u00f3w i ma\u0142ych firm. VEVOR oferuje niezawodn\u0105 technologi\u0119 do codziennego u\u017cytku: \u2714 Maszyny i narz\u0119dzia \u2714 Wyposa\u017cenie gastronomii i biznesu \u2714 Rozwi\u0105zania do przechowywania i transportu \u2714 Akcesoria warsztatowe i wyposa\u017cenie specjalne \ud83d\udca1 Bardzo dobry stosunek jako\u015bci do ceny \ud83d\udca1 Szybka dostawa z magazyn\u00f3w UE [&hellip;]<\/p>\n","protected":false},"featured_media":0,"comment_status":"open","ping_status":"closed","template":"","meta":{"_seopress_robots_primary_cat":"","_seopress_titles_title":"","_seopress_titles_desc":"","_seopress_robots_index":"","googlesitekit_rrm_CAowz76iDA:productID":""},"product_brand":[],"product_cat":[1076],"product_tag":[],"class_list":{"0":"post-16500","1":"product","2":"type-product","3":"status-publish","5":"product_cat-listeo-booking-pl","7":"first","8":"instock","9":"downloadable","10":"virtual","11":"sold-individually","12":"taxable","13":"purchasable","14":"product-type-listing_booking"},"_links":{"self":[{"href":"https:\/\/linkmarkt.eu\/en\/wp-json\/wp\/v2\/product\/16500","targetHints":{"allow":["GET"]}}],"collection":[{"href":"https:\/\/linkmarkt.eu\/en\/wp-json\/wp\/v2\/product"}],"about":[{"href":"https:\/\/linkmarkt.eu\/en\/wp-json\/wp\/v2\/types\/product"}],"replies":[{"embeddable":true,"href":"https:\/\/linkmarkt.eu\/en\/wp-json\/wp\/v2\/comments?post=16500"}],"version-history":[{"count":0,"href":"https:\/\/linkmarkt.eu\/en\/wp-json\/wp\/v2\/product\/16500\/revisions"}],"wp:attachment":[{"href":"https:\/\/linkmarkt.eu\/en\/wp-json\/wp\/v2\/media?parent=16500"}],"wp:term":[{"taxonomy":"product_brand","embeddable":true,"href":"https:\/\/linkmarkt.eu\/en\/wp-json\/wp\/v2\/product_brand?post=16500"},{"taxonomy":"product_cat","embeddable":true,"href":"https:\/\/linkmarkt.eu\/en\/wp-json\/wp\/v2\/product_cat?post=16500"},{"taxonomy":"product_tag","embeddable":true,"href":"https:\/\/linkmarkt.eu\/en\/wp-json\/wp\/v2\/product_tag?post=16500"}],"curies":[{"name":"wp","href":"https:\/\/api.w.org\/{rel}","templated":true}]}}