{"id":16504,"date":"2025-12-28T09:33:11","date_gmt":"2025-12-28T08:33:11","guid":{"rendered":"https:\/\/linkmarkt.eu\/product\/schnelle-sichere-geldtransfers-mit-western-union-weltweit-versenden\/"},"modified":"2025-12-28T09:46:17","modified_gmt":"2025-12-28T08:46:17","slug":"schnelle-sichere-geldtransfers-mit-western-union-weltweit-versenden","status":"publish","type":"product","link":"https:\/\/linkmarkt.eu\/en\/product\/schnelle-sichere-geldtransfers-mit-western-union-weltweit-versenden\/","title":{"rendered":"Szybkie i bezpieczne przelewy pieni\u0119\u017cne z Western Union-Wysy\u0142ka na ca\u0142y \u015bwiat"},"content":{"rendered":"<p>Szukasz szybkiego i niezawodnego sposobu wysy\u0142ania lub odbierania pieni\u0119dzy na arenie mi\u0119dzynarodowej?<br \/>\nDzi\u0119ki Western Union\u00ae mo\u017cesz wysy\u0142a\u0107 pieni\u0105dze online, za po\u015brednictwem aplikacji lub osobi\u015bcie w oddziale \u2013 i otrzymywa\u0107 p\u0142atno\u015bci w ci\u0105gu kilku minut w wielu krajach. Przekaz pieni\u0119\u017cny Western Union + 1<\/p>\n<p>\ud83d\udd39 Wysy\u0142aj pieni\u0105dze na ca\u0142ym \u015bwiecie do ponad 200 kraj\u00f3w. Przekaz pieni\u0119\u017cny Western Union<br \/>\n\ud83d\udd39 Wyb\u00f3r mi\u0119dzy przelewem bankowym, got\u00f3wk\u0105 lub rozwi\u0105zaniami mobilnymi. Przekaz pieni\u0119\u017cny Western Union<br \/>\n\ud83d\udd39 Idealny dla rodziny, przyjaci\u00f3\u0142 lub partner\u00f3w biznesowych za granic\u0105.<\/p>\n<p><a href=\"https:\/\/kdbov.com\/g\/kryb7glvg771f99d9581a82f40b179\/\">\ud83d\udc49 Skorzystaj z szybkiego transferu i \u0142atwej obs\u0142ugi<\/a><\/p>\n","protected":false},"excerpt":{"rendered":"<p>Szukasz szybkiego i niezawodnego sposobu wysy\u0142ania lub odbierania pieni\u0119dzy na arenie mi\u0119dzynarodowej? Dzi\u0119ki Western Union\u00ae mo\u017cesz wysy\u0142a\u0107 pieni\u0105dze online, za po\u015brednictwem aplikacji lub osobi\u015bcie w oddziale \u2013 i otrzymywa\u0107 p\u0142atno\u015bci w ci\u0105gu kilku minut w wielu krajach. Przekaz pieni\u0119\u017cny Western Union + 1 \ud83d\udd39 Wysy\u0142aj pieni\u0105dze na ca\u0142ym \u015bwiecie do ponad 200 kraj\u00f3w. Przekaz pieni\u0119\u017cny [&hellip;]<\/p>\n","protected":false},"featured_media":0,"comment_status":"open","ping_status":"closed","template":"","meta":{"_seopress_robots_primary_cat":"","_seopress_titles_title":"","_seopress_titles_desc":"","_seopress_robots_index":"","googlesitekit_rrm_CAowz76iDA:productID":""},"product_brand":[],"product_cat":[21],"product_tag":[],"class_list":{"0":"post-16504","1":"product","2":"type-product","3":"status-publish","5":"product_cat-listeo-booking","7":"first","8":"instock","9":"downloadable","10":"virtual","11":"sold-individually","12":"taxable","13":"purchasable","14":"product-type-listing_booking"},"_links":{"self":[{"href":"https:\/\/linkmarkt.eu\/en\/wp-json\/wp\/v2\/product\/16504","targetHints":{"allow":["GET"]}}],"collection":[{"href":"https:\/\/linkmarkt.eu\/en\/wp-json\/wp\/v2\/product"}],"about":[{"href":"https:\/\/linkmarkt.eu\/en\/wp-json\/wp\/v2\/types\/product"}],"replies":[{"embeddable":true,"href":"https:\/\/linkmarkt.eu\/en\/wp-json\/wp\/v2\/comments?post=16504"}],"version-history":[{"count":3,"href":"https:\/\/linkmarkt.eu\/en\/wp-json\/wp\/v2\/product\/16504\/revisions"}],"predecessor-version":[{"id":16519,"href":"https:\/\/linkmarkt.eu\/en\/wp-json\/wp\/v2\/product\/16504\/revisions\/16519"}],"wp:attachment":[{"href":"https:\/\/linkmarkt.eu\/en\/wp-json\/wp\/v2\/media?parent=16504"}],"wp:term":[{"taxonomy":"product_brand","embeddable":true,"href":"https:\/\/linkmarkt.eu\/en\/wp-json\/wp\/v2\/product_brand?post=16504"},{"taxonomy":"product_cat","embeddable":true,"href":"https:\/\/linkmarkt.eu\/en\/wp-json\/wp\/v2\/product_cat?post=16504"},{"taxonomy":"product_tag","embeddable":true,"href":"https:\/\/linkmarkt.eu\/en\/wp-json\/wp\/v2\/product_tag?post=16504"}],"curies":[{"name":"wp","href":"https:\/\/api.w.org\/{rel}","templated":true}]}}