{"id":16528,"date":"2025-12-29T08:37:45","date_gmt":"2025-12-29T07:37:45","guid":{"rendered":"https:\/\/linkmarkt.eu\/product\/nuvialab-immune-unterstuetzung-fuer-das-immunsystem\/"},"modified":"2025-12-29T08:54:07","modified_gmt":"2025-12-29T07:54:07","slug":"nuvialab-immune-unterstuetzung-fuer-das-immunsystem","status":"publish","type":"product","link":"https:\/\/linkmarkt.eu\/en\/product\/nuvialab-immune-unterstuetzung-fuer-das-immunsystem\/","title":{"rendered":"NuviaLab Immune \u2013 Unterst\u00fctzung f\u00fcr das Immunsystem"},"content":{"rendered":"<p>NuviaLab Immune ist ein Nahrungserg\u00e4nzungsmittel, das das Immunsystem auf umfassende Weise unterst\u00fctzt. Es enth\u00e4lt hochwertige Pflanzenextrakte, die dabei helfen, die Abwehrkr\u00e4fte zu st\u00e4rken und die Regeneration zu beschleunigen. Der Supplement st\u00e4rkt den K\u00f6rper und f\u00f6rdert die allgemeine Gesundheit.<\/p>\n<p>Vorteile von NuviaLab Immune:<\/p>\n<p>Verbesserung des allgemeinen Wohlbefindens<br \/>\nSteigerung der Ausdauer<br \/>\nUnterst\u00fctzung der k\u00f6rpereigenen Abwehrmechanismen<br \/>\nHauptbestandteile:<\/p>\n<p>Extrakt aus japanischer Perlenblume<br \/>\nHefe-Extrakt<br \/>\nExtrakt aus Holunderbeeren<br \/>\nExtrakt aus Wildrosenfr\u00fcchten<br \/>\nZink<br \/>\nRutin<br \/>\nHohe Dosis Vitamin D<br \/>\nIdeal f\u00fcr:<\/p>\n<p>Alle, die ihr Immunsystem st\u00e4rken und ihre Gesundheit verbessern m\u00f6chten.<br \/>\n<a href=\"https:\/\/nplink.net\/mgmfuszb\">Holen Sie sich NuviaLab Immune jetzt und unterst\u00fctzen Sie Ihr Immunsystem! Hier klicken<\/a><\/p>\n<p>&nbsp;<\/p>\n","protected":false},"excerpt":{"rendered":"<p>NuviaLab Immune ist ein Nahrungserg\u00e4nzungsmittel, das das Immunsystem auf umfassende Weise unterst\u00fctzt. Es enth\u00e4lt hochwertige Pflanzenextrakte, die dabei helfen, die Abwehrkr\u00e4fte zu st\u00e4rken und die Regeneration zu beschleunigen. Der Supplement st\u00e4rkt den K\u00f6rper und f\u00f6rdert die allgemeine Gesundheit. Vorteile von NuviaLab Immune: Verbesserung des allgemeinen Wohlbefindens Steigerung der Ausdauer Unterst\u00fctzung der k\u00f6rpereigenen Abwehrmechanismen Hauptbestandteile: Extrakt [&hellip;]<\/p>\n","protected":false},"featured_media":0,"comment_status":"open","ping_status":"closed","template":"","meta":{"_seopress_robots_primary_cat":"","_seopress_titles_title":"","_seopress_titles_desc":"","_seopress_robots_index":"","googlesitekit_rrm_CAowz76iDA:productID":""},"product_brand":[],"product_cat":[21],"product_tag":[],"class_list":{"0":"post-16528","1":"product","2":"type-product","3":"status-publish","5":"product_cat-listeo-booking","7":"first","8":"instock","9":"downloadable","10":"virtual","11":"sold-individually","12":"taxable","13":"purchasable","14":"product-type-listing_booking"},"_links":{"self":[{"href":"https:\/\/linkmarkt.eu\/en\/wp-json\/wp\/v2\/product\/16528","targetHints":{"allow":["GET"]}}],"collection":[{"href":"https:\/\/linkmarkt.eu\/en\/wp-json\/wp\/v2\/product"}],"about":[{"href":"https:\/\/linkmarkt.eu\/en\/wp-json\/wp\/v2\/types\/product"}],"replies":[{"embeddable":true,"href":"https:\/\/linkmarkt.eu\/en\/wp-json\/wp\/v2\/comments?post=16528"}],"version-history":[{"count":4,"href":"https:\/\/linkmarkt.eu\/en\/wp-json\/wp\/v2\/product\/16528\/revisions"}],"predecessor-version":[{"id":16542,"href":"https:\/\/linkmarkt.eu\/en\/wp-json\/wp\/v2\/product\/16528\/revisions\/16542"}],"wp:attachment":[{"href":"https:\/\/linkmarkt.eu\/en\/wp-json\/wp\/v2\/media?parent=16528"}],"wp:term":[{"taxonomy":"product_brand","embeddable":true,"href":"https:\/\/linkmarkt.eu\/en\/wp-json\/wp\/v2\/product_brand?post=16528"},{"taxonomy":"product_cat","embeddable":true,"href":"https:\/\/linkmarkt.eu\/en\/wp-json\/wp\/v2\/product_cat?post=16528"},{"taxonomy":"product_tag","embeddable":true,"href":"https:\/\/linkmarkt.eu\/en\/wp-json\/wp\/v2\/product_tag?post=16528"}],"curies":[{"name":"wp","href":"https:\/\/api.w.org\/{rel}","templated":true}]}}