{"id":16539,"date":"2025-12-29T08:49:33","date_gmt":"2025-12-29T07:49:33","guid":{"rendered":"https:\/\/linkmarkt.eu\/product\/nuvialab-immune-wspomaganie-ukladu-odpornosciowego\/"},"modified":"2025-12-29T08:49:33","modified_gmt":"2025-12-29T07:49:33","slug":"nuvialab-immune-wspomaganie-ukladu-odpornosciowego","status":"publish","type":"product","link":"https:\/\/linkmarkt.eu\/en\/product\/nuvialab-immune-wspomaganie-ukladu-odpornosciowego\/","title":{"rendered":"NuviaLab Immune-Wspomaganie uk\u0142adu odporno\u015bciowego"},"content":{"rendered":"<p>Nuvialab Immune to suplement diety, kt\u00f3ry zapewnia kompleksowe wsparcie dla uk\u0142adu odporno\u015bciowego. Zawiera wysokiej jako\u015bci ekstrakty ro\u015blinne, kt\u00f3re pomagaj\u0105 wzmocni\u0107 mechanizmy obronne i przyspieszy\u0107 regeneracj\u0119. Suplement wzmacnia organizm i poprawia og\u00f3lny stan zdrowia.<\/p>\n<p>Zalety Nuvialab Immune:<\/p>\n<p>Poprawa og\u00f3lnego samopoczucia<br \/>\nZwi\u0119kszenie wytrzyma\u0142o\u015bci<br \/>\nWspieranie mechanizm\u00f3w obronnych organizmu<br \/>\nG\u0142\u00f3wne sk\u0142adniki:<\/p>\n<p>Ekstrakt z kwiatu japo\u0144skiej per\u0142y<br \/>\nEkstrakt dro\u017cd\u017cowy<br \/>\nEkstrakt z czarnego bzu<br \/>\nEkstrakt z owoc\u00f3w dzikiej r\u00f3\u017cy<br \/>\nCynk<br \/>\nRutyna<br \/>\nWysoka dawka witaminy D<br \/>\nIdealny do:<\/p>\n<p>Ka\u017cdy, kto chce wzmocni\u0107 sw\u00f3j uk\u0142ad odporno\u015bciowy i poprawi\u0107 swoje zdrowie.<br \/>\n<a href=\"https:\/\/nplink.net\/eaozj4so\">Uzyskaj odporno\u015b\u0107 na NuviaLab ju\u017c teraz i wspieraj sw\u00f3j uk\u0142ad odporno\u015bciowy! Kliknij tutaj<\/a><\/p>\n","protected":false},"excerpt":{"rendered":"<p>Nuvialab Immune to suplement diety, kt\u00f3ry zapewnia kompleksowe wsparcie dla uk\u0142adu odporno\u015bciowego. Zawiera wysokiej jako\u015bci ekstrakty ro\u015blinne, kt\u00f3re pomagaj\u0105 wzmocni\u0107 mechanizmy obronne i przyspieszy\u0107 regeneracj\u0119. Suplement wzmacnia organizm i poprawia og\u00f3lny stan zdrowia. Zalety Nuvialab Immune: Poprawa og\u00f3lnego samopoczucia Zwi\u0119kszenie wytrzyma\u0142o\u015bci Wspieranie mechanizm\u00f3w obronnych organizmu G\u0142\u00f3wne sk\u0142adniki: Ekstrakt z kwiatu japo\u0144skiej per\u0142y Ekstrakt dro\u017cd\u017cowy Ekstrakt [&hellip;]<\/p>\n","protected":false},"featured_media":0,"comment_status":"open","ping_status":"closed","template":"","meta":{"_seopress_robots_primary_cat":"","_seopress_titles_title":"","_seopress_titles_desc":"","_seopress_robots_index":"","googlesitekit_rrm_CAowz76iDA:productID":""},"product_brand":[],"product_cat":[1076],"product_tag":[],"class_list":{"0":"post-16539","1":"product","2":"type-product","3":"status-publish","5":"product_cat-listeo-booking-pl","7":"first","8":"instock","9":"downloadable","10":"virtual","11":"sold-individually","12":"taxable","13":"purchasable","14":"product-type-listing_booking"},"_links":{"self":[{"href":"https:\/\/linkmarkt.eu\/en\/wp-json\/wp\/v2\/product\/16539","targetHints":{"allow":["GET"]}}],"collection":[{"href":"https:\/\/linkmarkt.eu\/en\/wp-json\/wp\/v2\/product"}],"about":[{"href":"https:\/\/linkmarkt.eu\/en\/wp-json\/wp\/v2\/types\/product"}],"replies":[{"embeddable":true,"href":"https:\/\/linkmarkt.eu\/en\/wp-json\/wp\/v2\/comments?post=16539"}],"version-history":[{"count":0,"href":"https:\/\/linkmarkt.eu\/en\/wp-json\/wp\/v2\/product\/16539\/revisions"}],"wp:attachment":[{"href":"https:\/\/linkmarkt.eu\/en\/wp-json\/wp\/v2\/media?parent=16539"}],"wp:term":[{"taxonomy":"product_brand","embeddable":true,"href":"https:\/\/linkmarkt.eu\/en\/wp-json\/wp\/v2\/product_brand?post=16539"},{"taxonomy":"product_cat","embeddable":true,"href":"https:\/\/linkmarkt.eu\/en\/wp-json\/wp\/v2\/product_cat?post=16539"},{"taxonomy":"product_tag","embeddable":true,"href":"https:\/\/linkmarkt.eu\/en\/wp-json\/wp\/v2\/product_tag?post=16539"}],"curies":[{"name":"wp","href":"https:\/\/api.w.org\/{rel}","templated":true}]}}