{"id":16544,"date":"2025-12-29T09:20:49","date_gmt":"2025-12-29T08:20:49","guid":{"rendered":"https:\/\/linkmarkt.eu\/product\/spirulin-plus-natuerliche-unterstuetzung-fuer-ihren-koerper\/"},"modified":"2025-12-29T09:28:47","modified_gmt":"2025-12-29T08:28:47","slug":"spirulin-plus-natuerliche-unterstuetzung-fuer-ihren-koerper","status":"publish","type":"product","link":"https:\/\/linkmarkt.eu\/en\/product\/spirulin-plus-natuerliche-unterstuetzung-fuer-ihren-koerper\/","title":{"rendered":"Spirulina Plus-naturalne wsparcie dla Twojego organizmu"},"content":{"rendered":"<p>Opis produktu:<br \/>\nSpirulina Plus to pot\u0119\u017cny suplement diety, kt\u00f3ry pomaga organizmowi regulowa\u0107 r\u00f3wnowag\u0119 kwasowo-zasadow\u0105 i usuwa nadmiar p\u0142yn\u00f3w. Wysokiej jako\u015bci alga Spirulina jako g\u0142\u00f3wny sk\u0142adnik zapewnia wiele korzy\u015bci zdrowotnych.<\/p>\n<p>Korzy\u015bci Spirulina Plus:<\/p>\n<p>Przyczynia si\u0119 do zmniejszenia kwasowo\u015bci organizmu<br \/>\nPomaga zmniejszy\u0107 nadmiar wody<br \/>\nWzmacnia uk\u0142ad odporno\u015bciowy<br \/>\nPrzyczynia si\u0119 do og\u00f3lnego dobrego samopoczucia i wigoru<br \/>\nKompozycja:<\/p>\n<p>Ekstrakt z alg spiruliny<br \/>\nWysokiej jako\u015bci sk\u0142adniki ro\u015blinne<br \/>\nDla kogo jest odpowiednia Spirulina Plus?<\/p>\n<p>Idealny dla os\u00f3b, kt\u00f3re chc\u0105 przywr\u00f3ci\u0107 r\u00f3wnowag\u0119 kwasowo-zasadow\u0105<br \/>\nDla tych, kt\u00f3rzy chc\u0105 naturalnie wzmocni\u0107 swoj\u0105 obron\u0119 immunologiczn\u0105<br \/>\nIdealny dla tych, kt\u00f3rzy chc\u0105 poprawi\u0107 sw\u00f3j og\u00f3lny stan zdrowia i czujno\u015b\u0107<br \/>\n<a href=\"https:\/\/nplink.net\/1jt0fers\">Zdob\u0105d\u017a spirulin\u0119 Plus i zr\u00f3b co\u015b po\u017cytecznego dla swojego organizmu!<\/a><\/p>\n","protected":false},"excerpt":{"rendered":"<p>Opis produktu: Spirulina Plus to pot\u0119\u017cny suplement diety, kt\u00f3ry pomaga organizmowi regulowa\u0107 r\u00f3wnowag\u0119 kwasowo-zasadow\u0105 i usuwa nadmiar p\u0142yn\u00f3w. Wysokiej jako\u015bci alga Spirulina jako g\u0142\u00f3wny sk\u0142adnik zapewnia wiele korzy\u015bci zdrowotnych. Korzy\u015bci Spirulina Plus: Przyczynia si\u0119 do zmniejszenia kwasowo\u015bci organizmu Pomaga zmniejszy\u0107 nadmiar wody Wzmacnia uk\u0142ad odporno\u015bciowy Przyczynia si\u0119 do og\u00f3lnego dobrego samopoczucia i wigoru Kompozycja: Ekstrakt [&hellip;]<\/p>\n","protected":false},"featured_media":0,"comment_status":"open","ping_status":"closed","template":"","meta":{"_seopress_robots_primary_cat":"","_seopress_titles_title":"","_seopress_titles_desc":"","_seopress_robots_index":"","googlesitekit_rrm_CAowz76iDA:productID":""},"product_brand":[],"product_cat":[21],"product_tag":[],"class_list":{"0":"post-16544","1":"product","2":"type-product","3":"status-publish","5":"product_cat-listeo-booking","7":"first","8":"instock","9":"downloadable","10":"virtual","11":"sold-individually","12":"taxable","13":"purchasable","14":"product-type-listing_booking"},"_links":{"self":[{"href":"https:\/\/linkmarkt.eu\/en\/wp-json\/wp\/v2\/product\/16544","targetHints":{"allow":["GET"]}}],"collection":[{"href":"https:\/\/linkmarkt.eu\/en\/wp-json\/wp\/v2\/product"}],"about":[{"href":"https:\/\/linkmarkt.eu\/en\/wp-json\/wp\/v2\/types\/product"}],"replies":[{"embeddable":true,"href":"https:\/\/linkmarkt.eu\/en\/wp-json\/wp\/v2\/comments?post=16544"}],"version-history":[{"count":3,"href":"https:\/\/linkmarkt.eu\/en\/wp-json\/wp\/v2\/product\/16544\/revisions"}],"predecessor-version":[{"id":16560,"href":"https:\/\/linkmarkt.eu\/en\/wp-json\/wp\/v2\/product\/16544\/revisions\/16560"}],"wp:attachment":[{"href":"https:\/\/linkmarkt.eu\/en\/wp-json\/wp\/v2\/media?parent=16544"}],"wp:term":[{"taxonomy":"product_brand","embeddable":true,"href":"https:\/\/linkmarkt.eu\/en\/wp-json\/wp\/v2\/product_brand?post=16544"},{"taxonomy":"product_cat","embeddable":true,"href":"https:\/\/linkmarkt.eu\/en\/wp-json\/wp\/v2\/product_cat?post=16544"},{"taxonomy":"product_tag","embeddable":true,"href":"https:\/\/linkmarkt.eu\/en\/wp-json\/wp\/v2\/product_tag?post=16544"}],"curies":[{"name":"wp","href":"https:\/\/api.w.org\/{rel}","templated":true}]}}