{"id":16574,"date":"2025-12-30T12:21:02","date_gmt":"2025-12-30T11:21:02","guid":{"rendered":"https:\/\/linkmarkt.eu\/product\/aktywny-proces-spalania-tluszczu-naturalne-wsparcie-procesu-spalania-tluszczu-i-metabolizmu\/"},"modified":"2025-12-30T12:21:02","modified_gmt":"2025-12-30T11:21:02","slug":"aktywny-proces-spalania-tluszczu-naturalne-wsparcie-procesu-spalania-tluszczu-i-metabolizmu","status":"publish","type":"product","link":"https:\/\/linkmarkt.eu\/en\/product\/aktywny-proces-spalania-tluszczu-naturalne-wsparcie-procesu-spalania-tluszczu-i-metabolizmu\/","title":{"rendered":"Aktywny proces spalania t\u0142uszczu-naturalne wsparcie procesu spalania t\u0142uszczu i metabolizmu"},"content":{"rendered":"<p>Aktywny suplement spalaj\u0105cy t\u0142uszcz to suplement diety dla os\u00f3b, kt\u00f3re chc\u0105 kontrolowa\u0107 swoj\u0105 wag\u0119 i w naturalny spos\u00f3b utrzyma\u0107 sprawno\u015b\u0107 fizyczn\u0105.<\/p>\n<p>Formu\u0142a zawiera 11 starannie wyselekcjonowanych naturalnych sk\u0142adnik\u00f3w, kt\u00f3re dzia\u0142aj\u0105 synergistycznie i wspieraj\u0105 organizm, szczeg\u00f3lnie podczas aktywnego trybu \u017cycia.<\/p>\n<p>Regularne przyjmowanie mo\u017ce pom\u00f3c:<\/p>\n<p>wspomaga\u0107 metabolizm<br \/>\nspalanie t\u0142uszczu w ramach zbilansowanej diety<br \/>\n, stabilizowa\u0107<br \/>\npoziom energii, zmniejszy\u0107 zm\u0119czenie podczas aktywno\u015bci fizycznej<br \/>\nProgram spalaj\u0105cy t\u0142uszcz jest szczeg\u00f3lnie odpowiedni dla os\u00f3b, kt\u00f3re chc\u0105 aktywnie, \u015bwiadomie i naturalnie osi\u0105ga\u0107 swoje cele zwi\u0105zane z sylwetk\u0105 \u2013 jako uzupe\u0142nienie \u0107wicze\u0144 i zbilansowanej diety.<\/p>\n<p>Korzy\u015bci na pierwszy rzut oka:<br \/>\n\u2714 11 naturalnych sk\u0142adnik\u00f3w<br \/>\n\u2714 Wsparcie metabolizmu i energii<br \/>\n\u2714 Odpowiedni dla os\u00f3b aktywnych<br \/>\n\u2714 Bez sztucznych dodatk\u00f3w<br \/>\n\u2714 \u0141atwo integruje si\u0119 z codziennym \u017cyciem<\/p>\n<p>Odpowiedni dla kogo?<br \/>\nDla kobiet i m\u0119\u017cczyzn<br \/>\nDla os\u00f3b aktywnie uprawiaj\u0105cych sport<br \/>\nDla os\u00f3b z \u015bwiadomym od\u017cywianiem<br \/>\nDla tych, kt\u00f3rzy chc\u0105 kontrolowa\u0107 swoj\u0105 wag\u0119<\/p>\n<p><a href=\"https:\/\/nplink.net\/3tcuhthr\">\ud83d\udc49 Wypr\u00f3buj teraz<\/a><\/p>\n","protected":false},"excerpt":{"rendered":"<p>Aktywny suplement spalaj\u0105cy t\u0142uszcz to suplement diety dla os\u00f3b, kt\u00f3re chc\u0105 kontrolowa\u0107 swoj\u0105 wag\u0119 i w naturalny spos\u00f3b utrzyma\u0107 sprawno\u015b\u0107 fizyczn\u0105. Formu\u0142a zawiera 11 starannie wyselekcjonowanych naturalnych sk\u0142adnik\u00f3w, kt\u00f3re dzia\u0142aj\u0105 synergistycznie i wspieraj\u0105 organizm, szczeg\u00f3lnie podczas aktywnego trybu \u017cycia. Regularne przyjmowanie mo\u017ce pom\u00f3c: wspomaga\u0107 metabolizm spalanie t\u0142uszczu w ramach zbilansowanej diety , stabilizowa\u0107 poziom energii, [&hellip;]<\/p>\n","protected":false},"featured_media":0,"comment_status":"open","ping_status":"closed","template":"","meta":{"_seopress_robots_primary_cat":"","_seopress_titles_title":"","_seopress_titles_desc":"","_seopress_robots_index":"","googlesitekit_rrm_CAowz76iDA:productID":""},"product_brand":[],"product_cat":[1076],"product_tag":[],"class_list":{"0":"post-16574","1":"product","2":"type-product","3":"status-publish","5":"product_cat-listeo-booking-pl","7":"first","8":"instock","9":"downloadable","10":"virtual","11":"sold-individually","12":"taxable","13":"purchasable","14":"product-type-listing_booking"},"_links":{"self":[{"href":"https:\/\/linkmarkt.eu\/en\/wp-json\/wp\/v2\/product\/16574","targetHints":{"allow":["GET"]}}],"collection":[{"href":"https:\/\/linkmarkt.eu\/en\/wp-json\/wp\/v2\/product"}],"about":[{"href":"https:\/\/linkmarkt.eu\/en\/wp-json\/wp\/v2\/types\/product"}],"replies":[{"embeddable":true,"href":"https:\/\/linkmarkt.eu\/en\/wp-json\/wp\/v2\/comments?post=16574"}],"version-history":[{"count":0,"href":"https:\/\/linkmarkt.eu\/en\/wp-json\/wp\/v2\/product\/16574\/revisions"}],"wp:attachment":[{"href":"https:\/\/linkmarkt.eu\/en\/wp-json\/wp\/v2\/media?parent=16574"}],"wp:term":[{"taxonomy":"product_brand","embeddable":true,"href":"https:\/\/linkmarkt.eu\/en\/wp-json\/wp\/v2\/product_brand?post=16574"},{"taxonomy":"product_cat","embeddable":true,"href":"https:\/\/linkmarkt.eu\/en\/wp-json\/wp\/v2\/product_cat?post=16574"},{"taxonomy":"product_tag","embeddable":true,"href":"https:\/\/linkmarkt.eu\/en\/wp-json\/wp\/v2\/product_tag?post=16574"}],"curies":[{"name":"wp","href":"https:\/\/api.w.org\/{rel}","templated":true}]}}