{"id":16579,"date":"2026-01-01T09:48:38","date_gmt":"2026-01-01T08:48:38","guid":{"rendered":"https:\/\/linkmarkt.eu\/product\/nuvialab-sugar-control-unterstuetzung-fuer-einen-stabilen-blutzuckerspiegel\/"},"modified":"2026-01-01T10:03:50","modified_gmt":"2026-01-01T09:03:50","slug":"nuvialab-sugar-control-unterstuetzung-fuer-einen-stabilen-blutzuckerspiegel","status":"publish","type":"product","link":"https:\/\/linkmarkt.eu\/en\/product\/nuvialab-sugar-control-unterstuetzung-fuer-einen-stabilen-blutzuckerspiegel\/","title":{"rendered":"NuviaLab Sugar Control \u2013 Unterst\u00fctzung f\u00fcr einen stabilen Blutzuckerspiegel"},"content":{"rendered":"<p>NuviaLab Sugar Control ist ein hochwertiges Nahrungserg\u00e4nzungsmittel, das die Aufrechterhaltung eines normalen Blutzuckerspiegels unterst\u00fctzt. Die regelm\u00e4\u00dfige Einnahme kann den Stoffwechsel von Makron\u00e4hrstoffen f\u00f6rdern, zur hormonellen Balance beitragen und das allgemeine Wohlbefinden unterst\u00fctzen.<\/p>\n<p>Die sorgf\u00e4ltig ausgew\u00e4hlte Formel kann au\u00dferdem helfen, das S\u00e4ttigungsgef\u00fchl zu unterst\u00fctzen und Hei\u00dfhunger zu reduzieren \u2013 ideal f\u00fcr Menschen, die bewusst auf ihre Ern\u00e4hrung und ihren Lebensstil achten.<\/p>\n<p>Warum NuviaLab Sugar Control?<br \/>\nUnterst\u00fctzung eines normalen Blutzuckerspiegels<br \/>\nF\u00f6rderung eines gesunden Stoffwechsels<br \/>\nBeitrag zu mehr Energie im Alltag<br \/>\nUnterst\u00fctzung bei der Kontrolle des Appetits<br \/>\nIdeal als Erg\u00e4nzung zu einer ausgewogenen Ern\u00e4hrung<br \/>\n9 aufeinander abgestimmte Inhaltsstoffe<br \/>\nNuviaLab Sugar Control kombiniert 9 hochwertige Inhaltsstoffe, darunter zertifizierte Pflanzenextrakte sowie ausgew\u00e4hlte Vitamine und Mineralstoffe. Die Inhaltsstoffe wurden so zusammengestellt, dass sie sich gegenseitig optimal erg\u00e4nzen.<\/p>\n<p>F\u00fcr wen geeignet?<br \/>\nF\u00fcr Personen, die ihren Blutzucker bewusst im Blick behalten m\u00f6chten<br \/>\nF\u00fcr Menschen mit einem aktiven Lebensstil<br \/>\nF\u00fcr alle, die ihre t\u00e4gliche Ern\u00e4hrung sinnvoll erg\u00e4nzen wollen<br \/>\n\ud83d\udce6 Form: Kapseln<br \/>\n\ud83c\udde9\ud83c\uddea Produkt f\u00fcr den deutschen Markt<br \/>\n\u26a0\ufe0f Nahrungserg\u00e4nzungsmittel \u2013 kein Ersatz f\u00fcr eine ausgewogene Ern\u00e4hrung<\/p>\n<p><a href=\"https:\/\/nplink.net\/7sor1ddb\">\ud83d\udc49 Jetzt ansehen &amp; bestellen<\/a><\/p>\n","protected":false},"excerpt":{"rendered":"<p>NuviaLab Sugar Control ist ein hochwertiges Nahrungserg\u00e4nzungsmittel, das die Aufrechterhaltung eines normalen Blutzuckerspiegels unterst\u00fctzt. Die regelm\u00e4\u00dfige Einnahme kann den Stoffwechsel von Makron\u00e4hrstoffen f\u00f6rdern, zur hormonellen Balance beitragen und das allgemeine Wohlbefinden unterst\u00fctzen. Die sorgf\u00e4ltig ausgew\u00e4hlte Formel kann au\u00dferdem helfen, das S\u00e4ttigungsgef\u00fchl zu unterst\u00fctzen und Hei\u00dfhunger zu reduzieren \u2013 ideal f\u00fcr Menschen, die bewusst auf ihre [&hellip;]<\/p>\n","protected":false},"featured_media":0,"comment_status":"open","ping_status":"closed","template":"","meta":{"_seopress_robots_primary_cat":"","_seopress_titles_title":"","_seopress_titles_desc":"","_seopress_robots_index":"","googlesitekit_rrm_CAowz76iDA:productID":""},"product_brand":[],"product_cat":[21],"product_tag":[],"class_list":{"0":"post-16579","1":"product","2":"type-product","3":"status-publish","5":"product_cat-listeo-booking","7":"first","8":"instock","9":"downloadable","10":"virtual","11":"sold-individually","12":"taxable","13":"purchasable","14":"product-type-listing_booking"},"_links":{"self":[{"href":"https:\/\/linkmarkt.eu\/en\/wp-json\/wp\/v2\/product\/16579","targetHints":{"allow":["GET"]}}],"collection":[{"href":"https:\/\/linkmarkt.eu\/en\/wp-json\/wp\/v2\/product"}],"about":[{"href":"https:\/\/linkmarkt.eu\/en\/wp-json\/wp\/v2\/types\/product"}],"replies":[{"embeddable":true,"href":"https:\/\/linkmarkt.eu\/en\/wp-json\/wp\/v2\/comments?post=16579"}],"version-history":[{"count":4,"href":"https:\/\/linkmarkt.eu\/en\/wp-json\/wp\/v2\/product\/16579\/revisions"}],"predecessor-version":[{"id":16596,"href":"https:\/\/linkmarkt.eu\/en\/wp-json\/wp\/v2\/product\/16579\/revisions\/16596"}],"wp:attachment":[{"href":"https:\/\/linkmarkt.eu\/en\/wp-json\/wp\/v2\/media?parent=16579"}],"wp:term":[{"taxonomy":"product_brand","embeddable":true,"href":"https:\/\/linkmarkt.eu\/en\/wp-json\/wp\/v2\/product_brand?post=16579"},{"taxonomy":"product_cat","embeddable":true,"href":"https:\/\/linkmarkt.eu\/en\/wp-json\/wp\/v2\/product_cat?post=16579"},{"taxonomy":"product_tag","embeddable":true,"href":"https:\/\/linkmarkt.eu\/en\/wp-json\/wp\/v2\/product_tag?post=16579"}],"curies":[{"name":"wp","href":"https:\/\/api.w.org\/{rel}","templated":true}]}}