{"id":16592,"date":"2026-01-01T09:58:24","date_gmt":"2026-01-01T08:58:24","guid":{"rendered":"https:\/\/linkmarkt.eu\/product\/kontrola-poziomu-cukru-we-krwi-nuvialab-utrzymanie-stabilnego-poziomu-cukru-we-krwi\/"},"modified":"2026-01-01T09:58:24","modified_gmt":"2026-01-01T08:58:24","slug":"kontrola-poziomu-cukru-we-krwi-nuvialab-utrzymanie-stabilnego-poziomu-cukru-we-krwi","status":"publish","type":"product","link":"https:\/\/linkmarkt.eu\/en\/product\/kontrola-poziomu-cukru-we-krwi-nuvialab-utrzymanie-stabilnego-poziomu-cukru-we-krwi\/","title":{"rendered":"Kontrola poziomu cukru we krwi NuviaLab-utrzymanie stabilnego poziomu cukru we krwi"},"content":{"rendered":"<p>NuviaLab Sugar Control to wysokiej jako\u015bci suplement diety, kt\u00f3ry pomaga utrzyma\u0107 prawid\u0142owy poziom cukru we krwi. Regularne przyjmowanie mo\u017ce promowa\u0107 metabolizm makrosk\u0142adnik\u00f3w od\u017cywczych, promowa\u0107 r\u00f3wnowag\u0119 hormonaln\u0105 i wspiera\u0107 og\u00f3lne samopoczucie.<\/p>\n<p>Starannie dobrana formu\u0142a mo\u017ce r\u00f3wnie\u017c pom\u00f3c poprawi\u0107 uczucie syto\u015bci i zmniejszy\u0107 apetyt &#8211; idealny dla os\u00f3b, kt\u00f3re zwracaj\u0105 szczeg\u00f3ln\u0105 uwag\u0119 na swoje od\u017cywianie i styl \u017cycia.<\/p>\n<p>Dlaczego potrzebna jest kontrola cukru NuviaLab?<br \/>\nUtrzymuj prawid\u0142owy poziom cukru we krwi<br \/>\nPromuj zdrowy metabolizm<br \/>\nPromuj wzrost energii w \u017cyciu codziennym<br \/>\nPomoc w kontrolowaniu apetytu<br \/>\nIdealny jako dodatek do zbilansowanej diety<br \/>\n9 sk\u0142adnik\u00f3w dobranych do siebie<br \/>\nNuviaLab Sugar Control \u0142\u0105czy w sobie 9 wysokiej jako\u015bci sk\u0142adnik\u00f3w, w tym certyfikowane ekstrakty ro\u015blinne oraz wybrane witaminy i minera\u0142y. Sk\u0142adniki zosta\u0142y opracowane w taki spos\u00f3b, aby optymalnie si\u0119 uzupe\u0142nia\u0142y.<\/p>\n<p>Odpowiedni dla kogo?<br \/>\nDla os\u00f3b, kt\u00f3re chc\u0105 \u015bwiadomie monitorowa\u0107 poziom cukru we krwi<br \/>\nDla os\u00f3b prowadz\u0105cych aktywny tryb \u017cycia<br \/>\nDla wszystkich, kt\u00f3rzy chc\u0105 racjonalnie uzupe\u0142ni\u0107 swoj\u0105 codzienn\u0105 diet\u0119<br \/>\n\ud83d\udce6 Forma: Kapsu\u0142ki<br \/>\n\ud83c\udde9 \ud83c\uddea Produkt na rynek niemiecki<br \/>\n\u26a0\ufe0f Suplementy diety nie zast\u0119puj\u0105 zbilansowanej diety<\/p>\n<p><a href=\"https:\/\/nplink.net\/7sor1ddb\">\ud83d\udc49 Obejrzyj i zam\u00f3w teraz<\/a><\/p>\n","protected":false},"excerpt":{"rendered":"<p>NuviaLab Sugar Control to wysokiej jako\u015bci suplement diety, kt\u00f3ry pomaga utrzyma\u0107 prawid\u0142owy poziom cukru we krwi. Regularne przyjmowanie mo\u017ce promowa\u0107 metabolizm makrosk\u0142adnik\u00f3w od\u017cywczych, promowa\u0107 r\u00f3wnowag\u0119 hormonaln\u0105 i wspiera\u0107 og\u00f3lne samopoczucie. Starannie dobrana formu\u0142a mo\u017ce r\u00f3wnie\u017c pom\u00f3c poprawi\u0107 uczucie syto\u015bci i zmniejszy\u0107 apetyt &#8211; idealny dla os\u00f3b, kt\u00f3re zwracaj\u0105 szczeg\u00f3ln\u0105 uwag\u0119 na swoje od\u017cywianie i styl [&hellip;]<\/p>\n","protected":false},"featured_media":0,"comment_status":"open","ping_status":"closed","template":"","meta":{"_seopress_robots_primary_cat":"","_seopress_titles_title":"","_seopress_titles_desc":"","_seopress_robots_index":"","googlesitekit_rrm_CAowz76iDA:productID":""},"product_brand":[],"product_cat":[1076],"product_tag":[],"class_list":{"0":"post-16592","1":"product","2":"type-product","3":"status-publish","5":"product_cat-listeo-booking-pl","7":"first","8":"instock","9":"downloadable","10":"virtual","11":"sold-individually","12":"taxable","13":"purchasable","14":"product-type-listing_booking"},"_links":{"self":[{"href":"https:\/\/linkmarkt.eu\/en\/wp-json\/wp\/v2\/product\/16592","targetHints":{"allow":["GET"]}}],"collection":[{"href":"https:\/\/linkmarkt.eu\/en\/wp-json\/wp\/v2\/product"}],"about":[{"href":"https:\/\/linkmarkt.eu\/en\/wp-json\/wp\/v2\/types\/product"}],"replies":[{"embeddable":true,"href":"https:\/\/linkmarkt.eu\/en\/wp-json\/wp\/v2\/comments?post=16592"}],"version-history":[{"count":0,"href":"https:\/\/linkmarkt.eu\/en\/wp-json\/wp\/v2\/product\/16592\/revisions"}],"wp:attachment":[{"href":"https:\/\/linkmarkt.eu\/en\/wp-json\/wp\/v2\/media?parent=16592"}],"wp:term":[{"taxonomy":"product_brand","embeddable":true,"href":"https:\/\/linkmarkt.eu\/en\/wp-json\/wp\/v2\/product_brand?post=16592"},{"taxonomy":"product_cat","embeddable":true,"href":"https:\/\/linkmarkt.eu\/en\/wp-json\/wp\/v2\/product_cat?post=16592"},{"taxonomy":"product_tag","embeddable":true,"href":"https:\/\/linkmarkt.eu\/en\/wp-json\/wp\/v2\/product_tag?post=16592"}],"curies":[{"name":"wp","href":"https:\/\/api.w.org\/{rel}","templated":true}]}}