{"id":16598,"date":"2026-01-02T08:59:00","date_gmt":"2026-01-02T07:59:00","guid":{"rendered":"https:\/\/linkmarkt.eu\/product\/kostenlos-inserieren-neue-verkaufsplattform-sucht-anbieter\/"},"modified":"2026-01-03T16:59:27","modified_gmt":"2026-01-03T15:59:27","slug":"kostenlos-inserieren-neue-verkaufsplattform-sucht-anbieter","status":"publish","type":"product","link":"https:\/\/linkmarkt.eu\/en\/product\/kostenlos-inserieren-neue-verkaufsplattform-sucht-anbieter\/","title":{"rendered":"Reklama za darmo-nowa platforma handlowa szuka dostawc\u00f3w"},"content":{"rendered":"<p>Chcesz przyci\u0105gn\u0105\u0107 wi\u0119cej klient\u00f3w?<\/p>\n<p>LinkMarkt to nowa platforma internetowa dla reklam, produkt\u00f3w i us\u0142ug.<\/p>\n<p>\ud83d\udd39 Idealny dla sprzedawc\u00f3w, samozatrudnionych i ma\u0142ych firm<br \/>\n\ud83d\udd39 Wysoka widoczno\u015b\u0107 dla pierwszych dostawc\u00f3w<br \/>\n\ud83d\udd39 W\u0142asny sklep i reklama w jednym miejscu<br \/>\n\ud83d\udd39 Reklamuj si\u0119 teraz za darmo<\/p>\n<p>\ud83d\udc49 Zacznij ju\u017c teraz i zajmij swoje miejsce, zanim wprowadzimy p\u0142atne pakiety.<\/p>\n<p>\u00bf Pytania? Napisz bezpo\u015brednio na WhatsApp: +4915218208611<\/p>\n","protected":false},"excerpt":{"rendered":"<p>Chcesz przyci\u0105gn\u0105\u0107 wi\u0119cej klient\u00f3w? LinkMarkt to nowa platforma internetowa dla reklam, produkt\u00f3w i us\u0142ug. \ud83d\udd39 Idealny dla sprzedawc\u00f3w, samozatrudnionych i ma\u0142ych firm \ud83d\udd39 Wysoka widoczno\u015b\u0107 dla pierwszych dostawc\u00f3w \ud83d\udd39 W\u0142asny sklep i reklama w jednym miejscu \ud83d\udd39 Reklamuj si\u0119 teraz za darmo \ud83d\udc49 Zacznij ju\u017c teraz i zajmij swoje miejsce, zanim wprowadzimy p\u0142atne pakiety. \u00bf [&hellip;]<\/p>\n","protected":false},"featured_media":0,"comment_status":"open","ping_status":"closed","template":"","meta":{"_seopress_robots_primary_cat":"","_seopress_titles_title":"","_seopress_titles_desc":"","_seopress_robots_index":"","googlesitekit_rrm_CAowz76iDA:productID":""},"product_brand":[],"product_cat":[21],"product_tag":[],"class_list":{"0":"post-16598","1":"product","2":"type-product","3":"status-publish","5":"product_cat-listeo-booking","7":"first","8":"instock","9":"downloadable","10":"virtual","11":"sold-individually","12":"taxable","13":"purchasable","14":"product-type-listing_booking"},"_links":{"self":[{"href":"https:\/\/linkmarkt.eu\/en\/wp-json\/wp\/v2\/product\/16598","targetHints":{"allow":["GET"]}}],"collection":[{"href":"https:\/\/linkmarkt.eu\/en\/wp-json\/wp\/v2\/product"}],"about":[{"href":"https:\/\/linkmarkt.eu\/en\/wp-json\/wp\/v2\/types\/product"}],"replies":[{"embeddable":true,"href":"https:\/\/linkmarkt.eu\/en\/wp-json\/wp\/v2\/comments?post=16598"}],"version-history":[{"count":3,"href":"https:\/\/linkmarkt.eu\/en\/wp-json\/wp\/v2\/product\/16598\/revisions"}],"predecessor-version":[{"id":16610,"href":"https:\/\/linkmarkt.eu\/en\/wp-json\/wp\/v2\/product\/16598\/revisions\/16610"}],"wp:attachment":[{"href":"https:\/\/linkmarkt.eu\/en\/wp-json\/wp\/v2\/media?parent=16598"}],"wp:term":[{"taxonomy":"product_brand","embeddable":true,"href":"https:\/\/linkmarkt.eu\/en\/wp-json\/wp\/v2\/product_brand?post=16598"},{"taxonomy":"product_cat","embeddable":true,"href":"https:\/\/linkmarkt.eu\/en\/wp-json\/wp\/v2\/product_cat?post=16598"},{"taxonomy":"product_tag","embeddable":true,"href":"https:\/\/linkmarkt.eu\/en\/wp-json\/wp\/v2\/product_tag?post=16598"}],"curies":[{"name":"wp","href":"https:\/\/api.w.org\/{rel}","templated":true}]}}