{"id":16830,"date":"2026-01-04T15:21:55","date_gmt":"2026-01-04T14:21:55","guid":{"rendered":"https:\/\/linkmarkt.eu\/product\/fibre-select-wysokiej-jakosci-blonnik-niezbednych-substancji-do-codziennego-wspomagania\/"},"modified":"2026-01-04T15:21:55","modified_gmt":"2026-01-04T14:21:55","slug":"fibre-select-wysokiej-jakosci-blonnik-niezbednych-substancji-do-codziennego-wspomagania","status":"publish","type":"product","link":"https:\/\/linkmarkt.eu\/en\/product\/fibre-select-wysokiej-jakosci-blonnik-niezbednych-substancji-do-codziennego-wspomagania\/","title":{"rendered":"Fibre Select-Wysokiej Jako\u015bci b\u0142onnik niezb\u0119dnych substancji do codziennego wspomagania"},"content":{"rendered":"<p>Fibre Select to wysokiej jako\u015bci sproszkowane w\u0142\u00f3kno zawieraj\u0105ce wa\u017cne substancje, kt\u00f3re pomaga organizmowi codziennie trawi\u0107 pokarm i poprawia og\u00f3lne samopoczucie. Dzi\u0119ki neutralnemu smakowi produkt \u0142atwo miesza si\u0119 z wod\u0105, jogurtem lub napojem bezalkoholowym. Zawarty w nim b\u0142onnik wspomaga naturalne trawienie i pomaga organizmowi czu\u0107 si\u0119 komfortowo. Wielu u\u017cytkownik\u00f3w zg\u0142asza zauwa\u017caln\u0105 popraw\u0119 samopoczucia ju\u017c po kilku dniach. Wysokiej jako\u015bci wybrane sk\u0142adniki, \u0142atwo rozpuszczalny proszek, \u0142atwy do zastosowania w codziennym \u017cyciu. Wymieszaj proszek w wodzie, jogurcie lub napoju niegazowanym i pij. Suplementy diety nie zast\u0119puj\u0105 zbilansowanej diety i zdrowego stylu \u017cycia. <a href=\"https:\/\/nplink.net\/byw8wp3c\">Zam\u00f3w teraz i znacznie popraw swoje samopoczucie!<\/a><\/p>\n","protected":false},"excerpt":{"rendered":"<p>Fibre Select to wysokiej jako\u015bci sproszkowane w\u0142\u00f3kno zawieraj\u0105ce wa\u017cne substancje, kt\u00f3re pomaga organizmowi codziennie trawi\u0107 pokarm i poprawia og\u00f3lne samopoczucie. Dzi\u0119ki neutralnemu smakowi produkt \u0142atwo miesza si\u0119 z wod\u0105, jogurtem lub napojem bezalkoholowym. Zawarty w nim b\u0142onnik wspomaga naturalne trawienie i pomaga organizmowi czu\u0107 si\u0119 komfortowo. Wielu u\u017cytkownik\u00f3w zg\u0142asza zauwa\u017caln\u0105 popraw\u0119 samopoczucia ju\u017c po kilku [&hellip;]<\/p>\n","protected":false},"featured_media":0,"comment_status":"open","ping_status":"closed","template":"","meta":{"_seopress_robots_primary_cat":"","_seopress_titles_title":"","_seopress_titles_desc":"","_seopress_robots_index":"","googlesitekit_rrm_CAowz76iDA:productID":""},"product_brand":[],"product_cat":[1076],"product_tag":[],"class_list":{"0":"post-16830","1":"product","2":"type-product","3":"status-publish","5":"product_cat-listeo-booking-pl","7":"first","8":"instock","9":"downloadable","10":"virtual","11":"sold-individually","12":"taxable","13":"purchasable","14":"product-type-listing_booking"},"_links":{"self":[{"href":"https:\/\/linkmarkt.eu\/en\/wp-json\/wp\/v2\/product\/16830","targetHints":{"allow":["GET"]}}],"collection":[{"href":"https:\/\/linkmarkt.eu\/en\/wp-json\/wp\/v2\/product"}],"about":[{"href":"https:\/\/linkmarkt.eu\/en\/wp-json\/wp\/v2\/types\/product"}],"replies":[{"embeddable":true,"href":"https:\/\/linkmarkt.eu\/en\/wp-json\/wp\/v2\/comments?post=16830"}],"version-history":[{"count":0,"href":"https:\/\/linkmarkt.eu\/en\/wp-json\/wp\/v2\/product\/16830\/revisions"}],"wp:attachment":[{"href":"https:\/\/linkmarkt.eu\/en\/wp-json\/wp\/v2\/media?parent=16830"}],"wp:term":[{"taxonomy":"product_brand","embeddable":true,"href":"https:\/\/linkmarkt.eu\/en\/wp-json\/wp\/v2\/product_brand?post=16830"},{"taxonomy":"product_cat","embeddable":true,"href":"https:\/\/linkmarkt.eu\/en\/wp-json\/wp\/v2\/product_cat?post=16830"},{"taxonomy":"product_tag","embeddable":true,"href":"https:\/\/linkmarkt.eu\/en\/wp-json\/wp\/v2\/product_tag?post=16830"}],"curies":[{"name":"wp","href":"https:\/\/api.w.org\/{rel}","templated":true}]}}