{"id":16859,"date":"2026-01-05T12:38:14","date_gmt":"2026-01-05T11:38:14","guid":{"rendered":"https:\/\/linkmarkt.eu\/product\/professionelles-social-media-management-fanpage-betreuung-fuer-ihr-unternehmen\/"},"modified":"2026-01-05T13:13:02","modified_gmt":"2026-01-05T12:13:02","slug":"professionelles-social-media-management-fanpage-betreuung-fuer-ihr-unternehmen","status":"publish","type":"product","link":"https:\/\/linkmarkt.eu\/en\/product\/professionelles-social-media-management-fanpage-betreuung-fuer-ihr-unternehmen\/","title":{"rendered":"Profesjonalne zarz\u0105dzanie mediami spo\u0142eczno\u015bciowymi-wsparcie twojej firmy na fanpage"},"content":{"rendered":"<p>Facebook Instagram: zwi\u0119ksz widoczno\u015b\u0107 swojej firmy na Facebooku i Instagramie dzi\u0119ki naszemu profesjonalnemu zarz\u0105dzaniu mediami spo\u0142eczno\u015bciowymi. Oferujemy niestandardowe pakiety us\u0142ug dla firm ka\u017cdej wielko\u015bci-od ma\u0142ych startup\u00f3w po firmy dzia\u0142aj\u0105ce na rynku.<\/p>\n<p>Nasze us\u0142ugi obejmuj\u0105:<\/p>\n<p>Facebook Instagram: tworzenie i optymalizacja strony biznesowej na Facebooku i Instagramie<\/p>\n<p>Regularne publikowanie, historie i tworzenie tre\u015bci<\/p>\n<p>Zaanga\u017cowanie klient\u00f3w i zarz\u0105dzanie spo\u0142eczno\u015bci\u0105<\/p>\n<p>Miesi\u0119czne raporty i analizy wydajno\u015bci<\/p>\n<p>Zalety naszych pakiet\u00f3w:<\/p>\n<p>Ka\u017cdy klient otrzymuje w\u0142asne konto mened\u017cera w Meta<\/p>\n<p>Bezpo\u015bredni dost\u0119p i zarz\u0105dzanie za po\u015brednictwem konta<\/p>\n<p>Przejrzysta struktura cenowa bez ukrytych koszt\u00f3w<\/p>\n<p>Pakiety i ceny<\/p>\n<p>1\ufe0f\u20e3 Pakiet Podstawowy &#8211; 299 euro miesi\u0119cznie<\/p>\n<p>8 post\u00f3w miesi\u0119cznie<\/p>\n<p>Zarz\u0105dzanie spo\u0142eczno\u015bci\u0105 (odpowiadanie na posty i komentarze)<\/p>\n<p>Miesi\u0119czny raport skuteczno\u015bci<\/p>\n<p>2\ufe0f\u20e3 Pakiet standardowy &#8211; 499 Euro miesi\u0119cznie<\/p>\n<p>12 post\u00f3w miesi\u0119cznie<\/p>\n<p>Historie i ma\u0142e kampanie<\/p>\n<p>Zarz\u0105dzanie spo\u0142eczno\u015bci\u0105 + zaanga\u017cowanie obserwuj\u0105cych<\/p>\n<p>Miesi\u0119czny raport wydajno\u015bci + rekomendacje<\/p>\n<p>3\ufe0f\u20e3 pakiet Premium &#8211; 799 Euro miesi\u0119cznie<\/p>\n<p>20 post\u00f3w miesi\u0119cznie<\/p>\n<p>Historie, kampanie i zarz\u0105dzanie reklamami<\/p>\n<p>Pe\u0142ne zarz\u0105dzanie spo\u0142eczno\u015bci\u0105<\/p>\n<p>Szczeg\u00f3\u0142owa analiza i zalecenia strategiczne<\/p>\n<p>Dost\u0119p do w\u0142asnego konta mened\u017cera w celu bezpo\u015bredniej kontroli<\/p>\n<p>Um\u00f3w si\u0119 teraz i przenie\u015b swoj\u0105 obecno\u015b\u0107 w mediach spo\u0142eczno\u015bciowych na wy\u017cszy poziom!<br \/>\nDzi\u0119ki naszemu systemowi masz bezpo\u015bredni dost\u0119p do swojego konta mened\u017cera i pe\u0142n\u0105 kontrol\u0119 nad swoimi kampaniami.<\/p>\n","protected":false},"excerpt":{"rendered":"<p>Facebook Instagram: zwi\u0119ksz widoczno\u015b\u0107 swojej firmy na Facebooku i Instagramie dzi\u0119ki naszemu profesjonalnemu zarz\u0105dzaniu mediami spo\u0142eczno\u015bciowymi. Oferujemy niestandardowe pakiety us\u0142ug dla firm ka\u017cdej wielko\u015bci-od ma\u0142ych startup\u00f3w po firmy dzia\u0142aj\u0105ce na rynku. Nasze us\u0142ugi obejmuj\u0105: Facebook Instagram: tworzenie i optymalizacja strony biznesowej na Facebooku i Instagramie Regularne publikowanie, historie i tworzenie tre\u015bci Zaanga\u017cowanie klient\u00f3w i zarz\u0105dzanie [&hellip;]<\/p>\n","protected":false},"featured_media":0,"comment_status":"open","ping_status":"closed","template":"","meta":{"_seopress_robots_primary_cat":"","_seopress_titles_title":"","_seopress_titles_desc":"","_seopress_robots_index":"","googlesitekit_rrm_CAowz76iDA:productID":""},"product_brand":[],"product_cat":[21],"product_tag":[],"class_list":{"0":"post-16859","1":"product","2":"type-product","3":"status-publish","5":"product_cat-listeo-booking","7":"first","8":"instock","9":"downloadable","10":"virtual","11":"sold-individually","12":"taxable","13":"purchasable","14":"product-type-listing_booking"},"_links":{"self":[{"href":"https:\/\/linkmarkt.eu\/en\/wp-json\/wp\/v2\/product\/16859","targetHints":{"allow":["GET"]}}],"collection":[{"href":"https:\/\/linkmarkt.eu\/en\/wp-json\/wp\/v2\/product"}],"about":[{"href":"https:\/\/linkmarkt.eu\/en\/wp-json\/wp\/v2\/types\/product"}],"replies":[{"embeddable":true,"href":"https:\/\/linkmarkt.eu\/en\/wp-json\/wp\/v2\/comments?post=16859"}],"version-history":[{"count":3,"href":"https:\/\/linkmarkt.eu\/en\/wp-json\/wp\/v2\/product\/16859\/revisions"}],"predecessor-version":[{"id":16871,"href":"https:\/\/linkmarkt.eu\/en\/wp-json\/wp\/v2\/product\/16859\/revisions\/16871"}],"wp:attachment":[{"href":"https:\/\/linkmarkt.eu\/en\/wp-json\/wp\/v2\/media?parent=16859"}],"wp:term":[{"taxonomy":"product_brand","embeddable":true,"href":"https:\/\/linkmarkt.eu\/en\/wp-json\/wp\/v2\/product_brand?post=16859"},{"taxonomy":"product_cat","embeddable":true,"href":"https:\/\/linkmarkt.eu\/en\/wp-json\/wp\/v2\/product_cat?post=16859"},{"taxonomy":"product_tag","embeddable":true,"href":"https:\/\/linkmarkt.eu\/en\/wp-json\/wp\/v2\/product_tag?post=16859"}],"curies":[{"name":"wp","href":"https:\/\/api.w.org\/{rel}","templated":true}]}}