{"id":16895,"date":"2026-01-06T12:54:23","date_gmt":"2026-01-06T11:54:23","guid":{"rendered":"https:\/\/linkmarkt.eu\/product\/die-besten-hoerbuecher-auf-audible-de-entdecken-bestseller-klassiker-und-neuerscheinungen-2\/"},"modified":"2026-01-06T13:27:16","modified_gmt":"2026-01-06T12:27:16","slug":"die-besten-hoerbuecher-auf-audible-de-entdecken-bestseller-klassiker-und-neuerscheinungen-2","status":"publish","type":"product","link":"https:\/\/linkmarkt.eu\/en\/product\/die-besten-hoerbuecher-auf-audible-de-entdecken-bestseller-klassiker-und-neuerscheinungen-2\/","title":{"rendered":"Die besten H\u00f6rb\u00fccher auf Audible.de entdecken \u2013 Bestseller, Klassiker und Neuerscheinungen"},"content":{"rendered":"<p>Tauchen Sie ein in die Welt der H\u00f6rb\u00fccher auf Audible.de! Egal ob Sie spannende Romane, inspirierende Biografien, lehrreiche Sachb\u00fccher oder zeitlose Klassiker suchen \u2013 hier finden Sie f\u00fcr jeden Geschmack das passende H\u00f6rbuch. Genie\u00dfen Sie Ihre Lieblingsb\u00fccher jederzeit und \u00fcberall, sei es zu Hause, unterwegs oder beim Entspannen. Audible bietet eine riesige Auswahl an Titeln auf Deutsch und anderen Sprachen, perfekt zum Lernen, Abschalten oder zur Unterhaltung. Starten Sie noch heute Ihr H\u00f6rbuch-Abenteuer und entdecken Sie neue Geschichten, die Sie begeistern werden! Klicken Sie auf den<a href=\"https:\/\/lowest-prices.eu\/a\/73zELCZLk8UNRl9\"> Link, um Audible direkt zu erleben.<\/a><\/p>\n","protected":false},"excerpt":{"rendered":"<p>Tauchen Sie ein in die Welt der H\u00f6rb\u00fccher auf Audible.de! Egal ob Sie spannende Romane, inspirierende Biografien, lehrreiche Sachb\u00fccher oder zeitlose Klassiker suchen \u2013 hier finden Sie f\u00fcr jeden Geschmack das passende H\u00f6rbuch. Genie\u00dfen Sie Ihre Lieblingsb\u00fccher jederzeit und \u00fcberall, sei es zu Hause, unterwegs oder beim Entspannen. Audible bietet eine riesige Auswahl an Titeln [&hellip;]<\/p>\n","protected":false},"featured_media":0,"comment_status":"open","ping_status":"closed","template":"","meta":{"_seopress_robots_primary_cat":"","_seopress_titles_title":"","_seopress_titles_desc":"","_seopress_robots_index":"","googlesitekit_rrm_CAowz76iDA:productID":""},"product_brand":[],"product_cat":[21],"product_tag":[],"class_list":{"0":"post-16895","1":"product","2":"type-product","3":"status-publish","5":"product_cat-listeo-booking","7":"first","8":"instock","9":"downloadable","10":"virtual","11":"sold-individually","12":"taxable","13":"purchasable","14":"product-type-listing_booking"},"_links":{"self":[{"href":"https:\/\/linkmarkt.eu\/en\/wp-json\/wp\/v2\/product\/16895","targetHints":{"allow":["GET"]}}],"collection":[{"href":"https:\/\/linkmarkt.eu\/en\/wp-json\/wp\/v2\/product"}],"about":[{"href":"https:\/\/linkmarkt.eu\/en\/wp-json\/wp\/v2\/types\/product"}],"replies":[{"embeddable":true,"href":"https:\/\/linkmarkt.eu\/en\/wp-json\/wp\/v2\/comments?post=16895"}],"version-history":[{"count":3,"href":"https:\/\/linkmarkt.eu\/en\/wp-json\/wp\/v2\/product\/16895\/revisions"}],"predecessor-version":[{"id":16911,"href":"https:\/\/linkmarkt.eu\/en\/wp-json\/wp\/v2\/product\/16895\/revisions\/16911"}],"wp:attachment":[{"href":"https:\/\/linkmarkt.eu\/en\/wp-json\/wp\/v2\/media?parent=16895"}],"wp:term":[{"taxonomy":"product_brand","embeddable":true,"href":"https:\/\/linkmarkt.eu\/en\/wp-json\/wp\/v2\/product_brand?post=16895"},{"taxonomy":"product_cat","embeddable":true,"href":"https:\/\/linkmarkt.eu\/en\/wp-json\/wp\/v2\/product_cat?post=16895"},{"taxonomy":"product_tag","embeddable":true,"href":"https:\/\/linkmarkt.eu\/en\/wp-json\/wp\/v2\/product_tag?post=16895"}],"curies":[{"name":"wp","href":"https:\/\/api.w.org\/{rel}","templated":true}]}}