{"id":16905,"date":"2026-01-06T13:04:56","date_gmt":"2026-01-06T12:04:56","guid":{"rendered":"https:\/\/linkmarkt.eu\/product\/najlepsze-audiobooki-na-audible-de-odkryj-bestsellery-klasyki-i-nowe-wydania\/"},"modified":"2026-01-06T13:04:56","modified_gmt":"2026-01-06T12:04:56","slug":"najlepsze-audiobooki-na-audible-de-odkryj-bestsellery-klasyki-i-nowe-wydania","status":"publish","type":"product","link":"https:\/\/linkmarkt.eu\/en\/product\/najlepsze-audiobooki-na-audible-de-odkryj-bestsellery-klasyki-i-nowe-wydania\/","title":{"rendered":"Najlepsze audiobooki na Audible.de odkryj-Bestsellery, klasyki i nowe wydania"},"content":{"rendered":"<p>Zanurz si\u0119 w \u015bwiecie audiobook\u00f3w Audible.de ! Niezale\u017cnie od tego, czy szukasz ekscytuj\u0105cych powie\u015bci, inspiruj\u0105cych biografii, literatury faktu czy ponadczasowych klasyk\u00f3w\u2013tutaj znajdziesz odpowiedni audiobook na ka\u017cdy gust. Ciesz si\u0119 ulubionymi ksi\u0105\u017ckami w dowolnym miejscu i czasie, czy to w domu, w podr\u00f3\u017cy, czy podczas wakacji. Audible oferuje ogromny wyb\u00f3r utwor\u00f3w w j\u0119zyku niemieckim i innych j\u0119zykach, idealnych do nauki, relaksu lub rozrywki. Rozpocznij swoj\u0105 przygod\u0119 z audiobookiem ju\u017c dzi\u015b i odkryj nowe historie, kt\u00f3re z pewno\u015bci\u0105 Ci\u0119 zachwyc\u0105! <a href=\"https:\/\/youtu.be\/yEqFKK6Q-B4?si=WDp6ocJoEndILQTp\">Kliknij link, aby bezpo\u015brednio zapozna\u0107 si\u0119 z Audible.<\/a><\/p>\n","protected":false},"excerpt":{"rendered":"<p>Zanurz si\u0119 w \u015bwiecie audiobook\u00f3w Audible.de ! Niezale\u017cnie od tego, czy szukasz ekscytuj\u0105cych powie\u015bci, inspiruj\u0105cych biografii, literatury faktu czy ponadczasowych klasyk\u00f3w\u2013tutaj znajdziesz odpowiedni audiobook na ka\u017cdy gust. Ciesz si\u0119 ulubionymi ksi\u0105\u017ckami w dowolnym miejscu i czasie, czy to w domu, w podr\u00f3\u017cy, czy podczas wakacji. Audible oferuje ogromny wyb\u00f3r utwor\u00f3w w j\u0119zyku niemieckim i innych [&hellip;]<\/p>\n","protected":false},"featured_media":0,"comment_status":"open","ping_status":"closed","template":"","meta":{"_seopress_robots_primary_cat":"","_seopress_titles_title":"","_seopress_titles_desc":"","_seopress_robots_index":"","googlesitekit_rrm_CAowz76iDA:productID":""},"product_brand":[],"product_cat":[1076],"product_tag":[],"class_list":{"0":"post-16905","1":"product","2":"type-product","3":"status-publish","5":"product_cat-listeo-booking-pl","7":"first","8":"instock","9":"downloadable","10":"virtual","11":"sold-individually","12":"taxable","13":"purchasable","14":"product-type-listing_booking"},"_links":{"self":[{"href":"https:\/\/linkmarkt.eu\/en\/wp-json\/wp\/v2\/product\/16905","targetHints":{"allow":["GET"]}}],"collection":[{"href":"https:\/\/linkmarkt.eu\/en\/wp-json\/wp\/v2\/product"}],"about":[{"href":"https:\/\/linkmarkt.eu\/en\/wp-json\/wp\/v2\/types\/product"}],"replies":[{"embeddable":true,"href":"https:\/\/linkmarkt.eu\/en\/wp-json\/wp\/v2\/comments?post=16905"}],"version-history":[{"count":0,"href":"https:\/\/linkmarkt.eu\/en\/wp-json\/wp\/v2\/product\/16905\/revisions"}],"wp:attachment":[{"href":"https:\/\/linkmarkt.eu\/en\/wp-json\/wp\/v2\/media?parent=16905"}],"wp:term":[{"taxonomy":"product_brand","embeddable":true,"href":"https:\/\/linkmarkt.eu\/en\/wp-json\/wp\/v2\/product_brand?post=16905"},{"taxonomy":"product_cat","embeddable":true,"href":"https:\/\/linkmarkt.eu\/en\/wp-json\/wp\/v2\/product_cat?post=16905"},{"taxonomy":"product_tag","embeddable":true,"href":"https:\/\/linkmarkt.eu\/en\/wp-json\/wp\/v2\/product_tag?post=16905"}],"curies":[{"name":"wp","href":"https:\/\/api.w.org\/{rel}","templated":true}]}}