{"id":16914,"date":"2026-01-06T20:40:02","date_gmt":"2026-01-06T19:40:02","guid":{"rendered":"https:\/\/linkmarkt.eu\/product\/braun-online-shop-original-geraete-attraktive-angebote\/"},"modified":"2026-01-06T20:49:52","modified_gmt":"2026-01-06T19:49:52","slug":"braun-online-shop-original-geraete-attraktive-angebote","status":"publish","type":"product","link":"https:\/\/linkmarkt.eu\/en\/product\/braun-online-shop-original-geraete-attraktive-angebote\/","title":{"rendered":"Sklep internetowy Braun-oryginalne urz\u0105dzenia i atrakcyjne oferty"},"content":{"rendered":"<p>Odkryj oficjalny sklep internetowy Braun, kt\u00f3ry oferuje szeroki wyb\u00f3r wysokiej jako\u015bci sprz\u0119tu domowego, piel\u0119gnacyjnego i technicznego.<br \/>\nOryginalne produkty, nowoczesne technologie i regularne atrakcyjne oferty.<\/p>\n<p>\u2714 Brzytwa i produkty do higieny osobistej<br \/>\n\u2714 Urz\u0105dzenia kuchenne i AGD<br \/>\n\u2714 Sprawdzona br\u0105zowa jako\u015b\u0107<br \/>\n\u2714 Bezpieczne zakupy online<\/p>\n<p><a href=\"https:\/\/lowest-prices.eu\/a\/31vz2TRX5SDvyZ\">\ud83d\udc49 Ogl\u0105daj teraz i zamawiaj bezpo\u015brednio online<\/a><\/p>\n","protected":false},"excerpt":{"rendered":"<p>Odkryj oficjalny sklep internetowy Braun, kt\u00f3ry oferuje szeroki wyb\u00f3r wysokiej jako\u015bci sprz\u0119tu domowego, piel\u0119gnacyjnego i technicznego. Oryginalne produkty, nowoczesne technologie i regularne atrakcyjne oferty. \u2714 Brzytwa i produkty do higieny osobistej \u2714 Urz\u0105dzenia kuchenne i AGD \u2714 Sprawdzona br\u0105zowa jako\u015b\u0107 \u2714 Bezpieczne zakupy online \ud83d\udc49 Ogl\u0105daj teraz i zamawiaj bezpo\u015brednio online<\/p>\n","protected":false},"featured_media":0,"comment_status":"open","ping_status":"closed","template":"","meta":{"_seopress_robots_primary_cat":"","_seopress_titles_title":"","_seopress_titles_desc":"","_seopress_robots_index":"","googlesitekit_rrm_CAowz76iDA:productID":""},"product_brand":[],"product_cat":[21],"product_tag":[],"class_list":{"0":"post-16914","1":"product","2":"type-product","3":"status-publish","5":"product_cat-listeo-booking","7":"first","8":"instock","9":"downloadable","10":"virtual","11":"sold-individually","12":"taxable","13":"purchasable","14":"product-type-listing_booking"},"_links":{"self":[{"href":"https:\/\/linkmarkt.eu\/en\/wp-json\/wp\/v2\/product\/16914","targetHints":{"allow":["GET"]}}],"collection":[{"href":"https:\/\/linkmarkt.eu\/en\/wp-json\/wp\/v2\/product"}],"about":[{"href":"https:\/\/linkmarkt.eu\/en\/wp-json\/wp\/v2\/types\/product"}],"replies":[{"embeddable":true,"href":"https:\/\/linkmarkt.eu\/en\/wp-json\/wp\/v2\/comments?post=16914"}],"version-history":[{"count":2,"href":"https:\/\/linkmarkt.eu\/en\/wp-json\/wp\/v2\/product\/16914\/revisions"}],"predecessor-version":[{"id":16925,"href":"https:\/\/linkmarkt.eu\/en\/wp-json\/wp\/v2\/product\/16914\/revisions\/16925"}],"wp:attachment":[{"href":"https:\/\/linkmarkt.eu\/en\/wp-json\/wp\/v2\/media?parent=16914"}],"wp:term":[{"taxonomy":"product_brand","embeddable":true,"href":"https:\/\/linkmarkt.eu\/en\/wp-json\/wp\/v2\/product_brand?post=16914"},{"taxonomy":"product_cat","embeddable":true,"href":"https:\/\/linkmarkt.eu\/en\/wp-json\/wp\/v2\/product_cat?post=16914"},{"taxonomy":"product_tag","embeddable":true,"href":"https:\/\/linkmarkt.eu\/en\/wp-json\/wp\/v2\/product_tag?post=16914"}],"curies":[{"name":"wp","href":"https:\/\/api.w.org\/{rel}","templated":true}]}}