{"id":16942,"date":"2026-01-06T21:40:52","date_gmt":"2026-01-06T20:40:52","guid":{"rendered":"https:\/\/linkmarkt.eu\/product\/tani-wynajem-samochodow-i-najlepsza-obsluga-auto-europa-zarezerwuj-teraz\/"},"modified":"2026-01-06T21:40:52","modified_gmt":"2026-01-06T20:40:52","slug":"tani-wynajem-samochodow-i-najlepsza-obsluga-auto-europa-zarezerwuj-teraz","status":"publish","type":"product","link":"https:\/\/linkmarkt.eu\/en\/product\/tani-wynajem-samochodow-i-najlepsza-obsluga-auto-europa-zarezerwuj-teraz\/","title":{"rendered":"Tani wynajem samochod\u00f3w i najlepsza obs\u0142uga-Auto Europa-Zarezerwuj teraz!"},"content":{"rendered":"<p>Zapewnij sobie tani wynajem samochod\u00f3w na ca\u0142ym \u015bwiecie \u2013 dzi\u0119ki Auto Europe znajdziesz najlepsze ceny na nast\u0119pne wakacje lub podr\u00f3\u017c s\u0142u\u017cbow\u0105.<br \/>\nAuto Europe wsp\u00f3\u0142pracuje z ponad 28 000 wypo\u017cyczalni na ca\u0142ym \u015bwiecie od ponad 70 lat i oferuje:<\/p>\n<p>\u2705 Niskie ceny i najlepsza obs\u0142uga<br \/>\n\u2705 Bezp\u0142atne anulowanie rezerwacji na 48 godzin przed przyjazdem<br \/>\n\u2705 Szeroki wyb\u00f3r pojazd\u00f3w (subcompact, comfort, SUV)<br \/>\n\u2705 Partnerzy tacy jak Hertz, Europcar, Avis i inne firmy Auto Europe Niemcy<\/p>\n<p>Znajd\u017a teraz sw\u00f3j idealny samoch\u00f3d na przejrzystych warunkach i zarezerwuj bezpo\u015brednio z naszego linku:<br \/>\n<a href=\"https:\/\/lowest-prices.eu\/a\/1wq0rtqLw8IX1o0\">Szybki, bezpieczny i dost\u0119pny na ca\u0142ym \u015bwiecie!<\/a><\/p>\n","protected":false},"excerpt":{"rendered":"<p>Zapewnij sobie tani wynajem samochod\u00f3w na ca\u0142ym \u015bwiecie \u2013 dzi\u0119ki Auto Europe znajdziesz najlepsze ceny na nast\u0119pne wakacje lub podr\u00f3\u017c s\u0142u\u017cbow\u0105. Auto Europe wsp\u00f3\u0142pracuje z ponad 28 000 wypo\u017cyczalni na ca\u0142ym \u015bwiecie od ponad 70 lat i oferuje: \u2705 Niskie ceny i najlepsza obs\u0142uga \u2705 Bezp\u0142atne anulowanie rezerwacji na 48 godzin przed przyjazdem \u2705 Szeroki [&hellip;]<\/p>\n","protected":false},"featured_media":0,"comment_status":"open","ping_status":"closed","template":"","meta":{"_seopress_robots_primary_cat":"","_seopress_titles_title":"","_seopress_titles_desc":"","_seopress_robots_index":"","googlesitekit_rrm_CAowz76iDA:productID":""},"product_brand":[],"product_cat":[1076],"product_tag":[],"class_list":{"0":"post-16942","1":"product","2":"type-product","3":"status-publish","5":"product_cat-listeo-booking-pl","7":"first","8":"instock","9":"downloadable","10":"virtual","11":"sold-individually","12":"taxable","13":"purchasable","14":"product-type-listing_booking"},"_links":{"self":[{"href":"https:\/\/linkmarkt.eu\/en\/wp-json\/wp\/v2\/product\/16942","targetHints":{"allow":["GET"]}}],"collection":[{"href":"https:\/\/linkmarkt.eu\/en\/wp-json\/wp\/v2\/product"}],"about":[{"href":"https:\/\/linkmarkt.eu\/en\/wp-json\/wp\/v2\/types\/product"}],"replies":[{"embeddable":true,"href":"https:\/\/linkmarkt.eu\/en\/wp-json\/wp\/v2\/comments?post=16942"}],"version-history":[{"count":0,"href":"https:\/\/linkmarkt.eu\/en\/wp-json\/wp\/v2\/product\/16942\/revisions"}],"wp:attachment":[{"href":"https:\/\/linkmarkt.eu\/en\/wp-json\/wp\/v2\/media?parent=16942"}],"wp:term":[{"taxonomy":"product_brand","embeddable":true,"href":"https:\/\/linkmarkt.eu\/en\/wp-json\/wp\/v2\/product_brand?post=16942"},{"taxonomy":"product_cat","embeddable":true,"href":"https:\/\/linkmarkt.eu\/en\/wp-json\/wp\/v2\/product_cat?post=16942"},{"taxonomy":"product_tag","embeddable":true,"href":"https:\/\/linkmarkt.eu\/en\/wp-json\/wp\/v2\/product_tag?post=16942"}],"curies":[{"name":"wp","href":"https:\/\/api.w.org\/{rel}","templated":true}]}}