{"id":16946,"date":"2026-01-07T08:21:23","date_gmt":"2026-01-07T07:21:23","guid":{"rendered":"https:\/\/linkmarkt.eu\/product\/%f0%9f%91%9f-entdecke-crocs-jetzt-auf-linkmarkt-eu\/"},"modified":"2026-01-07T08:36:13","modified_gmt":"2026-01-07T07:36:13","slug":"%f0%9f%91%9f-entdecke-crocs-jetzt-auf-linkmarkt-eu","status":"publish","type":"product","link":"https:\/\/linkmarkt.eu\/en\/product\/%f0%9f%91%9f-entdecke-crocs-jetzt-auf-linkmarkt-eu\/","title":{"rendered":"\ud83d\udc5f Odkryj krokodyle-ju\u017c teraz LinkMarkt.eu !"},"content":{"rendered":"<p>Cieszymy si\u0119, \u017ce mo\u017cemy Crocs jako partnera LinkMarkt.eu wyobrazi\u0107! \ud83c\udf89<br \/>\nDowiedz si\u0119 o najnowszych modelach, ofertach i trendach \u2013 wygodnie i \u0142atwo przez nasz portal.<br \/>\n\u2705 Oryginalne krokodyle<br \/>\n\u2705 Ogromny wyb\u00f3r na ka\u017cdy gust<br \/>\n\u2705 Po prostu przegl\u0105daj i znajd\u017a inspiracj\u0119<\/p>\n<p><a href=\"https:\/\/lowest-prices.eu\/a\/4xwARUJ1zUWMJw\">\ud83d\udcac Zajrzyj i znajd\u017a swoje ulubione krokodyle!<\/a><\/p>\n<p>#Krokodyle<\/p>\n<p>#LinkMarkt # Partnerzy # sklep # Oferty<\/p>\n","protected":false},"excerpt":{"rendered":"<p>Cieszymy si\u0119, \u017ce mo\u017cemy Crocs jako partnera LinkMarkt.eu wyobrazi\u0107! \ud83c\udf89 Dowiedz si\u0119 o najnowszych modelach, ofertach i trendach \u2013 wygodnie i \u0142atwo przez nasz portal. \u2705 Oryginalne krokodyle \u2705 Ogromny wyb\u00f3r na ka\u017cdy gust \u2705 Po prostu przegl\u0105daj i znajd\u017a inspiracj\u0119 \ud83d\udcac Zajrzyj i znajd\u017a swoje ulubione krokodyle! #Krokodyle #LinkMarkt # Partnerzy # sklep # [&hellip;]<\/p>\n","protected":false},"featured_media":0,"comment_status":"open","ping_status":"closed","template":"","meta":{"_seopress_robots_primary_cat":"","_seopress_titles_title":"","_seopress_titles_desc":"","_seopress_robots_index":"","googlesitekit_rrm_CAowz76iDA:productID":""},"product_brand":[],"product_cat":[21],"product_tag":[],"class_list":{"0":"post-16946","1":"product","2":"type-product","3":"status-publish","5":"product_cat-listeo-booking","7":"first","8":"instock","9":"downloadable","10":"virtual","11":"sold-individually","12":"taxable","13":"purchasable","14":"product-type-listing_booking"},"_links":{"self":[{"href":"https:\/\/linkmarkt.eu\/en\/wp-json\/wp\/v2\/product\/16946","targetHints":{"allow":["GET"]}}],"collection":[{"href":"https:\/\/linkmarkt.eu\/en\/wp-json\/wp\/v2\/product"}],"about":[{"href":"https:\/\/linkmarkt.eu\/en\/wp-json\/wp\/v2\/types\/product"}],"replies":[{"embeddable":true,"href":"https:\/\/linkmarkt.eu\/en\/wp-json\/wp\/v2\/comments?post=16946"}],"version-history":[{"count":3,"href":"https:\/\/linkmarkt.eu\/en\/wp-json\/wp\/v2\/product\/16946\/revisions"}],"predecessor-version":[{"id":16959,"href":"https:\/\/linkmarkt.eu\/en\/wp-json\/wp\/v2\/product\/16946\/revisions\/16959"}],"wp:attachment":[{"href":"https:\/\/linkmarkt.eu\/en\/wp-json\/wp\/v2\/media?parent=16946"}],"wp:term":[{"taxonomy":"product_brand","embeddable":true,"href":"https:\/\/linkmarkt.eu\/en\/wp-json\/wp\/v2\/product_brand?post=16946"},{"taxonomy":"product_cat","embeddable":true,"href":"https:\/\/linkmarkt.eu\/en\/wp-json\/wp\/v2\/product_cat?post=16946"},{"taxonomy":"product_tag","embeddable":true,"href":"https:\/\/linkmarkt.eu\/en\/wp-json\/wp\/v2\/product_tag?post=16946"}],"curies":[{"name":"wp","href":"https:\/\/api.w.org\/{rel}","templated":true}]}}