{"id":16974,"date":"2026-01-07T09:04:12","date_gmt":"2026-01-07T08:04:12","guid":{"rendered":"https:\/\/linkmarkt.eu\/product\/oneplus-wysokiej-klasy-smartfony-i-akcesoria-dla-najwyzszej-wydajnosci\/"},"modified":"2026-01-07T09:04:12","modified_gmt":"2026-01-07T08:04:12","slug":"oneplus-wysokiej-klasy-smartfony-i-akcesoria-dla-najwyzszej-wydajnosci","status":"publish","type":"product","link":"https:\/\/linkmarkt.eu\/en\/product\/oneplus-wysokiej-klasy-smartfony-i-akcesoria-dla-najwyzszej-wydajnosci\/","title":{"rendered":"OnePlus-wysokiej klasy smartfony i akcesoria dla najwy\u017cszej wydajno\u015bci!"},"content":{"rendered":"<p>ntpokryj najnowsze smartfony i akcesoria OnePlus, kt\u00f3re doskonale \u0142\u0105cz\u0105 wydajno\u015b\u0107, design i innowacje. Z pomoc\u0105 OnePlus 12 i OnePlus 13 dostaniesz superszybkie procesory, wyra\u017ane wy\u015bwietlacze i najnowsze technologie kamery do robienia zdj\u0119\u0107 i film\u00f3w. OnePlus Open oferuje maksymaln\u0105 elastyczno\u015b\u0107 i styl w postaci sk\u0142adanego urz\u0105dzenia, idealnego do pracy, relaksu lub zabawy.<\/p>\n<p>Linia akcesori\u00f3w OnePlus, w tym OnePlus Watch 3 i OnePlus Pad 3, doskonale uzupe\u0142nia twoje urz\u0105dzenia i zapewnia p\u0142ynne dzia\u0142anie. Zaufaj jako\u015bci, niezawodno\u015bci i oficjalnym produktom dost\u0119pnym w Niemczech. Skorzystaj z ekskluzywnych ofert ju\u017c teraz i zdob\u0105d\u017a wysokiej jako\u015bci sprz\u0119t, kt\u00f3ry pomo\u017ce Ci w <a href=\"https:\/\/lowest-prices.eu\/a\/wp5omtR3g7hK8kg\">\u017cyciu codziennym, w biznesie lub w wolnym czasie.<\/a><\/p>\n","protected":false},"excerpt":{"rendered":"<p>ntpokryj najnowsze smartfony i akcesoria OnePlus, kt\u00f3re doskonale \u0142\u0105cz\u0105 wydajno\u015b\u0107, design i innowacje. Z pomoc\u0105 OnePlus 12 i OnePlus 13 dostaniesz superszybkie procesory, wyra\u017ane wy\u015bwietlacze i najnowsze technologie kamery do robienia zdj\u0119\u0107 i film\u00f3w. OnePlus Open oferuje maksymaln\u0105 elastyczno\u015b\u0107 i styl w postaci sk\u0142adanego urz\u0105dzenia, idealnego do pracy, relaksu lub zabawy. Linia akcesori\u00f3w OnePlus, w [&hellip;]<\/p>\n","protected":false},"featured_media":0,"comment_status":"open","ping_status":"closed","template":"","meta":{"_seopress_robots_primary_cat":"","_seopress_titles_title":"","_seopress_titles_desc":"","_seopress_robots_index":"","googlesitekit_rrm_CAowz76iDA:productID":""},"product_brand":[],"product_cat":[1076],"product_tag":[],"class_list":{"0":"post-16974","1":"product","2":"type-product","3":"status-publish","5":"product_cat-listeo-booking-pl","7":"first","8":"instock","9":"downloadable","10":"virtual","11":"sold-individually","12":"taxable","13":"purchasable","14":"product-type-listing_booking"},"_links":{"self":[{"href":"https:\/\/linkmarkt.eu\/en\/wp-json\/wp\/v2\/product\/16974","targetHints":{"allow":["GET"]}}],"collection":[{"href":"https:\/\/linkmarkt.eu\/en\/wp-json\/wp\/v2\/product"}],"about":[{"href":"https:\/\/linkmarkt.eu\/en\/wp-json\/wp\/v2\/types\/product"}],"replies":[{"embeddable":true,"href":"https:\/\/linkmarkt.eu\/en\/wp-json\/wp\/v2\/comments?post=16974"}],"version-history":[{"count":0,"href":"https:\/\/linkmarkt.eu\/en\/wp-json\/wp\/v2\/product\/16974\/revisions"}],"wp:attachment":[{"href":"https:\/\/linkmarkt.eu\/en\/wp-json\/wp\/v2\/media?parent=16974"}],"wp:term":[{"taxonomy":"product_brand","embeddable":true,"href":"https:\/\/linkmarkt.eu\/en\/wp-json\/wp\/v2\/product_brand?post=16974"},{"taxonomy":"product_cat","embeddable":true,"href":"https:\/\/linkmarkt.eu\/en\/wp-json\/wp\/v2\/product_cat?post=16974"},{"taxonomy":"product_tag","embeddable":true,"href":"https:\/\/linkmarkt.eu\/en\/wp-json\/wp\/v2\/product_tag?post=16974"}],"curies":[{"name":"wp","href":"https:\/\/api.w.org\/{rel}","templated":true}]}}