{"id":16979,"date":"2026-01-08T08:17:48","date_gmt":"2026-01-08T07:17:48","guid":{"rendered":"https:\/\/linkmarkt.eu\/product\/online-finanzierung-kredite-schnell-digital-cashtero\/"},"modified":"2026-01-08T08:26:28","modified_gmt":"2026-01-08T07:26:28","slug":"online-finanzierung-kredite-schnell-digital-cashtero","status":"publish","type":"product","link":"https:\/\/linkmarkt.eu\/en\/product\/online-finanzierung-kredite-schnell-digital-cashtero\/","title":{"rendered":"Finansowanie i po\u017cyczki online-szybkie i cyfrowe (Cashtero)"},"content":{"rendered":"<p>Szukasz szybkiego i elastycznego finansowania online?<br \/>\nDzi\u0119ki Cashtero mo\u017cesz wygodnie por\u00f3wnywa\u0107 r\u00f3\u017cne oferty po\u017cyczek i finansowania oraz sk\u0142ada\u0107 wnioski bezpo\u015brednio online.<\/p>\n<p>\u2705 Zaleta:<br \/>\nFinansowanie od 100 do 120 000 euro<br \/>\nOkres wa\u017cno\u015bci: 1-120 miesi\u0119cy<br \/>\nWniosek online bez formalno\u015bci<br \/>\nSzybkie wst\u0119pne rozwi\u0105zanie<br \/>\nPor\u00f3wnanie wielu dostawc\u00f3w w jednym kroku<br \/>\nIdealny do:<\/p>\n<p>publikacje prywatne<br \/>\nRestrukturyzacja<br \/>\nd\u0142ug du\u017ce zakupy<br \/>\nkr\u00f3tkoterminowe potrzeby finansowe<br \/>\n<a href=\"https:\/\/lowest-prices.eu\/a\/BBpVLi874MTjvWE\">\ud83d\udc49 Sprawd\u017a teraz bez \u017cadnych zobowi\u0105za\u0144 i z\u0142\u00f3\u017c wniosek online<\/a><\/p>\n","protected":false},"excerpt":{"rendered":"<p>Szukasz szybkiego i elastycznego finansowania online? Dzi\u0119ki Cashtero mo\u017cesz wygodnie por\u00f3wnywa\u0107 r\u00f3\u017cne oferty po\u017cyczek i finansowania oraz sk\u0142ada\u0107 wnioski bezpo\u015brednio online. \u2705 Zaleta: Finansowanie od 100 do 120 000 euro Okres wa\u017cno\u015bci: 1-120 miesi\u0119cy Wniosek online bez formalno\u015bci Szybkie wst\u0119pne rozwi\u0105zanie Por\u00f3wnanie wielu dostawc\u00f3w w jednym kroku Idealny do: publikacje prywatne Restrukturyzacja d\u0142ug du\u017ce zakupy [&hellip;]<\/p>\n","protected":false},"featured_media":0,"comment_status":"open","ping_status":"closed","template":"","meta":{"_seopress_robots_primary_cat":"","_seopress_titles_title":"","_seopress_titles_desc":"","_seopress_robots_index":"","googlesitekit_rrm_CAowz76iDA:productID":""},"product_brand":[],"product_cat":[21],"product_tag":[],"class_list":{"0":"post-16979","1":"product","2":"type-product","3":"status-publish","5":"product_cat-listeo-booking","7":"first","8":"instock","9":"downloadable","10":"virtual","11":"sold-individually","12":"taxable","13":"purchasable","14":"product-type-listing_booking"},"_links":{"self":[{"href":"https:\/\/linkmarkt.eu\/en\/wp-json\/wp\/v2\/product\/16979","targetHints":{"allow":["GET"]}}],"collection":[{"href":"https:\/\/linkmarkt.eu\/en\/wp-json\/wp\/v2\/product"}],"about":[{"href":"https:\/\/linkmarkt.eu\/en\/wp-json\/wp\/v2\/types\/product"}],"replies":[{"embeddable":true,"href":"https:\/\/linkmarkt.eu\/en\/wp-json\/wp\/v2\/comments?post=16979"}],"version-history":[{"count":2,"href":"https:\/\/linkmarkt.eu\/en\/wp-json\/wp\/v2\/product\/16979\/revisions"}],"predecessor-version":[{"id":16990,"href":"https:\/\/linkmarkt.eu\/en\/wp-json\/wp\/v2\/product\/16979\/revisions\/16990"}],"wp:attachment":[{"href":"https:\/\/linkmarkt.eu\/en\/wp-json\/wp\/v2\/media?parent=16979"}],"wp:term":[{"taxonomy":"product_brand","embeddable":true,"href":"https:\/\/linkmarkt.eu\/en\/wp-json\/wp\/v2\/product_brand?post=16979"},{"taxonomy":"product_cat","embeddable":true,"href":"https:\/\/linkmarkt.eu\/en\/wp-json\/wp\/v2\/product_cat?post=16979"},{"taxonomy":"product_tag","embeddable":true,"href":"https:\/\/linkmarkt.eu\/en\/wp-json\/wp\/v2\/product_tag?post=16979"}],"curies":[{"name":"wp","href":"https:\/\/api.w.org\/{rel}","templated":true}]}}