{"id":17030,"date":"2026-01-09T09:55:16","date_gmt":"2026-01-09T08:55:16","guid":{"rendered":"https:\/\/linkmarkt.eu\/product\/survio-online-umfragen-frageboegen-einfach-erstellen\/"},"modified":"2026-01-09T10:08:30","modified_gmt":"2026-01-09T09:08:30","slug":"survio-online-umfragen-frageboegen-einfach-erstellen","status":"publish","type":"product","link":"https:\/\/linkmarkt.eu\/en\/product\/survio-online-umfragen-frageboegen-einfach-erstellen\/","title":{"rendered":"Survio-\u0142atwe tworzenie ankiet i kwestionariuszy online"},"content":{"rendered":"<p>Tw\u00f3rz profesjonalne ankiety online w kilka minut &#8211; bez \u017cadnych umiej\u0119tno\u015bci kodowania.<\/p>\n<p>Survio to pot\u0119\u017cne narz\u0119dzie do tworzenia:<\/p>\n<p>Ankiety dla klient\u00f3w<br \/>\nFormularze odwrotne<br \/>\nkomunikacja Analiza rynku<br \/>\nAnkieta<br \/>\nkwestionariusze pracownicze online dla firm i os\u00f3b prywatnych<br \/>\n\u2705 Gotowe szablony<br \/>\n\u2705 \u0141atwa obs\u0142uga<br \/>\n\u2705 Wyniki i statystyki w czasie rzeczywistym<br \/>\n\u2705 Idealny do marketingu, bada\u0144, szko\u0142y i biznesu<\/p>\n<p>Tw\u00f3rz profesjonalne ankiety i kwestionariusze online dla biznesu, marketingu, bada\u0144 lub edukacji.<\/p>\n<p>Survio to pot\u0119\u017cne narz\u0119dzie do tworzenia:<\/p>\n<p>Ankiety dla klient\u00f3w<br \/>\nFormularze odwrotne<br \/>\nkomunikacja Analiza rynku<br \/>\nAnkieta<br \/>\nkwestionariusze pracownicze online dla firm i os\u00f3b samozatrudnionych<br \/>\n\u2705 \u0141atwa obs\u0142uga<br \/>\n\u2705 Gotowe szablony<br \/>\n\u2705 Jasne wyniki i statystyki<br \/>\n\u2705 Dla firm, agencji i os\u00f3b prywatnych<\/p>\n<p><a href=\"https:\/\/lowest-prices.eu\/a\/qx5gYU7jJRSEqvR\">\ud83d\udc49 Wi\u0119cej informacji i dost\u0119p do platformy:<\/a><\/p>\n","protected":false},"excerpt":{"rendered":"<p>Tw\u00f3rz profesjonalne ankiety online w kilka minut &#8211; bez \u017cadnych umiej\u0119tno\u015bci kodowania. Survio to pot\u0119\u017cne narz\u0119dzie do tworzenia: Ankiety dla klient\u00f3w Formularze odwrotne komunikacja Analiza rynku Ankieta kwestionariusze pracownicze online dla firm i os\u00f3b prywatnych \u2705 Gotowe szablony \u2705 \u0141atwa obs\u0142uga \u2705 Wyniki i statystyki w czasie rzeczywistym \u2705 Idealny do marketingu, bada\u0144, szko\u0142y i [&hellip;]<\/p>\n","protected":false},"featured_media":0,"comment_status":"open","ping_status":"closed","template":"","meta":{"_seopress_robots_primary_cat":"","_seopress_titles_title":"","_seopress_titles_desc":"","_seopress_robots_index":"","googlesitekit_rrm_CAowz76iDA:productID":""},"product_brand":[],"product_cat":[21],"product_tag":[],"class_list":{"0":"post-17030","1":"product","2":"type-product","3":"status-publish","5":"product_cat-listeo-booking","7":"first","8":"instock","9":"downloadable","10":"virtual","11":"sold-individually","12":"taxable","13":"purchasable","14":"product-type-listing_booking"},"_links":{"self":[{"href":"https:\/\/linkmarkt.eu\/en\/wp-json\/wp\/v2\/product\/17030","targetHints":{"allow":["GET"]}}],"collection":[{"href":"https:\/\/linkmarkt.eu\/en\/wp-json\/wp\/v2\/product"}],"about":[{"href":"https:\/\/linkmarkt.eu\/en\/wp-json\/wp\/v2\/types\/product"}],"replies":[{"embeddable":true,"href":"https:\/\/linkmarkt.eu\/en\/wp-json\/wp\/v2\/comments?post=17030"}],"version-history":[{"count":2,"href":"https:\/\/linkmarkt.eu\/en\/wp-json\/wp\/v2\/product\/17030\/revisions"}],"predecessor-version":[{"id":17041,"href":"https:\/\/linkmarkt.eu\/en\/wp-json\/wp\/v2\/product\/17030\/revisions\/17041"}],"wp:attachment":[{"href":"https:\/\/linkmarkt.eu\/en\/wp-json\/wp\/v2\/media?parent=17030"}],"wp:term":[{"taxonomy":"product_brand","embeddable":true,"href":"https:\/\/linkmarkt.eu\/en\/wp-json\/wp\/v2\/product_brand?post=17030"},{"taxonomy":"product_cat","embeddable":true,"href":"https:\/\/linkmarkt.eu\/en\/wp-json\/wp\/v2\/product_cat?post=17030"},{"taxonomy":"product_tag","embeddable":true,"href":"https:\/\/linkmarkt.eu\/en\/wp-json\/wp\/v2\/product_tag?post=17030"}],"curies":[{"name":"wp","href":"https:\/\/api.w.org\/{rel}","templated":true}]}}