{"id":17078,"date":"2026-01-10T09:28:08","date_gmt":"2026-01-10T08:28:08","guid":{"rendered":"https:\/\/linkmarkt.eu\/product\/swifdoo-pdf-profesjonalne-narzedzie-pdf-do-pracy-i-codziennego-zycia\/"},"modified":"2026-01-10T09:28:08","modified_gmt":"2026-01-10T08:28:08","slug":"swifdoo-pdf-profesjonalne-narzedzie-pdf-do-pracy-i-codziennego-zycia","status":"publish","type":"product","link":"https:\/\/linkmarkt.eu\/en\/product\/swifdoo-pdf-profesjonalne-narzedzie-pdf-do-pracy-i-codziennego-zycia\/","title":{"rendered":"SwifDoo PDF-profesjonalne narz\u0119dzie PDF do pracy i codziennego \u017cycia"},"content":{"rendered":"<p>Szukasz niezawodnego i nowoczesnego programu do obs\u0142ugi plik\u00f3w PDF?<br \/>\nSwifDoo PDF to pot\u0119\u017cne rozwi\u0105zanie do czytania, edycji, konwersji i zarz\u0105dzania dokumentami PDF-proste, szybkie i proste.<\/p>\n<p>Przegl\u0105d funkcji<br \/>\n\u2714 Edycja tekst\u00f3w i obraz\u00f3w bezpo\u015brednio w formacie PDF<br \/>\n\u2714 Wygodne czytanie i komentowanie dokument\u00f3w<br \/>\n\u2714 Scalanie, dzielenie i kompresja plik\u00f3w PDF<br \/>\n\u2714 Konwertuj pliki PDF na formaty Word, Excel, PowerPoint i obrazy<br \/>\n\u2714 Rozpoznawanie tekstu OCR dla zeskanowanych dokument\u00f3w<br \/>\n\u2714 Podpisy elektroniczne i Ochrona has\u0142em<\/p>\n<p>Obs\u0142uga sztucznej inteligencji (funkcje sztucznej inteligencji)<br \/>\n\u2728 Automatyczne podsumowanie d\u0142ugich dokument\u00f3w<br \/>\n\u2728 T\u0142umaczenie i analiza tre\u015bci PDF<br \/>\n\u2728 Szybsze zrozumienie tre\u015bci dzi\u0119ki eksploracji tekstu<br \/>\n\u2728 Obs\u0142uga przepisywania i strukturyzacji tekst\u00f3w<\/p>\n<p>Mo\u017cliwo\u015b\u0107 u\u017cycia niezale\u017cnie od platformy<br \/>\nSwifDoo PDF jest dost\u0119pny dla:<\/p>\n<p>\u2022 Okienko<br \/>\n\u2022 macOS<br \/>\n\u2022 iOS (iPhone \/ iPad)<br \/>\n\u2022 Android<br \/>\n* Korzystanie z Internetu w przegl\u0105darce<\/p>\n<p>Odpowiedni dla kogo?<br \/>\n\u2705 Samozatrudnieni i firmy<br \/>\n\u2705 Studenci i nauczyciele<br \/>\n\u2705 Biuro, Administracja i biuro domowe<br \/>\n\u2705 Ka\u017cdy, kto regularnie pracuje z plikami PDF<\/p>\n<p>Zwi\u0119z\u0142y i jasny<br \/>\n<a href=\"https:\/\/lowest-prices.eu\/a\/v25noCAjXEtAyoX\">Nowoczesne narz\u0119dzie PDF do efektywnej pracy-bez zb\u0119dnych komplikacji.<\/a><\/p>\n","protected":false},"excerpt":{"rendered":"<p>Szukasz niezawodnego i nowoczesnego programu do obs\u0142ugi plik\u00f3w PDF? SwifDoo PDF to pot\u0119\u017cne rozwi\u0105zanie do czytania, edycji, konwersji i zarz\u0105dzania dokumentami PDF-proste, szybkie i proste. Przegl\u0105d funkcji \u2714 Edycja tekst\u00f3w i obraz\u00f3w bezpo\u015brednio w formacie PDF \u2714 Wygodne czytanie i komentowanie dokument\u00f3w \u2714 Scalanie, dzielenie i kompresja plik\u00f3w PDF \u2714 Konwertuj pliki PDF na formaty [&hellip;]<\/p>\n","protected":false},"featured_media":0,"comment_status":"open","ping_status":"closed","template":"","meta":{"_seopress_robots_primary_cat":"","_seopress_titles_title":"","_seopress_titles_desc":"","_seopress_robots_index":"","googlesitekit_rrm_CAowz76iDA:productID":""},"product_brand":[],"product_cat":[21],"product_tag":[],"class_list":{"0":"post-17078","1":"product","2":"type-product","3":"status-publish","5":"product_cat-listeo-booking","7":"first","8":"instock","9":"downloadable","10":"virtual","11":"sold-individually","12":"taxable","13":"purchasable","14":"product-type-listing_booking"},"_links":{"self":[{"href":"https:\/\/linkmarkt.eu\/en\/wp-json\/wp\/v2\/product\/17078","targetHints":{"allow":["GET"]}}],"collection":[{"href":"https:\/\/linkmarkt.eu\/en\/wp-json\/wp\/v2\/product"}],"about":[{"href":"https:\/\/linkmarkt.eu\/en\/wp-json\/wp\/v2\/types\/product"}],"replies":[{"embeddable":true,"href":"https:\/\/linkmarkt.eu\/en\/wp-json\/wp\/v2\/comments?post=17078"}],"version-history":[{"count":0,"href":"https:\/\/linkmarkt.eu\/en\/wp-json\/wp\/v2\/product\/17078\/revisions"}],"wp:attachment":[{"href":"https:\/\/linkmarkt.eu\/en\/wp-json\/wp\/v2\/media?parent=17078"}],"wp:term":[{"taxonomy":"product_brand","embeddable":true,"href":"https:\/\/linkmarkt.eu\/en\/wp-json\/wp\/v2\/product_brand?post=17078"},{"taxonomy":"product_cat","embeddable":true,"href":"https:\/\/linkmarkt.eu\/en\/wp-json\/wp\/v2\/product_cat?post=17078"},{"taxonomy":"product_tag","embeddable":true,"href":"https:\/\/linkmarkt.eu\/en\/wp-json\/wp\/v2\/product_tag?post=17078"}],"curies":[{"name":"wp","href":"https:\/\/api.w.org\/{rel}","templated":true}]}}