{"id":17114,"date":"2026-01-11T09:12:58","date_gmt":"2026-01-11T08:12:58","guid":{"rendered":"https:\/\/linkmarkt.eu\/product\/matcha-extreme-nowoczesna-herbata-dietetyczna\/"},"modified":"2026-01-11T09:12:58","modified_gmt":"2026-01-11T08:12:58","slug":"matcha-extreme-nowoczesna-herbata-dietetyczna","status":"publish","type":"product","link":"https:\/\/linkmarkt.eu\/en\/product\/matcha-extreme-nowoczesna-herbata-dietetyczna\/","title":{"rendered":"Matcha Extreme-nowoczesna herbata dietetyczna."},"content":{"rendered":"<p>Matcha Extreme to nowoczesna herbata z dodatkami u\u017cywana do przygotowania pysznego napoju matcha. Produkt zawiera starannie dobrane sk\u0142adniki, kt\u00f3re mog\u0105 pom\u00f3c kontrolowa\u0107 mas\u0119 cia\u0142a i pom\u00f3c w rozk\u0142adaniu nadmiaru wody w organizmie.<\/p>\n<p>Ponadto Matcha Extreme mo\u017ce promowa\u0107 naturalne procesy detoksykacji organizmu, a tak\u017ce mie\u0107 pozytywny wp\u0142yw na poziom cukru i cholesterolu we<a href=\"https:\/\/nplink.net\/3s3yinus\"> krwi &#8211; w ramach zbilansowanej diety i zdrowego stylu \u017cycia.<\/a><\/p>\n<p>Formu\u0142a Matcha Extreme oparta jest na czterech szczeg\u00f3lnie cennych sk\u0142adnikach:<\/p>\n<p>sproszkowane li\u015bcie zielonej herbaty matcha<br \/>\nSpirulina<br \/>\nEkstrakt z opuncji (opuncja)<br \/>\nEkstrakt z owoc\u00f3w aceroli<br \/>\nMatcha Extreme to smaczny i praktyczny spos\u00f3b na <a href=\"https:\/\/nplink.net\/3s3yinus\">uzupe\u0142nienie codziennego \u017cycia funkcjonalnym napojem i wspieranie uwa\u017cnego stylu \u017cycia.<\/a><\/p>\n","protected":false},"excerpt":{"rendered":"<p>Matcha Extreme to nowoczesna herbata z dodatkami u\u017cywana do przygotowania pysznego napoju matcha. Produkt zawiera starannie dobrane sk\u0142adniki, kt\u00f3re mog\u0105 pom\u00f3c kontrolowa\u0107 mas\u0119 cia\u0142a i pom\u00f3c w rozk\u0142adaniu nadmiaru wody w organizmie. Ponadto Matcha Extreme mo\u017ce promowa\u0107 naturalne procesy detoksykacji organizmu, a tak\u017ce mie\u0107 pozytywny wp\u0142yw na poziom cukru i cholesterolu we krwi &#8211; w [&hellip;]<\/p>\n","protected":false},"featured_media":0,"comment_status":"open","ping_status":"closed","template":"","meta":{"_seopress_robots_primary_cat":"","_seopress_titles_title":"","_seopress_titles_desc":"","_seopress_robots_index":"","googlesitekit_rrm_CAowz76iDA:productID":""},"product_brand":[],"product_cat":[21],"product_tag":[],"class_list":{"0":"post-17114","1":"product","2":"type-product","3":"status-publish","5":"product_cat-listeo-booking","7":"first","8":"instock","9":"downloadable","10":"virtual","11":"sold-individually","12":"taxable","13":"purchasable","14":"product-type-listing_booking"},"_links":{"self":[{"href":"https:\/\/linkmarkt.eu\/en\/wp-json\/wp\/v2\/product\/17114","targetHints":{"allow":["GET"]}}],"collection":[{"href":"https:\/\/linkmarkt.eu\/en\/wp-json\/wp\/v2\/product"}],"about":[{"href":"https:\/\/linkmarkt.eu\/en\/wp-json\/wp\/v2\/types\/product"}],"replies":[{"embeddable":true,"href":"https:\/\/linkmarkt.eu\/en\/wp-json\/wp\/v2\/comments?post=17114"}],"version-history":[{"count":0,"href":"https:\/\/linkmarkt.eu\/en\/wp-json\/wp\/v2\/product\/17114\/revisions"}],"wp:attachment":[{"href":"https:\/\/linkmarkt.eu\/en\/wp-json\/wp\/v2\/media?parent=17114"}],"wp:term":[{"taxonomy":"product_brand","embeddable":true,"href":"https:\/\/linkmarkt.eu\/en\/wp-json\/wp\/v2\/product_brand?post=17114"},{"taxonomy":"product_cat","embeddable":true,"href":"https:\/\/linkmarkt.eu\/en\/wp-json\/wp\/v2\/product_cat?post=17114"},{"taxonomy":"product_tag","embeddable":true,"href":"https:\/\/linkmarkt.eu\/en\/wp-json\/wp\/v2\/product_tag?post=17114"}],"curies":[{"name":"wp","href":"https:\/\/api.w.org\/{rel}","templated":true}]}}