{"id":17129,"date":"2026-01-11T09:25:55","date_gmt":"2026-01-11T08:25:55","guid":{"rendered":"https:\/\/linkmarkt.eu\/product\/matcha-extreme-to-pyszna-herbata-wspomagajaca-kondycje-i-detoksykacje\/"},"modified":"2026-01-11T09:25:55","modified_gmt":"2026-01-11T08:25:55","slug":"matcha-extreme-to-pyszna-herbata-wspomagajaca-kondycje-i-detoksykacje","status":"publish","type":"product","link":"https:\/\/linkmarkt.eu\/en\/product\/matcha-extreme-to-pyszna-herbata-wspomagajaca-kondycje-i-detoksykacje\/","title":{"rendered":"Matcha Extreme to pyszna herbata wspomagaj\u0105ca kondycj\u0119 i detoksykacj\u0119."},"content":{"rendered":"<p>Meczu Extreme &#8211; to nowoczesny, funkcjonalny herbata, przygotowany z wysokiej jako\u015bci sk\u0142adnik\u00f3w. Jest idealny do przygotowania smacznego napoju meczu i wspiera prawid\u0142owe od\u017cywianie.<\/p>\n<p>Przepis zawiera cztery naturalne sk\u0142adniki:<\/p>\n<p>Mecz w proszku z li\u015bci zielonej herbaty<br \/>\nEkstrakt spirulina opuntia<br \/>\n(opuncja)<br \/>\nEkstrakt z aceroli<br \/>\nTa herbata mo\u017ce pom\u00f3c usun\u0105\u0107 nadmiar wody z organizmu, poprawi\u0107 metabolizm i promowa\u0107 codzienn\u0105 detoksykacj\u0119 \u2013 w ramach zdrowego stylu \u017cycia. <a href=\"https:\/\/nplink.net\/3s3yinus\">\u015awietny spos\u00f3b na w\u0142\u0105czenie wskaz\u00f3wek fitness do codziennego \u017cycia.<\/a><\/p>\n","protected":false},"excerpt":{"rendered":"<p>Meczu Extreme &#8211; to nowoczesny, funkcjonalny herbata, przygotowany z wysokiej jako\u015bci sk\u0142adnik\u00f3w. Jest idealny do przygotowania smacznego napoju meczu i wspiera prawid\u0142owe od\u017cywianie. Przepis zawiera cztery naturalne sk\u0142adniki: Mecz w proszku z li\u015bci zielonej herbaty Ekstrakt spirulina opuntia (opuncja) Ekstrakt z aceroli Ta herbata mo\u017ce pom\u00f3c usun\u0105\u0107 nadmiar wody z organizmu, poprawi\u0107 metabolizm i promowa\u0107 [&hellip;]<\/p>\n","protected":false},"featured_media":0,"comment_status":"open","ping_status":"closed","template":"","meta":{"_seopress_robots_primary_cat":"","_seopress_titles_title":"","_seopress_titles_desc":"","_seopress_robots_index":"","googlesitekit_rrm_CAowz76iDA:productID":""},"product_brand":[],"product_cat":[21],"product_tag":[],"class_list":{"0":"post-17129","1":"product","2":"type-product","3":"status-publish","5":"product_cat-listeo-booking","7":"first","8":"instock","9":"downloadable","10":"virtual","11":"sold-individually","12":"taxable","13":"purchasable","14":"product-type-listing_booking"},"_links":{"self":[{"href":"https:\/\/linkmarkt.eu\/en\/wp-json\/wp\/v2\/product\/17129","targetHints":{"allow":["GET"]}}],"collection":[{"href":"https:\/\/linkmarkt.eu\/en\/wp-json\/wp\/v2\/product"}],"about":[{"href":"https:\/\/linkmarkt.eu\/en\/wp-json\/wp\/v2\/types\/product"}],"replies":[{"embeddable":true,"href":"https:\/\/linkmarkt.eu\/en\/wp-json\/wp\/v2\/comments?post=17129"}],"version-history":[{"count":0,"href":"https:\/\/linkmarkt.eu\/en\/wp-json\/wp\/v2\/product\/17129\/revisions"}],"wp:attachment":[{"href":"https:\/\/linkmarkt.eu\/en\/wp-json\/wp\/v2\/media?parent=17129"}],"wp:term":[{"taxonomy":"product_brand","embeddable":true,"href":"https:\/\/linkmarkt.eu\/en\/wp-json\/wp\/v2\/product_brand?post=17129"},{"taxonomy":"product_cat","embeddable":true,"href":"https:\/\/linkmarkt.eu\/en\/wp-json\/wp\/v2\/product_cat?post=17129"},{"taxonomy":"product_tag","embeddable":true,"href":"https:\/\/linkmarkt.eu\/en\/wp-json\/wp\/v2\/product_tag?post=17129"}],"curies":[{"name":"wp","href":"https:\/\/api.w.org\/{rel}","templated":true}]}}