{"id":17196,"date":"2026-01-13T10:55:32","date_gmt":"2026-01-13T09:55:32","guid":{"rendered":"https:\/\/linkmarkt.eu\/product\/mehr-als-nur-eine-anzeige-entdecke-linkmarkt-hamburg\/"},"modified":"2026-01-13T10:55:32","modified_gmt":"2026-01-13T09:55:32","slug":"mehr-als-nur-eine-anzeige-entdecke-linkmarkt-hamburg","status":"publish","type":"product","link":"https:\/\/linkmarkt.eu\/en\/product\/mehr-als-nur-eine-anzeige-entdecke-linkmarkt-hamburg\/","title":{"rendered":"Mehr als nur eine Anzeige \u2013 entdecke LinkMarkt Hamburg"},"content":{"rendered":"<p>Mehr als nur eine Anzeige \u2013 entdecke LinkMarkt Hamburg<\/p>\n<p>Auf LinkMarkt.eu Hamburg kannst du:<br \/>\n\u2705 Links zu Social Media &amp; Website hinzuf\u00fcgen<br \/>\n\u2705 Service-Kategorien mit Kalender f\u00fcr Buchungen<br \/>\n\u2705 Sichtbarkeit f\u00fcr lokale Kunden erh\u00f6hen<br \/>\nKeine passende Kategorie? WhatsApp oder E-Mail gen\u00fcgt, wir erweitern das Portal!<\/p>\n<p><a href=\"https:\/\/linkmarkt.eu\/my-account\/\">\ud83d\udc49 Anzeige erstellen auf LinkMarkt.eu Hamburg<\/a><\/p>\n","protected":false},"excerpt":{"rendered":"<p>Mehr als nur eine Anzeige \u2013 entdecke LinkMarkt Hamburg Auf LinkMarkt.eu Hamburg kannst du: \u2705 Links zu Social Media &amp; Website hinzuf\u00fcgen \u2705 Service-Kategorien mit Kalender f\u00fcr Buchungen \u2705 Sichtbarkeit f\u00fcr lokale Kunden erh\u00f6hen Keine passende Kategorie? WhatsApp oder E-Mail gen\u00fcgt, wir erweitern das Portal! \ud83d\udc49 Anzeige erstellen auf LinkMarkt.eu Hamburg<\/p>\n","protected":false},"featured_media":0,"comment_status":"open","ping_status":"closed","template":"","meta":{"_seopress_robots_primary_cat":"","_seopress_titles_title":"","_seopress_titles_desc":"","_seopress_robots_index":"","googlesitekit_rrm_CAowz76iDA:productID":""},"product_brand":[],"product_cat":[21],"product_tag":[],"class_list":{"0":"post-17196","1":"product","2":"type-product","3":"status-publish","5":"product_cat-listeo-booking","7":"first","8":"instock","9":"downloadable","10":"virtual","11":"sold-individually","12":"taxable","13":"purchasable","14":"product-type-listing_booking"},"_links":{"self":[{"href":"https:\/\/linkmarkt.eu\/en\/wp-json\/wp\/v2\/product\/17196","targetHints":{"allow":["GET"]}}],"collection":[{"href":"https:\/\/linkmarkt.eu\/en\/wp-json\/wp\/v2\/product"}],"about":[{"href":"https:\/\/linkmarkt.eu\/en\/wp-json\/wp\/v2\/types\/product"}],"replies":[{"embeddable":true,"href":"https:\/\/linkmarkt.eu\/en\/wp-json\/wp\/v2\/comments?post=17196"}],"version-history":[{"count":0,"href":"https:\/\/linkmarkt.eu\/en\/wp-json\/wp\/v2\/product\/17196\/revisions"}],"wp:attachment":[{"href":"https:\/\/linkmarkt.eu\/en\/wp-json\/wp\/v2\/media?parent=17196"}],"wp:term":[{"taxonomy":"product_brand","embeddable":true,"href":"https:\/\/linkmarkt.eu\/en\/wp-json\/wp\/v2\/product_brand?post=17196"},{"taxonomy":"product_cat","embeddable":true,"href":"https:\/\/linkmarkt.eu\/en\/wp-json\/wp\/v2\/product_cat?post=17196"},{"taxonomy":"product_tag","embeddable":true,"href":"https:\/\/linkmarkt.eu\/en\/wp-json\/wp\/v2\/product_tag?post=17196"}],"curies":[{"name":"wp","href":"https:\/\/api.w.org\/{rel}","templated":true}]}}