{"id":17362,"date":"2026-01-19T13:22:26","date_gmt":"2026-01-19T12:22:26","guid":{"rendered":"https:\/\/linkmarkt.eu\/product\/crave-burner\/"},"modified":"2026-01-19T13:22:26","modified_gmt":"2026-01-19T12:22:26","slug":"crave-burner","status":"publish","type":"product","link":"https:\/\/linkmarkt.eu\/en\/product\/crave-burner\/","title":{"rendered":"Crave Burner"},"content":{"rendered":"<p>Crave Burner to wielosk\u0142adnikowy suplement diety, kt\u00f3ry pomaga kontrolowa\u0107 apetyt i mas\u0119 cia\u0142a. Sk\u0142adniki zawarte w tej wyj\u0105tkowej formule promuj\u0105 i zmniejszaj\u0105 metabolizm t\u0142uszcz\u00f3w, zwi\u0119kszaj\u0105 apetyt, a tak\u017ce pomagaj\u0105 zwi\u0119kszy\u0107 uczucie syto\u015bci. Ponadto regularne spo\u017cywanie<a href=\"https:\/\/nplink.net\/03e70s5s\"> Crave Burner poprawia trawienie, a tak\u017ce pomaga utrzyma\u0107 stabilny poziom<\/a> cukru we krwi.<\/p>\n<p>Palnik Crave bardzo wydajny &#8211; dzi\u0119ki unikalnej mieszanki z 7 sk\u0142adnik\u00f3w, kt\u00f3re, oczywi\u015bcie, u\u0142atwiaj\u0105 powr\u00f3t do dawnej szczup\u0142\u0105 sylwetk\u0119. Produkt ten doskonale nadaje si\u0119 dla os\u00f3b, kt\u00f3rym trudno jest kontrolowa\u0107 ilo\u015b\u0107 spo\u017cywanych kalorii<a href=\"https:\/\/nplink.net\/03e70s5s\">.Sprawd\u017c to\u00a0<\/a><\/p>\n","protected":false},"excerpt":{"rendered":"<p>Crave Burner to wielosk\u0142adnikowy suplement diety, kt\u00f3ry pomaga kontrolowa\u0107 apetyt i mas\u0119 cia\u0142a. Sk\u0142adniki zawarte w tej wyj\u0105tkowej formule promuj\u0105 i zmniejszaj\u0105 metabolizm t\u0142uszcz\u00f3w, zwi\u0119kszaj\u0105 apetyt, a tak\u017ce pomagaj\u0105 zwi\u0119kszy\u0107 uczucie syto\u015bci. Ponadto regularne spo\u017cywanie Crave Burner poprawia trawienie, a tak\u017ce pomaga utrzyma\u0107 stabilny poziom cukru we krwi. Palnik Crave bardzo wydajny &#8211; dzi\u0119ki unikalnej [&hellip;]<\/p>\n","protected":false},"featured_media":0,"comment_status":"open","ping_status":"closed","template":"","meta":{"_seopress_robots_primary_cat":"","_seopress_titles_title":"","_seopress_titles_desc":"","_seopress_robots_index":"","googlesitekit_rrm_CAowz76iDA:productID":""},"product_brand":[],"product_cat":[21],"product_tag":[],"class_list":{"0":"post-17362","1":"product","2":"type-product","3":"status-publish","5":"product_cat-listeo-booking","7":"first","8":"instock","9":"downloadable","10":"virtual","11":"sold-individually","12":"taxable","13":"purchasable","14":"product-type-listing_booking"},"_links":{"self":[{"href":"https:\/\/linkmarkt.eu\/en\/wp-json\/wp\/v2\/product\/17362","targetHints":{"allow":["GET"]}}],"collection":[{"href":"https:\/\/linkmarkt.eu\/en\/wp-json\/wp\/v2\/product"}],"about":[{"href":"https:\/\/linkmarkt.eu\/en\/wp-json\/wp\/v2\/types\/product"}],"replies":[{"embeddable":true,"href":"https:\/\/linkmarkt.eu\/en\/wp-json\/wp\/v2\/comments?post=17362"}],"version-history":[{"count":0,"href":"https:\/\/linkmarkt.eu\/en\/wp-json\/wp\/v2\/product\/17362\/revisions"}],"wp:attachment":[{"href":"https:\/\/linkmarkt.eu\/en\/wp-json\/wp\/v2\/media?parent=17362"}],"wp:term":[{"taxonomy":"product_brand","embeddable":true,"href":"https:\/\/linkmarkt.eu\/en\/wp-json\/wp\/v2\/product_brand?post=17362"},{"taxonomy":"product_cat","embeddable":true,"href":"https:\/\/linkmarkt.eu\/en\/wp-json\/wp\/v2\/product_cat?post=17362"},{"taxonomy":"product_tag","embeddable":true,"href":"https:\/\/linkmarkt.eu\/en\/wp-json\/wp\/v2\/product_tag?post=17362"}],"curies":[{"name":"wp","href":"https:\/\/api.w.org\/{rel}","templated":true}]}}