{"id":17417,"date":"2026-01-20T12:42:07","date_gmt":"2026-01-20T11:42:07","guid":{"rendered":"https:\/\/linkmarkt.eu\/product\/entdecke-inspirierende-hoerbuecher-fuer-alltag-fokus-und-innere-balance\/"},"modified":"2026-01-20T12:42:07","modified_gmt":"2026-01-20T11:42:07","slug":"entdecke-inspirierende-hoerbuecher-fuer-alltag-fokus-und-innere-balance","status":"publish","type":"product","link":"https:\/\/linkmarkt.eu\/en\/product\/entdecke-inspirierende-hoerbuecher-fuer-alltag-fokus-und-innere-balance\/","title":{"rendered":"Entdecke inspirierende H\u00f6rb\u00fccher f\u00fcr Alltag, Fokus und innere Balance."},"content":{"rendered":"<p>Unsere sorgf\u00e4ltig ausgew\u00e4hlten Audiobooks begleiten dich im Alltag \u2013 beim Spazierengehen, Autofahren oder Entspannen. Inhalte rund um pers\u00f6nliche Entwicklung, Achtsamkeit, Motivation und bewussten Lebensstil \u2013 einfach anh\u00f6ren, wann immer du willst.<\/p>\n<p>Ideal f\u00fcr Menschen, die:<\/p>\n<p>wenig Zeit zum Lesen haben<br \/>\nsich weiterentwickeln m\u00f6chten<br \/>\nneue Impulse f\u00fcr K\u00f6rper &amp; Geist suchen<br \/>\nlieber h\u00f6ren als lesen<br \/>\n\ud83c\udfa7 Flexibel. Inspirierend. Alltagstauglich.<\/p>\n<p><a href=\"\/\/lowest-prices.eu\/a\/jRMXqtRgqBI7nOy\">Jetzt entdecken und reinh\u00f6ren.<\/a><\/p>\n","protected":false},"excerpt":{"rendered":"<p>Unsere sorgf\u00e4ltig ausgew\u00e4hlten Audiobooks begleiten dich im Alltag \u2013 beim Spazierengehen, Autofahren oder Entspannen. Inhalte rund um pers\u00f6nliche Entwicklung, Achtsamkeit, Motivation und bewussten Lebensstil \u2013 einfach anh\u00f6ren, wann immer du willst. Ideal f\u00fcr Menschen, die: wenig Zeit zum Lesen haben sich weiterentwickeln m\u00f6chten neue Impulse f\u00fcr K\u00f6rper &amp; Geist suchen lieber h\u00f6ren als lesen \ud83c\udfa7 [&hellip;]<\/p>\n","protected":false},"featured_media":0,"comment_status":"open","ping_status":"closed","template":"","meta":{"_seopress_robots_primary_cat":"","_seopress_titles_title":"","_seopress_titles_desc":"","_seopress_robots_index":"","googlesitekit_rrm_CAowz76iDA:productID":""},"product_brand":[],"product_cat":[21],"product_tag":[],"class_list":{"0":"post-17417","1":"product","2":"type-product","3":"status-publish","5":"product_cat-listeo-booking","7":"first","8":"instock","9":"downloadable","10":"virtual","11":"sold-individually","12":"taxable","13":"purchasable","14":"product-type-listing_booking"},"_links":{"self":[{"href":"https:\/\/linkmarkt.eu\/en\/wp-json\/wp\/v2\/product\/17417","targetHints":{"allow":["GET"]}}],"collection":[{"href":"https:\/\/linkmarkt.eu\/en\/wp-json\/wp\/v2\/product"}],"about":[{"href":"https:\/\/linkmarkt.eu\/en\/wp-json\/wp\/v2\/types\/product"}],"replies":[{"embeddable":true,"href":"https:\/\/linkmarkt.eu\/en\/wp-json\/wp\/v2\/comments?post=17417"}],"version-history":[{"count":0,"href":"https:\/\/linkmarkt.eu\/en\/wp-json\/wp\/v2\/product\/17417\/revisions"}],"wp:attachment":[{"href":"https:\/\/linkmarkt.eu\/en\/wp-json\/wp\/v2\/media?parent=17417"}],"wp:term":[{"taxonomy":"product_brand","embeddable":true,"href":"https:\/\/linkmarkt.eu\/en\/wp-json\/wp\/v2\/product_brand?post=17417"},{"taxonomy":"product_cat","embeddable":true,"href":"https:\/\/linkmarkt.eu\/en\/wp-json\/wp\/v2\/product_cat?post=17417"},{"taxonomy":"product_tag","embeddable":true,"href":"https:\/\/linkmarkt.eu\/en\/wp-json\/wp\/v2\/product_tag?post=17417"}],"curies":[{"name":"wp","href":"https:\/\/api.w.org\/{rel}","templated":true}]}}