{"id":17421,"date":"2026-01-20T12:46:24","date_gmt":"2026-01-20T11:46:24","guid":{"rendered":"https:\/\/linkmarkt.eu\/product\/hoerbuecher-fuer-mehr-klarheit-fokus\/"},"modified":"2026-01-20T12:46:24","modified_gmt":"2026-01-20T11:46:24","slug":"hoerbuecher-fuer-mehr-klarheit-fokus","status":"publish","type":"product","link":"https:\/\/linkmarkt.eu\/en\/product\/hoerbuecher-fuer-mehr-klarheit-fokus\/","title":{"rendered":"H\u00f6rb\u00fccher f\u00fcr mehr Klarheit &#038; Fokus"},"content":{"rendered":"<p>Diese Audiobooks unterst\u00fctzen dich dabei, bewusster durch den Alltag zu gehen. Perfekt f\u00fcr unterwegs oder entspannte Abende. Inspiration, Motivation und neue Perspektiven \u2013 direkt auf die Ohren.<\/p>\n<p>\ud83d\udc49 <a href=\"\/\/lowest-prices.eu\/a\/jRMXqtRgqBI7nOy\">Jetzt entdecken und anh\u00f6ren<\/a><\/p>\n","protected":false},"excerpt":{"rendered":"<p>Diese Audiobooks unterst\u00fctzen dich dabei, bewusster durch den Alltag zu gehen. Perfekt f\u00fcr unterwegs oder entspannte Abende. Inspiration, Motivation und neue Perspektiven \u2013 direkt auf die Ohren. \ud83d\udc49 Jetzt entdecken und anh\u00f6ren<\/p>\n","protected":false},"featured_media":0,"comment_status":"open","ping_status":"closed","template":"","meta":{"_seopress_robots_primary_cat":"","_seopress_titles_title":"","_seopress_titles_desc":"","_seopress_robots_index":"","googlesitekit_rrm_CAowz76iDA:productID":""},"product_brand":[],"product_cat":[21],"product_tag":[],"class_list":{"0":"post-17421","1":"product","2":"type-product","3":"status-publish","5":"product_cat-listeo-booking","7":"first","8":"instock","9":"downloadable","10":"virtual","11":"sold-individually","12":"taxable","13":"purchasable","14":"product-type-listing_booking"},"_links":{"self":[{"href":"https:\/\/linkmarkt.eu\/en\/wp-json\/wp\/v2\/product\/17421","targetHints":{"allow":["GET"]}}],"collection":[{"href":"https:\/\/linkmarkt.eu\/en\/wp-json\/wp\/v2\/product"}],"about":[{"href":"https:\/\/linkmarkt.eu\/en\/wp-json\/wp\/v2\/types\/product"}],"replies":[{"embeddable":true,"href":"https:\/\/linkmarkt.eu\/en\/wp-json\/wp\/v2\/comments?post=17421"}],"version-history":[{"count":0,"href":"https:\/\/linkmarkt.eu\/en\/wp-json\/wp\/v2\/product\/17421\/revisions"}],"wp:attachment":[{"href":"https:\/\/linkmarkt.eu\/en\/wp-json\/wp\/v2\/media?parent=17421"}],"wp:term":[{"taxonomy":"product_brand","embeddable":true,"href":"https:\/\/linkmarkt.eu\/en\/wp-json\/wp\/v2\/product_brand?post=17421"},{"taxonomy":"product_cat","embeddable":true,"href":"https:\/\/linkmarkt.eu\/en\/wp-json\/wp\/v2\/product_cat?post=17421"},{"taxonomy":"product_tag","embeddable":true,"href":"https:\/\/linkmarkt.eu\/en\/wp-json\/wp\/v2\/product_tag?post=17421"}],"curies":[{"name":"wp","href":"https:\/\/api.w.org\/{rel}","templated":true}]}}