{"id":17520,"date":"2026-01-23T09:03:03","date_gmt":"2026-01-23T08:03:03","guid":{"rendered":"https:\/\/linkmarkt.eu\/product\/%f0%9f%8c%9f-jetzt-neu-auf-linkmarkt-eu-oeffnungszeiten-in-anzeigen-%f0%9f%8c%9f\/"},"modified":"2026-01-23T09:03:03","modified_gmt":"2026-01-23T08:03:03","slug":"%f0%9f%8c%9f-jetzt-neu-auf-linkmarkt-eu-oeffnungszeiten-in-anzeigen-%f0%9f%8c%9f","status":"publish","type":"product","link":"https:\/\/linkmarkt.eu\/en\/product\/%f0%9f%8c%9f-jetzt-neu-auf-linkmarkt-eu-oeffnungszeiten-in-anzeigen-%f0%9f%8c%9f\/","title":{"rendered":"\ud83c\udf1f Jetzt neu auf LinkMarkt.eu: \u00d6ffnungszeiten in Anzeigen! \ud83c\udf1f"},"content":{"rendered":"<p>Zeigen Sie Ihren Kunden direkt, wann Ihr Gesch\u00e4ft ge\u00f6ffnet ist \u2013 mehr Klicks, weniger R\u00fcckfragen und h\u00f6here Sichtbarkeit! \ud83d\udd52<\/p>\n<p>Perfekt f\u00fcr Restaurants, Shops, Werkst\u00e4tten, Salons und alle lokalen Dienstleistungen.<\/p>\n<p>\u27a1 F\u00fcgen Sie jetzt Ihre \u00d6ffnungszeiten hinzu und profitieren Sie von der neuen Funktion!<\/p>\n<p>#LinkMarktEU #\u00d6ffnungszeiten #LokaleAnzeigen #Dienstleister #Sichtbarkeit<\/p>\n","protected":false},"excerpt":{"rendered":"<p>Zeigen Sie Ihren Kunden direkt, wann Ihr Gesch\u00e4ft ge\u00f6ffnet ist \u2013 mehr Klicks, weniger R\u00fcckfragen und h\u00f6here Sichtbarkeit! \ud83d\udd52 Perfekt f\u00fcr Restaurants, Shops, Werkst\u00e4tten, Salons und alle lokalen Dienstleistungen. \u27a1 F\u00fcgen Sie jetzt Ihre \u00d6ffnungszeiten hinzu und profitieren Sie von der neuen Funktion! #LinkMarktEU #\u00d6ffnungszeiten #LokaleAnzeigen #Dienstleister #Sichtbarkeit<\/p>\n","protected":false},"featured_media":0,"comment_status":"open","ping_status":"closed","template":"","meta":{"_seopress_robots_primary_cat":"","_seopress_titles_title":"","_seopress_titles_desc":"","_seopress_robots_index":"","googlesitekit_rrm_CAowz76iDA:productID":""},"product_brand":[],"product_cat":[21],"product_tag":[],"class_list":{"0":"post-17520","1":"product","2":"type-product","3":"status-publish","5":"product_cat-listeo-booking","7":"first","8":"instock","9":"downloadable","10":"virtual","11":"sold-individually","12":"taxable","13":"purchasable","14":"product-type-listing_booking"},"_links":{"self":[{"href":"https:\/\/linkmarkt.eu\/en\/wp-json\/wp\/v2\/product\/17520","targetHints":{"allow":["GET"]}}],"collection":[{"href":"https:\/\/linkmarkt.eu\/en\/wp-json\/wp\/v2\/product"}],"about":[{"href":"https:\/\/linkmarkt.eu\/en\/wp-json\/wp\/v2\/types\/product"}],"replies":[{"embeddable":true,"href":"https:\/\/linkmarkt.eu\/en\/wp-json\/wp\/v2\/comments?post=17520"}],"version-history":[{"count":0,"href":"https:\/\/linkmarkt.eu\/en\/wp-json\/wp\/v2\/product\/17520\/revisions"}],"wp:attachment":[{"href":"https:\/\/linkmarkt.eu\/en\/wp-json\/wp\/v2\/media?parent=17520"}],"wp:term":[{"taxonomy":"product_brand","embeddable":true,"href":"https:\/\/linkmarkt.eu\/en\/wp-json\/wp\/v2\/product_brand?post=17520"},{"taxonomy":"product_cat","embeddable":true,"href":"https:\/\/linkmarkt.eu\/en\/wp-json\/wp\/v2\/product_cat?post=17520"},{"taxonomy":"product_tag","embeddable":true,"href":"https:\/\/linkmarkt.eu\/en\/wp-json\/wp\/v2\/product_tag?post=17520"}],"curies":[{"name":"wp","href":"https:\/\/api.w.org\/{rel}","templated":true}]}}