{"id":17630,"date":"2026-01-25T18:05:49","date_gmt":"2026-01-25T17:05:49","guid":{"rendered":"https:\/\/linkmarkt.eu\/?post_type=product&#038;p=17630"},"modified":"2026-01-25T18:26:22","modified_gmt":"2026-01-25T17:26:22","slug":"schuetzen-sie-ihren-baby-autositz-mit-diesem-bequemen-und-stilvollen-bezug","status":"publish","type":"product","link":"https:\/\/linkmarkt.eu\/en\/product\/schuetzen-sie-ihren-baby-autositz-mit-diesem-bequemen-und-stilvollen-bezug\/","title":{"rendered":"Komfortabler &#038; stilvoller Schutzbezug f\u00fcr Babyschalen und Kindersitze."},"content":{"rendered":"<p data-start=\"297\" data-end=\"522\">Sch\u00fctzen Sie den Autositz Ihres Babys mit diesem komfortablen und stilvollen Schutzbezug.<br data-start=\"386\" data-end=\"389\" \/>Der Bezug wurde speziell entwickelt, um den Kindersitz sauber zu halten und gleichzeitig zus\u00e4tzlichen Komfort f\u00fcr Ihr Kind zu bieten.<\/p>\n<p data-start=\"524\" data-end=\"793\">Dank des weichen, hautfreundlichen Materials eignet sich der Bezug ideal f\u00fcr den t\u00e4glichen Gebrauch \u2013 egal ob f\u00fcr kurze Fahrten oder l\u00e4ngere Reisen. Das moderne Design passt sich harmonisch dem Innenraum Ihres Fahrzeugs an und sorgt f\u00fcr ein gepflegtes Erscheinungsbild.<\/p>\n<p data-start=\"795\" data-end=\"895\"><strong data-start=\"795\" data-end=\"830\">Geeignet f\u00fcr Kinder ab 0 Jahren<\/strong> und kompatibel mit vielen g\u00e4ngigen Babyschalen und Kindersitzen.<\/p>\n<hr data-start=\"897\" data-end=\"900\" \/>\n<h2 data-start=\"902\" data-end=\"926\">\ud83d\udccc <strong data-start=\"908\" data-end=\"926\">Produktdetails<\/strong><\/h2>\n<ul data-start=\"928\" data-end=\"1242\">\n<li data-start=\"928\" data-end=\"989\">\n<p data-start=\"930\" data-end=\"989\"><strong data-start=\"930\" data-end=\"945\">Produkttyp:<\/strong> Schutzbezug f\u00fcr Babyschalen &amp; Kindersitze<\/p>\n<\/li>\n<li data-start=\"990\" data-end=\"1040\">\n<p data-start=\"992\" data-end=\"1040\"><strong data-start=\"992\" data-end=\"1009\">Altersgruppe:<\/strong> 0+ Jahre, 3+ Jahre, 6+ Jahre<\/p>\n<\/li>\n<li data-start=\"1041\" data-end=\"1176\">\n<p data-start=\"1043\" data-end=\"1063\"><strong data-start=\"1043\" data-end=\"1061\">Eigenschaften:<\/strong><\/p>\n<ul data-start=\"1066\" data-end=\"1176\">\n<li data-start=\"1066\" data-end=\"1084\">\n<p data-start=\"1068\" data-end=\"1084\">weich &amp; bequem<\/p>\n<\/li>\n<li data-start=\"1087\" data-end=\"1124\">\n<p data-start=\"1089\" data-end=\"1124\">sch\u00fctzt vor Schmutz und Abnutzung<\/p>\n<\/li>\n<li data-start=\"1127\" data-end=\"1143\">\n<p data-start=\"1129\" data-end=\"1143\">pflegeleicht<\/p>\n<\/li>\n<li data-start=\"1146\" data-end=\"1176\">\n<p data-start=\"1148\" data-end=\"1176\">modernes, zeitloses Design<\/p>\n<\/li>\n<\/ul>\n<\/li>\n<li data-start=\"1177\" data-end=\"1217\">\n<p data-start=\"1179\" data-end=\"1217\"><strong data-start=\"1179\" data-end=\"1194\">Verwendung:<\/strong> Auto, Reisen, Alltag<\/p>\n<\/li>\n<\/ul>\n<p>&nbsp;<\/p>\n<p><img decoding=\"async\" src=\"https:\/\/img.kwcdn.com\/product\/1dab9aa434\/84fcc9ce-bf5a-4704-8932-48ff17cd4164_1500x1500.jpeg\" \/><img decoding=\"async\" src=\"https:\/\/img.kwcdn.com\/product\/1dab9aa434\/a107c3de-4d45-46ef-b0f3-2d0de2e04655_1600x1600.jpeg\" \/><img decoding=\"async\" src=\"https:\/\/img.kwcdn.com\/product\/1dab9aa434\/ab2c65e4-5c10-4ad7-987b-8235bbb632cb_1600x1600.jpeg\" \/><\/p>\n","protected":false},"excerpt":{"rendered":"<p>Sch\u00fctzen Sie den Autositz Ihres Babys mit diesem komfortablen und stilvollen Schutzbezug.Der Bezug wurde speziell entwickelt, um den Kindersitz sauber zu halten und gleichzeitig zus\u00e4tzlichen Komfort f\u00fcr Ihr Kind zu bieten. Dank des weichen, hautfreundlichen Materials eignet sich der Bezug ideal f\u00fcr den t\u00e4glichen Gebrauch \u2013 egal ob f\u00fcr kurze Fahrten oder l\u00e4ngere Reisen. Das [&hellip;]<\/p>\n","protected":false},"featured_media":17624,"comment_status":"open","ping_status":"closed","template":"","meta":{"_seopress_robots_primary_cat":"none","_seopress_titles_title":"Schutzbezug f\u00fcr Babyschalen & Kindersitze \u2013 Komfort & Stil","_seopress_titles_desc":"Komfortabler Schutzbezug f\u00fcr Babyschalen und Kindersitze. Sch\u00fctzt den Autositz, bietet zus\u00e4tzlichen Komfort und ist f\u00fcr Kinder ab 0 Jahren geeignet.","_seopress_robots_index":"","googlesitekit_rrm_CAowz76iDA:productID":""},"product_brand":[],"product_cat":[611,616],"product_tag":[3242,3239,3237,3241,3243,3238,3240],"class_list":{"0":"post-17630","1":"product","2":"type-product","3":"status-publish","4":"has-post-thumbnail","6":"product_cat-baby-kinder","7":"product_cat-baby-zubehoer","8":"product_tag-autositz-baby-schutz","9":"product_tag-autositz-schutz-baby","10":"product_tag-babyschalen-schutzbezug","11":"product_tag-babysitz-abdeckung","12":"product_tag-kinder-auto-zubehoer","13":"product_tag-kindersitz-bezug","14":"product_tag-kindersitz-zubehoer","15":"product_shipping_class-free-shipping","17":"first","18":"instock","19":"sale","20":"taxable","21":"shipping-taxable","22":"purchasable","23":"product-type-variable"},"_links":{"self":[{"href":"https:\/\/linkmarkt.eu\/en\/wp-json\/wp\/v2\/product\/17630","targetHints":{"allow":["GET"]}}],"collection":[{"href":"https:\/\/linkmarkt.eu\/en\/wp-json\/wp\/v2\/product"}],"about":[{"href":"https:\/\/linkmarkt.eu\/en\/wp-json\/wp\/v2\/types\/product"}],"replies":[{"embeddable":true,"href":"https:\/\/linkmarkt.eu\/en\/wp-json\/wp\/v2\/comments?post=17630"}],"version-history":[{"count":2,"href":"https:\/\/linkmarkt.eu\/en\/wp-json\/wp\/v2\/product\/17630\/revisions"}],"predecessor-version":[{"id":17641,"href":"https:\/\/linkmarkt.eu\/en\/wp-json\/wp\/v2\/product\/17630\/revisions\/17641"}],"wp:featuredmedia":[{"embeddable":true,"href":"https:\/\/linkmarkt.eu\/en\/wp-json\/wp\/v2\/media\/17624"}],"wp:attachment":[{"href":"https:\/\/linkmarkt.eu\/en\/wp-json\/wp\/v2\/media?parent=17630"}],"wp:term":[{"taxonomy":"product_brand","embeddable":true,"href":"https:\/\/linkmarkt.eu\/en\/wp-json\/wp\/v2\/product_brand?post=17630"},{"taxonomy":"product_cat","embeddable":true,"href":"https:\/\/linkmarkt.eu\/en\/wp-json\/wp\/v2\/product_cat?post=17630"},{"taxonomy":"product_tag","embeddable":true,"href":"https:\/\/linkmarkt.eu\/en\/wp-json\/wp\/v2\/product_tag?post=17630"}],"curies":[{"name":"wp","href":"https:\/\/api.w.org\/{rel}","templated":true}]}}