{"id":17633,"date":"2026-01-25T18:16:42","date_gmt":"2026-01-25T17:16:42","guid":{"rendered":"https:\/\/linkmarkt.eu\/?post_type=product&#038;p=17633"},"modified":"2026-01-25T18:18:15","modified_gmt":"2026-01-25T17:18:15","slug":"white-peony-anti-aging-serum","status":"publish","type":"product","link":"https:\/\/linkmarkt.eu\/en\/product\/white-peony-anti-aging-serum\/","title":{"rendered":"White Peony Anti-Aging Serum."},"content":{"rendered":"<p data-start=\"304\" data-end=\"549\">Dieses hochwertige Anti-Aging-Serum \u00fcberzeugt durch eine einzigartige antioxidative und regenerierende Formel.<br data-start=\"414\" data-end=\"417\" \/>Die Kombination aus pflanzlichen Wirkstoffen wie <strong data-start=\"466\" data-end=\"488\">wei\u00dfer Pfingstrose<\/strong> und <strong data-start=\"493\" data-end=\"516\">Drachenblut-Extrakt<\/strong> sowie <strong data-start=\"523\" data-end=\"536\">Vitamin C<\/strong> hilft dabei:<\/p>\n<ul data-start=\"551\" data-end=\"720\">\n<li data-start=\"551\" data-end=\"601\">\n<p data-start=\"553\" data-end=\"601\">feine Linien und Falten sichtbar zu reduzieren<\/p>\n<\/li>\n<li data-start=\"602\" data-end=\"631\">\n<p data-start=\"604\" data-end=\"631\">den Hautton auszugleichen<\/p>\n<\/li>\n<li data-start=\"632\" data-end=\"666\">\n<p data-start=\"634\" data-end=\"666\">die Hautstruktur zu verbessern<\/p>\n<\/li>\n<li data-start=\"667\" data-end=\"720\">\n<p data-start=\"669\" data-end=\"720\">die Haut vor vorzeitiger Hautalterung zu sch\u00fctzen<\/p>\n<\/li>\n<\/ul>\n<p data-start=\"722\" data-end=\"811\">Die Haut wirkt sichtbar glatter, straffer und erh\u00e4lt ein frisches, jugendliches Strahlen.<\/p>\n<hr data-start=\"813\" data-end=\"816\" \/>\n<h2 data-start=\"818\" data-end=\"844\">\ud83e\uddf4 INHALTSSTOFFE (INCI)<\/h2>\n<p data-start=\"846\" data-end=\"1052\"><em data-start=\"846\" data-end=\"1052\">Aqua (Water), Glycerin, Paeonia Lactiflora Root Extract,<br data-start=\"903\" data-end=\"906\" \/>Schinus Molle Extract, Ascorbic Acid (Vitamin C),<br data-start=\"955\" data-end=\"958\" \/>Sodium Hyaluronate, Panthenol, Tocopherol,<br data-start=\"1000\" data-end=\"1003\" \/>Xanthan Gum, Phenoxyethanol, Ethylhexylglycerin.<\/em><\/p>\n<hr data-start=\"1054\" data-end=\"1057\" \/>\n<h2 data-start=\"1059\" data-end=\"1074\">\ud83d\udccc Anwendung<\/h2>\n<ol data-start=\"1076\" data-end=\"1281\">\n<li data-start=\"1076\" data-end=\"1117\">\n<p data-start=\"1079\" data-end=\"1117\">Gesicht und Hals gr\u00fcndlich reinigen.<\/p>\n<\/li>\n<li data-start=\"1118\" data-end=\"1169\">\n<p data-start=\"1121\" data-end=\"1169\">2\u20133 Tropfen des Serums auf die Haut auftragen.<\/p>\n<\/li>\n<li data-start=\"1170\" data-end=\"1229\">\n<p data-start=\"1173\" data-end=\"1229\">Sanft einmassieren, bis es vollst\u00e4ndig eingezogen ist.<\/p>\n<\/li>\n<li data-start=\"1230\" data-end=\"1281\">\n<p data-start=\"1233\" data-end=\"1281\">Morgens und abends vor der Pflegecreme anwenden.<\/p>\n<\/li>\n<li data-start=\"1230\" data-end=\"1281\">\n<p data-start=\"1332\" data-end=\"1505\"><strong data-start=\"1431\" data-end=\"1443\">auttyp:<\/strong> Alle Hauttypen, auch empfindliche Haut<br data-start=\"1482\" data-end=\"1485\" \/><strong data-start=\"1485\" data-end=\"1503\">Eigenschaften:<\/strong><\/p>\n<ul data-start=\"1506\" data-end=\"1583\">\n<li data-start=\"1506\" data-end=\"1522\">\n<p data-start=\"1508\" data-end=\"1522\">antioxidativ<\/p>\n<\/li>\n<li data-start=\"1523\" data-end=\"1540\">\n<p data-start=\"1525\" data-end=\"1540\">regenerierend<\/p>\n<\/li>\n<li data-start=\"1541\" data-end=\"1566\">\n<p data-start=\"1543\" data-end=\"1566\">feuchtigkeitsspendend<\/p>\n<\/li>\n<li data-start=\"1567\" data-end=\"1583\">\n<p data-start=\"1569\" data-end=\"1583\">hautgl\u00e4ttend<\/p>\n<\/li>\n<\/ul>\n<p data-start=\"1585\" data-end=\"1644\"><strong data-start=\"1585\" data-end=\"1598\">Frei von:<\/strong> Parabenen, Alkohol, k\u00fcnstlichen Farbstoffen<\/p>\n<\/li>\n<\/ol>\n","protected":false},"excerpt":{"rendered":"<p>Dieses hochwertige Anti-Aging-Serum \u00fcberzeugt durch eine einzigartige antioxidative und regenerierende Formel.Die Kombination aus pflanzlichen Wirkstoffen wie wei\u00dfer Pfingstrose und Drachenblut-Extrakt sowie Vitamin C hilft dabei: feine Linien und Falten sichtbar zu reduzieren den Hautton auszugleichen die Hautstruktur zu verbessern die Haut vor vorzeitiger Hautalterung zu sch\u00fctzen Die Haut wirkt sichtbar glatter, straffer und erh\u00e4lt ein [&hellip;]<\/p>\n","protected":false},"featured_media":17636,"comment_status":"open","ping_status":"closed","template":"","meta":{"_seopress_robots_primary_cat":"none","_seopress_titles_title":"White Peony Anti-Aging Serum \u2013 Straffende Gesichtspflege","_seopress_titles_desc":"Hochwirksames Anti-Aging Serum mit wei\u00dfer Pfingstrose & Vitamin C. Unterst\u00fctzt glatte, straffe und strahlende Haut. F\u00fcr alle Hauttypen geeignet.","_seopress_robots_index":"","googlesitekit_rrm_CAowz76iDA:productID":""},"product_brand":[],"product_cat":[3232],"product_tag":[3233,3236,829,383,842,3235,3234],"class_list":{"0":"post-17633","1":"product","2":"type-product","3":"status-publish","4":"has-post-thumbnail","6":"product_cat-gesichtspflege-anti-aging-serum","7":"product_tag-anti-aging-serum","8":"product_tag-faltenreduktion","9":"product_tag-feuchtigkeitspflege","10":"product_tag-gesichtspflege","11":"product_tag-hautregeneration","12":"product_tag-pfingstrose-serum","13":"product_tag-serum-mit-vitamin-c","14":"product_shipping_class-free-shipping","16":"first","17":"instock","18":"taxable","19":"shipping-taxable","20":"purchasable","21":"product-type-simple"},"_links":{"self":[{"href":"https:\/\/linkmarkt.eu\/en\/wp-json\/wp\/v2\/product\/17633","targetHints":{"allow":["GET"]}}],"collection":[{"href":"https:\/\/linkmarkt.eu\/en\/wp-json\/wp\/v2\/product"}],"about":[{"href":"https:\/\/linkmarkt.eu\/en\/wp-json\/wp\/v2\/types\/product"}],"replies":[{"embeddable":true,"href":"https:\/\/linkmarkt.eu\/en\/wp-json\/wp\/v2\/comments?post=17633"}],"version-history":[{"count":1,"href":"https:\/\/linkmarkt.eu\/en\/wp-json\/wp\/v2\/product\/17633\/revisions"}],"predecessor-version":[{"id":17637,"href":"https:\/\/linkmarkt.eu\/en\/wp-json\/wp\/v2\/product\/17633\/revisions\/17637"}],"wp:featuredmedia":[{"embeddable":true,"href":"https:\/\/linkmarkt.eu\/en\/wp-json\/wp\/v2\/media\/17636"}],"wp:attachment":[{"href":"https:\/\/linkmarkt.eu\/en\/wp-json\/wp\/v2\/media?parent=17633"}],"wp:term":[{"taxonomy":"product_brand","embeddable":true,"href":"https:\/\/linkmarkt.eu\/en\/wp-json\/wp\/v2\/product_brand?post=17633"},{"taxonomy":"product_cat","embeddable":true,"href":"https:\/\/linkmarkt.eu\/en\/wp-json\/wp\/v2\/product_cat?post=17633"},{"taxonomy":"product_tag","embeddable":true,"href":"https:\/\/linkmarkt.eu\/en\/wp-json\/wp\/v2\/product_tag?post=17633"}],"curies":[{"name":"wp","href":"https:\/\/api.w.org\/{rel}","templated":true}]}}