{"id":17651,"date":"2026-01-25T18:43:33","date_gmt":"2026-01-25T17:43:33","guid":{"rendered":"https:\/\/linkmarkt.eu\/?post_type=product&#038;p=17651"},"modified":"2026-01-29T15:52:34","modified_gmt":"2026-01-29T14:52:34","slug":"4er-pack-isolierende-fluessig-foundation-concealer-loses-puder-langanhaltend-oelregulierend-feuchtigkeitsspendend-anfaenger-set-valentinstagsgeschenk-fuer-frauen-ideales-geschenk-zum-muttertag","status":"publish","type":"product","link":"https:\/\/linkmarkt.eu\/en\/product\/4er-pack-isolierende-fluessig-foundation-concealer-loses-puder-langanhaltend-oelregulierend-feuchtigkeitsspendend-anfaenger-set-valentinstagsgeschenk-fuer-frauen-ideales-geschenk-zum-muttertag\/","title":{"rendered":"4-teiliges Make-up Set \u2013 Foundation, Concealer &#038; Puder mit pflanzlichem Squalan."},"content":{"rendered":"<p data-start=\"366\" data-end=\"747\">Dieses hochwertige 4-teilige Make-up Set bietet alles, was du f\u00fcr ein nat\u00fcrliches und gepflegtes Make-up brauchst. Das Set kombiniert fl\u00fcssige Foundation, Concealer und losen Puder f\u00fcr einen gleichm\u00e4\u00dfigen Teint und ein langanhaltendes Ergebnis. Die Formeln sorgen f\u00fcr zuverl\u00e4ssige \u00d6lkontrolle, w\u00e4hrend die Haut gleichzeitig mit Feuchtigkeit versorgt wird.<\/p>\n<p data-start=\"749\" data-end=\"1077\">Dank des enthaltenen pflanzlichen Squalans f\u00fchlt sich das Make-up angenehm auf der Haut an und unterst\u00fctzt ein geschmeidiges Hautgef\u00fchl. Das Set eignet sich perfekt f\u00fcr Einsteigerinnen, ist aber auch ideal f\u00fcr den t\u00e4glichen Gebrauch. Durch die einfache Anwendung l\u00e4sst sich das Make-up schnell aufbauen und individuell anpassen.<\/p>\n<p data-start=\"1079\" data-end=\"1275\">Ob als Geschenk zum Valentinstag, Muttertag oder als praktisches All-in-One-Set f\u00fcr den eigenen Schminktisch \u2013 dieses Make-up Set ist vielseitig einsetzbar und \u00fcberzeugt durch Komfort und Wirkung.<\/p>\n<p data-start=\"1277\" data-end=\"1294\"><strong data-start=\"1277\" data-end=\"1294\">Geeignet f\u00fcr:<\/strong><\/p>\n<ul data-start=\"1295\" data-end=\"1410\">\n<li data-start=\"1295\" data-end=\"1320\">\n<p data-start=\"1297\" data-end=\"1320\">Make-up Anf\u00e4ngerinnen<\/p>\n<\/li>\n<li data-start=\"1321\" data-end=\"1364\">\n<p data-start=\"1323\" data-end=\"1364\">T\u00e4gliches Make-up und besondere Anl\u00e4sse<\/p>\n<\/li>\n<li data-start=\"1365\" data-end=\"1410\">\n<p data-start=\"1367\" data-end=\"1410\">Geschenke f\u00fcr Valentinstag oder Muttertag<\/p>\n<\/li>\n<\/ul>\n<p data-start=\"1412\" data-end=\"1427\"><strong data-start=\"1412\" data-end=\"1427\">Highlights:<\/strong><\/p>\n<ul data-start=\"1428\" data-end=\"1628\">\n<li data-start=\"1428\" data-end=\"1454\">\n<p data-start=\"1430\" data-end=\"1454\">4-teiliges Make-up Set<\/p>\n<\/li>\n<li data-start=\"1455\" data-end=\"1496\">\n<p data-start=\"1457\" data-end=\"1496\">Foundation, Concealer und loser Puder<\/p>\n<\/li>\n<li data-start=\"1497\" data-end=\"1530\">\n<p data-start=\"1499\" data-end=\"1530\">Langanhaltend mit \u00d6lkontrolle<\/p>\n<\/li>\n<li data-start=\"1531\" data-end=\"1564\">\n<p data-start=\"1533\" data-end=\"1564\">Feuchtigkeitsspendende Formel<\/p>\n<\/li>\n<li data-start=\"1565\" data-end=\"1593\">\n<p data-start=\"1567\" data-end=\"1593\">Mit pflanzlichem Squalan<\/p>\n<\/li>\n<li data-start=\"1594\" data-end=\"1628\">\n<p data-start=\"1596\" data-end=\"1628\">Angenehmes, nat\u00fcrliches Finish<\/p>\n<\/li>\n<\/ul>\n<p data-start=\"1630\" data-end=\"1746\"><strong data-start=\"1630\" data-end=\"1644\">Anwendung:<\/strong><br data-start=\"1644\" data-end=\"1647\" \/>Foundation gleichm\u00e4\u00dfig auftragen, Unreinheiten mit Concealer abdecken und mit losem Puder fixieren.<\/p>\n<p>&nbsp;<\/p>\n<p><img decoding=\"async\" src=\"https:\/\/img.kwcdn.com\/product\/Fancyalgo\/VirtualModelMatting\/b57e361f49228acb742233007923496f.jpg\" \/><img decoding=\"async\" src=\"https:\/\/img.kwcdn.com\/product\/Fancyalgo\/VirtualModelMatting\/2a1709d6dae7b56306f7a283123b20bf.jpg\" \/><img decoding=\"async\" src=\"https:\/\/img.kwcdn.com\/product\/Fancyalgo\/VirtualModelMatting\/6054aec59b8a467336565ddf5d882f1b.jpg\" \/><img decoding=\"async\" src=\"https:\/\/img.kwcdn.com\/product\/Fancyalgo\/VirtualModelMatting\/ab3e99b7d1094438373fc166b4197db6.jpg\" \/><img decoding=\"async\" src=\"https:\/\/img.kwcdn.com\/product\/Fancyalgo\/VirtualModelMatting\/1b088912116a518d796acdc92e0768fc.jpg\" \/><\/p>\n","protected":false},"excerpt":{"rendered":"<p>Dieses hochwertige 4-teilige Make-up Set bietet alles, was du f\u00fcr ein nat\u00fcrliches und gepflegtes Make-up brauchst. Das Set kombiniert fl\u00fcssige Foundation, Concealer und losen Puder f\u00fcr einen gleichm\u00e4\u00dfigen Teint und ein langanhaltendes Ergebnis. Die Formeln sorgen f\u00fcr zuverl\u00e4ssige \u00d6lkontrolle, w\u00e4hrend die Haut gleichzeitig mit Feuchtigkeit versorgt wird. Dank des enthaltenen pflanzlichen Squalans f\u00fchlt sich das [&hellip;]<\/p>\n","protected":false},"featured_media":17644,"comment_status":"open","ping_status":"closed","template":"","meta":{"_seopress_robots_primary_cat":"none","_seopress_titles_title":"4-teiliges Make-up Set \u2013 Foundation, Concealer & Puder mit Squalan","_seopress_titles_desc":"Make-up Set mit Foundation, Concealer und losem Puder. Langanhaltend, feuchtigkeitsspendend, mit pflanzlichem Squalan \u2013 ideal f\u00fcr Anf\u00e4ngerinnen.","_seopress_robots_index":"","googlesitekit_rrm_CAowz76iDA:productID":""},"product_brand":[],"product_cat":[3376,1337],"product_tag":[3379,3380,3382,3383,3377,3378,3381,3384],"class_list":{"0":"post-17651","1":"product","2":"type-product","3":"status-publish","4":"has-post-thumbnail","6":"product_cat-kosmetik-make-up--make-up-sets","7":"product_cat-kosmetikzubehoer","8":"product_tag-foundation-concealer-puder-set","9":"product_tag-kosmetik-set-damen","10":"product_tag-langanhaltendes-make-up-set","11":"product_tag-make-up-mit-squalan","12":"product_tag-make-up-set-4-teilig","13":"product_tag-make-up-set-anfaenger","14":"product_tag-make-up-set-geschenk","15":"product_tag-oel-kontrolle-make-up","17":"first","18":"instock","19":"sale","20":"taxable","21":"shipping-taxable","22":"purchasable","23":"product-type-variable"},"_links":{"self":[{"href":"https:\/\/linkmarkt.eu\/en\/wp-json\/wp\/v2\/product\/17651","targetHints":{"allow":["GET"]}}],"collection":[{"href":"https:\/\/linkmarkt.eu\/en\/wp-json\/wp\/v2\/product"}],"about":[{"href":"https:\/\/linkmarkt.eu\/en\/wp-json\/wp\/v2\/types\/product"}],"replies":[{"embeddable":true,"href":"https:\/\/linkmarkt.eu\/en\/wp-json\/wp\/v2\/comments?post=17651"}],"version-history":[{"count":2,"href":"https:\/\/linkmarkt.eu\/en\/wp-json\/wp\/v2\/product\/17651\/revisions"}],"predecessor-version":[{"id":18169,"href":"https:\/\/linkmarkt.eu\/en\/wp-json\/wp\/v2\/product\/17651\/revisions\/18169"}],"wp:featuredmedia":[{"embeddable":true,"href":"https:\/\/linkmarkt.eu\/en\/wp-json\/wp\/v2\/media\/17644"}],"wp:attachment":[{"href":"https:\/\/linkmarkt.eu\/en\/wp-json\/wp\/v2\/media?parent=17651"}],"wp:term":[{"taxonomy":"product_brand","embeddable":true,"href":"https:\/\/linkmarkt.eu\/en\/wp-json\/wp\/v2\/product_brand?post=17651"},{"taxonomy":"product_cat","embeddable":true,"href":"https:\/\/linkmarkt.eu\/en\/wp-json\/wp\/v2\/product_cat?post=17651"},{"taxonomy":"product_tag","embeddable":true,"href":"https:\/\/linkmarkt.eu\/en\/wp-json\/wp\/v2\/product_tag?post=17651"}],"curies":[{"name":"wp","href":"https:\/\/api.w.org\/{rel}","templated":true}]}}