{"id":17701,"date":"2026-01-25T18:53:02","date_gmt":"2026-01-25T17:53:02","guid":{"rendered":"https:\/\/linkmarkt.eu\/?post_type=product&#038;p=17701"},"modified":"2026-01-29T15:37:07","modified_gmt":"2026-01-29T14:37:07","slug":"sexy-cable-bodycon-strickrock-anzuege-zweiteiler-set-langarm-crop-tops-high-waisted-slim-rock-set-damenbekleidung","status":"publish","type":"product","link":"https:\/\/linkmarkt.eu\/en\/product\/sexy-cable-bodycon-strickrock-anzuege-zweiteiler-set-langarm-crop-tops-high-waisted-slim-rock-set-damenbekleidung\/","title":{"rendered":"Damen Strick-Zweiteiler \u2013 Crop Top &#038; High-Waist Rock f\u00fcr Herbst &#038; Winter."},"content":{"rendered":"<p data-start=\"339\" data-end=\"657\">Dieser stilvolle Damen-Zweiteiler \u00fcberzeugt durch sein elegantes und zugleich sinnliches Design. Das Set besteht aus einem lang\u00e4rmeligen Crop Top und einem figurbetonten High-Waist-Rock im Cable-Knit-Look. Der taillierte Schnitt betont die Silhouette und sorgt f\u00fcr eine feminine Ausstrahlung.<\/p>\n<p data-start=\"659\" data-end=\"1006\">Das elastische Strickmaterial bietet hohen Tragekomfort und passt sich angenehm dem K\u00f6rper an. Dank des schlichten, einfarbigen Designs l\u00e4sst sich das Set vielseitig kombinieren \u2013 sowohl f\u00fcr den Alltag als auch f\u00fcr Abendveranstaltungen oder besondere Anl\u00e4sse. Ob mit Stiefeln, High Heels oder Sneakern \u2013 dieser Zweiteiler ist ein echter Blickfang.<\/p>\n<p data-start=\"1008\" data-end=\"1025\"><strong data-start=\"1008\" data-end=\"1025\">Geeignet f\u00fcr:<\/strong><\/p>\n<ul data-start=\"1026\" data-end=\"1142\">\n<li data-start=\"1026\" data-end=\"1054\">\n<p data-start=\"1028\" data-end=\"1054\">Herbst- und Wintersaison<\/p>\n<\/li>\n<li data-start=\"1055\" data-end=\"1109\">\n<p data-start=\"1057\" data-end=\"1109\">Freizeit, Dates, Abendevents und besondere Anl\u00e4sse<\/p>\n<\/li>\n<li data-start=\"1110\" data-end=\"1142\">\n<p data-start=\"1112\" data-end=\"1142\">Casual- und elegante Outfits<\/p>\n<\/li>\n<\/ul>\n<p data-start=\"1144\" data-end=\"1159\"><strong data-start=\"1144\" data-end=\"1159\">Highlights:<\/strong><\/p>\n<ul data-start=\"1160\" data-end=\"1340\">\n<li data-start=\"1160\" data-end=\"1191\">\n<p data-start=\"1162\" data-end=\"1191\">Damen-Zweiteiler aus Strick<\/p>\n<\/li>\n<li data-start=\"1192\" data-end=\"1218\">\n<p data-start=\"1194\" data-end=\"1218\">Lang\u00e4rmeliges Crop Top<\/p>\n<\/li>\n<li data-start=\"1219\" data-end=\"1243\">\n<p data-start=\"1221\" data-end=\"1243\">High-Waist Slim-Rock<\/p>\n<\/li>\n<li data-start=\"1244\" data-end=\"1269\">\n<p data-start=\"1246\" data-end=\"1269\">Figurbetonter Schnitt<\/p>\n<\/li>\n<li data-start=\"1270\" data-end=\"1306\">\n<p data-start=\"1272\" data-end=\"1306\">Elastisches, angenehmes Material<\/p>\n<\/li>\n<li data-start=\"1307\" data-end=\"1340\">\n<p data-start=\"1309\" data-end=\"1340\">Zeitloses, einfarbiges Design<\/p>\n<\/li>\n<\/ul>\n<p data-start=\"1342\" data-end=\"1414\"><strong data-start=\"1342\" data-end=\"1360\">Pflegehinweis:<\/strong><br data-start=\"1360\" data-end=\"1363\" \/>Handw\u00e4sche oder professionelle Reinigung empfohlen.<\/p>\n<hr data-start=\"1416\" data-end=\"1419\" \/>\n<p data-start=\"1540\" data-end=\"1675\">\n<p><img decoding=\"async\" src=\"https:\/\/img.kwcdn.com\/product\/1dab9a4e92\/37f11642-18ab-4839-84e0-c1f3acc7a0a8_1000x1333.jpeg\" \/><img decoding=\"async\" src=\"https:\/\/img.kwcdn.com\/product\/1dab9a4e92\/2275da73-4aef-4c67-a9ec-e47a798cecbf_1000x1333.jpeg\" \/><img decoding=\"async\" src=\"https:\/\/img.kwcdn.com\/product\/1dab9a4e92\/9b2e1688-bf40-43c6-93cd-93b03fef9ef6_1000x1333.jpeg\" \/><\/p>\n","protected":false},"excerpt":{"rendered":"<p>Dieser stilvolle Damen-Zweiteiler \u00fcberzeugt durch sein elegantes und zugleich sinnliches Design. Das Set besteht aus einem lang\u00e4rmeligen Crop Top und einem figurbetonten High-Waist-Rock im Cable-Knit-Look. Der taillierte Schnitt betont die Silhouette und sorgt f\u00fcr eine feminine Ausstrahlung. Das elastische Strickmaterial bietet hohen Tragekomfort und passt sich angenehm dem K\u00f6rper an. Dank des schlichten, einfarbigen Designs [&hellip;]<\/p>\n","protected":false},"featured_media":17688,"comment_status":"open","ping_status":"closed","template":"","meta":{"_seopress_robots_primary_cat":"none","_seopress_titles_title":"Damen Strick Zweiteiler \u2013 Crop Top & High Waist Rock f\u00fcr Herbst & Winter","_seopress_titles_desc":"Figurbetonter Damen-Strick-Zweiteiler mit Crop Top und High-Waist Rock. Elastisch, bequem und stilvoll \u2013 perfekt f\u00fcr Herbst und Winter.","_seopress_robots_index":"","googlesitekit_rrm_CAowz76iDA:productID":""},"product_brand":[],"product_cat":[3358],"product_tag":[3361,3360,3359,3365,3364,3362,3366,3363],"class_list":{"0":"post-17701","1":"product","2":"type-product","3":"status-publish","4":"has-post-thumbnail","6":"product_cat-damenbekleidung--sets-zweiteiler","7":"product_tag-crop-top-set-damen","8":"product_tag-damen-set-rock-und-top","9":"product_tag-damen-strick-zweiteiler","10":"product_tag-damen-zweiteiler-casual","11":"product_tag-figurbetontes-damen-set","12":"product_tag-high-waist-rock-set","13":"product_tag-knitted-skirt-set-damen","14":"product_tag-strick-set-damen-herbst-winter","15":"product_shipping_class-free-shipping","17":"first","18":"instock","19":"sale","20":"taxable","21":"shipping-taxable","22":"purchasable","23":"product-type-variable"},"_links":{"self":[{"href":"https:\/\/linkmarkt.eu\/en\/wp-json\/wp\/v2\/product\/17701","targetHints":{"allow":["GET"]}}],"collection":[{"href":"https:\/\/linkmarkt.eu\/en\/wp-json\/wp\/v2\/product"}],"about":[{"href":"https:\/\/linkmarkt.eu\/en\/wp-json\/wp\/v2\/types\/product"}],"replies":[{"embeddable":true,"href":"https:\/\/linkmarkt.eu\/en\/wp-json\/wp\/v2\/comments?post=17701"}],"version-history":[{"count":3,"href":"https:\/\/linkmarkt.eu\/en\/wp-json\/wp\/v2\/product\/17701\/revisions"}],"predecessor-version":[{"id":18164,"href":"https:\/\/linkmarkt.eu\/en\/wp-json\/wp\/v2\/product\/17701\/revisions\/18164"}],"wp:featuredmedia":[{"embeddable":true,"href":"https:\/\/linkmarkt.eu\/en\/wp-json\/wp\/v2\/media\/17688"}],"wp:attachment":[{"href":"https:\/\/linkmarkt.eu\/en\/wp-json\/wp\/v2\/media?parent=17701"}],"wp:term":[{"taxonomy":"product_brand","embeddable":true,"href":"https:\/\/linkmarkt.eu\/en\/wp-json\/wp\/v2\/product_brand?post=17701"},{"taxonomy":"product_cat","embeddable":true,"href":"https:\/\/linkmarkt.eu\/en\/wp-json\/wp\/v2\/product_cat?post=17701"},{"taxonomy":"product_tag","embeddable":true,"href":"https:\/\/linkmarkt.eu\/en\/wp-json\/wp\/v2\/product_tag?post=17701"}],"curies":[{"name":"wp","href":"https:\/\/api.w.org\/{rel}","templated":true}]}}