{"id":17734,"date":"2026-01-25T18:55:48","date_gmt":"2026-01-25T17:55:48","guid":{"rendered":"https:\/\/linkmarkt.eu\/?post_type=product&#038;p=17734"},"modified":"2026-01-29T15:09:17","modified_gmt":"2026-01-29T14:09:17","slug":"herren-strickjacke-mit-v-ausschnitt-laessige-strickjacke-fuer-herbst-winter-herren-kleidung-bestseller","status":"publish","type":"product","link":"https:\/\/linkmarkt.eu\/en\/product\/herren-strickjacke-mit-v-ausschnitt-laessige-strickjacke-fuer-herbst-winter-herren-kleidung-bestseller\/","title":{"rendered":"Herren V-Ausschnitt Strickjacke \u2013 Casual Cardigan f\u00fcr Herbst &#038; Winter."},"content":{"rendered":"<p>Diese Herren-Strickjacke im Casual-Stil \u00fcberzeugt durch ihr zeitloses Design und hohen Tragekomfort. Der klassische V-Ausschnitt verleiht der Jacke eine elegante Note und macht sie vielseitig kombinierbar \u2013 sowohl f\u00fcr den Alltag als auch f\u00fcr B\u00fcro oder Freizeit.<\/p>\n<p>Das weiche, leicht elastische Strickmaterial sorgt f\u00fcr eine angenehme Passform und Bewegungsfreiheit. Der Regular Fit bietet Komfort ohne einzuengen. Eine praktische Tasche rundet das funktionale Design ab. Dank der einfarbigen Optik l\u00e4sst sich der Cardigan problemlos mit Jeans, Chinos oder Stoffhosen kombinieren.<\/p>\n<p>Geeignet f\u00fcr:<\/p>\n<p>Herrenmode f\u00fcr Herbst und Winter<\/p>\n<p>Casual- und Smart-Casual-Outfits<\/p>\n<p>Alltag, Arbeit, Freizeit und Reisen<\/p>\n<p>Highlights:<\/p>\n<p>Klassischer V-Ausschnitt<\/p>\n<p>Strickmaterial mit leichter Elastizit\u00e4t<\/p>\n<p>Regular Fit<\/p>\n<p>Lange \u00c4rmel<\/p>\n<p>Praktische Tasche<\/p>\n<p>Ideal f\u00fcr k\u00fchle Tage<\/p>\n<p>Pflegehinweis:<br \/>\nHandw\u00e4sche oder professionelle Reinigung empfohlen.<\/p>\n<p>&nbsp;<\/p>\n<p><img decoding=\"async\" src=\"https:\/\/img.kwcdn.com\/product\/fancy\/49cde4c4-47a4-4b4e-bd71-48dea64a65c3.jpg\" \/><img decoding=\"async\" src=\"https:\/\/img.kwcdn.com\/product\/Fancyalgo\/VirtualModelMatting\/92ef436ec256ac11dcfbda386e2179f7.jpg\" \/><img decoding=\"async\" src=\"https:\/\/img.kwcdn.com\/product\/Fancyalgo\/VirtualModelMatting\/96c4002d7de2eb85fc46639b9eea62c5.jpg\" \/><img decoding=\"async\" src=\"https:\/\/img.kwcdn.com\/product\/fancy\/cfdf4814-8486-4653-a503-3887ad2629e9.jpg\" \/><img decoding=\"async\" src=\"https:\/\/img.kwcdn.com\/product\/fancy\/28c89176-bb96-493a-bc91-aaa9d2164cbd.jpg\" \/><img decoding=\"async\" src=\"https:\/\/img.kwcdn.com\/product\/fancy\/3d77704f-307f-4944-bb80-620f231bcd1c.jpg\" \/><img decoding=\"async\" src=\"https:\/\/img.kwcdn.com\/product\/fancy\/929e99cf-06cf-48aa-a74f-852ed1c318c1.jpg\" \/><img decoding=\"async\" src=\"https:\/\/img.kwcdn.com\/product\/fancy\/22813573-ee1b-4483-90ca-ee9b2f5ab6ef.jpg\" \/><img decoding=\"async\" src=\"https:\/\/img.kwcdn.com\/product\/fancy\/9de17fbb-3097-4cbb-8ff9-745c1dbe47bb.jpg\" \/><img decoding=\"async\" src=\"https:\/\/img.kwcdn.com\/product\/fancy\/db27bc7c-fb76-4e99-84bd-2d682993de6b.jpg\" \/><img decoding=\"async\" src=\"https:\/\/img.kwcdn.com\/product\/fancy\/639841db-adcc-4dc9-82db-d8e61771660e.jpg\" \/><\/p>\n","protected":false},"excerpt":{"rendered":"<p>Diese Herren-Strickjacke im Casual-Stil \u00fcberzeugt durch ihr zeitloses Design und hohen Tragekomfort. Der klassische V-Ausschnitt verleiht der Jacke eine elegante Note und macht sie vielseitig kombinierbar \u2013 sowohl f\u00fcr den Alltag als auch f\u00fcr B\u00fcro oder Freizeit. Das weiche, leicht elastische Strickmaterial sorgt f\u00fcr eine angenehme Passform und Bewegungsfreiheit. Der Regular Fit bietet Komfort ohne [&hellip;]<\/p>\n","protected":false},"featured_media":17714,"comment_status":"open","ping_status":"closed","template":"","meta":{"_seopress_robots_primary_cat":"none","_seopress_titles_title":"Herren Strickjacke mit V-Ausschnitt \u2013 Casual Cardigan f\u00fcr Herbst & Winter","_seopress_titles_desc":"Bequeme Herren-Strickjacke mit V-Ausschnitt im Casual-Stil. Ideal f\u00fcr Herbst und Winter. Vielseitig kombinierbar, Regular Fit, hoher Tragekomfort.","_seopress_robots_index":"","googlesitekit_rrm_CAowz76iDA:productID":""},"product_brand":[],"product_cat":[3348],"product_tag":[3350,3353,3351,3354,3349,3356,3357,3352,3355],"class_list":{"0":"post-17734","1":"product","2":"type-product","3":"status-publish","4":"has-post-thumbnail","6":"product_cat-herrenbekleidung--strickjacken-cardigans","7":"product_tag-cardigan-herren","8":"product_tag-casual-cardigan-herren","9":"product_tag-herren-cardigan-v-ausschnitt","10":"product_tag-herren-pullover-v-ausschnitt","11":"product_tag-herren-strickjacke","12":"product_tag-herrenmode-herbst-winter","13":"product_tag-knit-cardigan-herren","14":"product_tag-strickjacke-herren-herbst-winter","15":"product_tag-strickjacke-mit-v-ausschnitt","17":"first","18":"instock","19":"taxable","20":"shipping-taxable","21":"product-type-variable"},"_links":{"self":[{"href":"https:\/\/linkmarkt.eu\/en\/wp-json\/wp\/v2\/product\/17734","targetHints":{"allow":["GET"]}}],"collection":[{"href":"https:\/\/linkmarkt.eu\/en\/wp-json\/wp\/v2\/product"}],"about":[{"href":"https:\/\/linkmarkt.eu\/en\/wp-json\/wp\/v2\/types\/product"}],"replies":[{"embeddable":true,"href":"https:\/\/linkmarkt.eu\/en\/wp-json\/wp\/v2\/comments?post=17734"}],"version-history":[{"count":2,"href":"https:\/\/linkmarkt.eu\/en\/wp-json\/wp\/v2\/product\/17734\/revisions"}],"predecessor-version":[{"id":18162,"href":"https:\/\/linkmarkt.eu\/en\/wp-json\/wp\/v2\/product\/17734\/revisions\/18162"}],"wp:featuredmedia":[{"embeddable":true,"href":"https:\/\/linkmarkt.eu\/en\/wp-json\/wp\/v2\/media\/17714"}],"wp:attachment":[{"href":"https:\/\/linkmarkt.eu\/en\/wp-json\/wp\/v2\/media?parent=17734"}],"wp:term":[{"taxonomy":"product_brand","embeddable":true,"href":"https:\/\/linkmarkt.eu\/en\/wp-json\/wp\/v2\/product_brand?post=17734"},{"taxonomy":"product_cat","embeddable":true,"href":"https:\/\/linkmarkt.eu\/en\/wp-json\/wp\/v2\/product_cat?post=17734"},{"taxonomy":"product_tag","embeddable":true,"href":"https:\/\/linkmarkt.eu\/en\/wp-json\/wp\/v2\/product_tag?post=17734"}],"curies":[{"name":"wp","href":"https:\/\/api.w.org\/{rel}","templated":true}]}}