{"id":17773,"date":"2026-01-25T19:02:51","date_gmt":"2026-01-25T18:02:51","guid":{"rendered":"https:\/\/linkmarkt.eu\/?post_type=product&#038;p=17773"},"modified":"2026-01-31T08:56:24","modified_gmt":"2026-01-31T07:56:24","slug":"popfeel-all-in-one-make-up-set-fuer-damen-komplettes-set-inklusive-augenbrauen-eyeliner-und-lidschatten","status":"publish","type":"product","link":"https:\/\/linkmarkt.eu\/en\/product\/popfeel-all-in-one-make-up-set-fuer-damen-komplettes-set-inklusive-augenbrauen-eyeliner-und-lidschatten\/","title":{"rendered":"POPFEEL All-in-One Make-up Set \u2013 Komplettes Schminkset mit Zubeh\u00f6r."},"content":{"rendered":"<p data-start=\"612\" data-end=\"909\">Das <strong data-start=\"616\" data-end=\"650\">POPFEEL All-in-One Make-up Set<\/strong> ist ein vielseitiges Komplettset f\u00fcr ein gepflegtes und individuelles Make-up.<br data-start=\"729\" data-end=\"732\" \/>Es enth\u00e4lt eine sorgf\u00e4ltig zusammengestellte Auswahl an Augen-, Lippen- und Teintprodukten sowie praktisches Zubeh\u00f6r \u2013 ideal f\u00fcr Einsteigerinnen, Make-up-Fans oder als Geschenk.<\/p>\n<p data-start=\"911\" data-end=\"1054\">Alle Sets sind \u00fcbersichtlich in einer Kosmetiktasche verpackt und eignen sich sowohl f\u00fcr den t\u00e4glichen Gebrauch als auch f\u00fcr besondere Anl\u00e4sse.<\/p>\n<p data-start=\"1056\" data-end=\"1081\"><strong data-start=\"1056\" data-end=\"1081\">Produkteigenschaften:<\/strong><\/p>\n<ul data-start=\"1082\" data-end=\"1306\">\n<li data-start=\"1082\" data-end=\"1127\">\n<p data-start=\"1084\" data-end=\"1127\">vollst\u00e4ndiges Make-up-Set in einer Tasche<\/p>\n<\/li>\n<li data-start=\"1128\" data-end=\"1190\">\n<p data-start=\"1130\" data-end=\"1190\">verschiedene Lidschatten-, Lippen- und Concealer-Varianten<\/p>\n<\/li>\n<li data-start=\"1191\" data-end=\"1224\">\n<p data-start=\"1193\" data-end=\"1224\">praktisches Zubeh\u00f6r inklusive<\/p>\n<\/li>\n<li data-start=\"1225\" data-end=\"1261\">\n<p data-start=\"1227\" data-end=\"1261\">ideal f\u00fcr Zuhause oder unterwegs<\/p>\n<\/li>\n<li data-start=\"1262\" data-end=\"1306\">\n<p data-start=\"1264\" data-end=\"1306\">frei von hochbedenklichen Inhaltsstoffen<\/p>\n<\/li>\n<\/ul>\n<hr data-start=\"1308\" data-end=\"1311\" \/>\n<h2 data-start=\"1313\" data-end=\"1356\">\ud83c\udfa8 VARIANTEN \/ SETS<\/h2>\n<h3 data-start=\"1358\" data-end=\"1388\">\ud83d\udd39 <strong data-start=\"1365\" data-end=\"1388\">KIT003A \u2013 24-teilig<\/strong><\/h3>\n<ul data-start=\"1389\" data-end=\"1569\">\n<li data-start=\"1389\" data-end=\"1419\">\n<p data-start=\"1391\" data-end=\"1419\">40-Farb-Lidschattenpalette<\/p>\n<\/li>\n<li data-start=\"1420\" data-end=\"1447\">\n<p data-start=\"1422\" data-end=\"1447\">Lipgloss &amp; Lippenstifte<\/p>\n<\/li>\n<li data-start=\"1448\" data-end=\"1479\">\n<p data-start=\"1450\" data-end=\"1479\">Concealer-Paletten &amp; Sticks<\/p>\n<\/li>\n<li data-start=\"1480\" data-end=\"1522\">\n<p data-start=\"1482\" data-end=\"1522\">Mascara, Eyeliner, Augenbrauenprodukte<\/p>\n<\/li>\n<li data-start=\"1523\" data-end=\"1550\">\n<p data-start=\"1525\" data-end=\"1550\">Make-up-Pinsel, Schwamm<\/p>\n<\/li>\n<li data-start=\"1551\" data-end=\"1569\">\n<p data-start=\"1553\" data-end=\"1569\">Kosmetiktasche<\/p>\n<\/li>\n<\/ul>\n<hr data-start=\"1571\" data-end=\"1574\" \/>\n<h3 data-start=\"1576\" data-end=\"1605\">\ud83d\udd39 <strong data-start=\"1583\" data-end=\"1605\">KIT004 \u2013 27-teilig<\/strong><\/h3>\n<ul data-start=\"1606\" data-end=\"1773\">\n<li data-start=\"1606\" data-end=\"1629\">\n<p data-start=\"1608\" data-end=\"1629\">29-Farb-Lidschatten<\/p>\n<\/li>\n<li data-start=\"1630\" data-end=\"1656\">\n<p data-start=\"1632\" data-end=\"1656\">Foundation &amp; Concealer<\/p>\n<\/li>\n<li data-start=\"1657\" data-end=\"1685\">\n<p data-start=\"1659\" data-end=\"1685\">Lippenprodukte &amp; Glitter<\/p>\n<\/li>\n<li data-start=\"1686\" data-end=\"1725\">\n<p data-start=\"1688\" data-end=\"1725\">Mascara, Eyeliner, Augenbrauenstift<\/p>\n<\/li>\n<li data-start=\"1726\" data-end=\"1754\">\n<p data-start=\"1728\" data-end=\"1754\">Make-up-Pinsel &amp; Zubeh\u00f6r<\/p>\n<\/li>\n<li data-start=\"1755\" data-end=\"1773\">\n<p data-start=\"1757\" data-end=\"1773\">Kosmetiktasche<\/p>\n<\/li>\n<\/ul>\n<hr data-start=\"1775\" data-end=\"1778\" \/>\n<h3 data-start=\"1780\" data-end=\"1809\">\ud83d\udd39 <strong data-start=\"1787\" data-end=\"1809\">KIT005 \u2013 27-teilig<\/strong><\/h3>\n<ul data-start=\"1810\" data-end=\"1985\">\n<li data-start=\"1810\" data-end=\"1840\">\n<p data-start=\"1812\" data-end=\"1840\">16-Farb-Lidschattenpalette<\/p>\n<\/li>\n<li data-start=\"1841\" data-end=\"1874\">\n<p data-start=\"1843\" data-end=\"1874\">Concealer &amp; Lipgloss-Paletten<\/p>\n<\/li>\n<li data-start=\"1875\" data-end=\"1900\">\n<p data-start=\"1877\" data-end=\"1900\">Lippenstifte &amp; Primer<\/p>\n<\/li>\n<li data-start=\"1901\" data-end=\"1931\">\n<p data-start=\"1903\" data-end=\"1931\">Glitter, Mascara, Eyeliner<\/p>\n<\/li>\n<li data-start=\"1932\" data-end=\"1966\">\n<p data-start=\"1934\" data-end=\"1966\">Make-up-Pinsel &amp; Abschminkpads<\/p>\n<\/li>\n<li data-start=\"1967\" data-end=\"1985\">\n<p data-start=\"1969\" data-end=\"1985\">Kosmetiktasche<\/p>\n<\/li>\n<\/ul>\n<hr data-start=\"1987\" data-end=\"1990\" \/>\n<h3 data-start=\"1992\" data-end=\"2030\">\ud83d\udd39 <strong data-start=\"1999\" data-end=\"2030\">KIT014 \u2013 34-teilig (XL-Set)<\/strong><\/h3>\n<ul data-start=\"2031\" data-end=\"2197\">\n<li data-start=\"2031\" data-end=\"2061\">\n<p data-start=\"2033\" data-end=\"2061\">40-Farb-Lidschattenpalette<\/p>\n<\/li>\n<li data-start=\"2062\" data-end=\"2093\">\n<p data-start=\"2064\" data-end=\"2093\">Rouge- &amp; Concealer-Paletten<\/p>\n<\/li>\n<li data-start=\"2094\" data-end=\"2117\">\n<p data-start=\"2096\" data-end=\"2117\">Foundation &amp; Primer<\/p>\n<\/li>\n<li data-start=\"2118\" data-end=\"2146\">\n<p data-start=\"2120\" data-end=\"2146\">Lippenprodukte &amp; Glitter<\/p>\n<\/li>\n<li data-start=\"2147\" data-end=\"2178\">\n<p data-start=\"2149\" data-end=\"2178\">10 Make-up-Pinsel + Zubeh\u00f6r<\/p>\n<\/li>\n<li data-start=\"2179\" data-end=\"2197\">\n<p data-start=\"2181\" data-end=\"2197\">Kosmetiktasche<\/p>\n<\/li>\n<\/ul>\n<hr data-start=\"2199\" data-end=\"2202\" \/>\n<h2 data-start=\"2204\" data-end=\"2243\">\u2139\ufe0f PRODUKTDETAILS<\/h2>\n<ul data-start=\"2245\" data-end=\"2404\">\n<li data-start=\"2245\" data-end=\"2267\">\n<p data-start=\"2247\" data-end=\"2267\"><strong data-start=\"2247\" data-end=\"2257\">Marke:<\/strong> POPFEEL<\/p>\n<\/li>\n<li data-start=\"2268\" data-end=\"2299\">\n<p data-start=\"2270\" data-end=\"2299\"><strong data-start=\"2270\" data-end=\"2285\">Produkttyp:<\/strong> Make-up-Set<\/p>\n<\/li>\n<li data-start=\"2300\" data-end=\"2357\">\n<p data-start=\"2302\" data-end=\"2357\"><strong data-start=\"2302\" data-end=\"2320\">Inhaltsstoffe:<\/strong> Keine hochbedenklichen Chemikalien<\/p>\n<\/li>\n<li data-start=\"2358\" data-end=\"2404\">\n<p data-start=\"2360\" data-end=\"2404\"><strong data-start=\"2360\" data-end=\"2377\">Geeignet f\u00fcr:<\/strong> Alltag, Events, Geschenk<\/p>\n<\/li>\n<\/ul>\n<p><img decoding=\"async\" src=\"https:\/\/ae01.alicdn.com\/kf\/Sfdabb2bbcc3141fc8c492c87b281b0c6h.jpg\" \/><img decoding=\"async\" src=\"https:\/\/ae01.alicdn.com\/kf\/S74036f0e4825423eaad5d4cef73018a3v.jpg\" \/><img decoding=\"async\" src=\"https:\/\/ae01.alicdn.com\/kf\/S0e657b5198f14b77bbad3628b8516274g.jpg\" \/><img decoding=\"async\" src=\"https:\/\/ae01.alicdn.com\/kf\/Sa93cb04964224748bdb59d2718a3fe01N.jpg\" \/><\/p>\n","protected":false},"excerpt":{"rendered":"<p>Das POPFEEL All-in-One Make-up Set ist ein vielseitiges Komplettset f\u00fcr ein gepflegtes und individuelles Make-up.Es enth\u00e4lt eine sorgf\u00e4ltig zusammengestellte Auswahl an Augen-, Lippen- und Teintprodukten sowie praktisches Zubeh\u00f6r \u2013 ideal f\u00fcr Einsteigerinnen, Make-up-Fans oder als Geschenk. Alle Sets sind \u00fcbersichtlich in einer Kosmetiktasche verpackt und eignen sich sowohl f\u00fcr den t\u00e4glichen Gebrauch als auch f\u00fcr [&hellip;]<\/p>\n","protected":false},"featured_media":17765,"comment_status":"open","ping_status":"closed","template":"","meta":{"_seopress_robots_primary_cat":"none","_seopress_titles_title":"POPFEEL All-in-One Make-up Set \u2013 Komplettes Schminkset","_seopress_titles_desc":"POPFEEL All-in-One Make-up Set mit Lidschatten, Lippenprodukten, Concealern und Zubeh\u00f6r. Komplettes Schminkset als praktischer Download-freier Kauf.","_seopress_robots_index":"","googlesitekit_rrm_CAowz76iDA:productID":""},"product_brand":[],"product_cat":[2342,2343,2659,1638],"product_tag":[3317,3313,3315,3316,3314,3311,3318,3312],"class_list":{"0":"post-17773","1":"product","2":"type-product","3":"status-publish","4":"has-post-thumbnail","6":"product_cat-gesichtspflege-reinigungsbuersten","7":"product_cat-gesichtspflege-reinigungsbuersten-2","8":"product_cat-schmink-kosmetik-spielsets","9":"product_cat-schoenheit-pflege","10":"product_tag-concealer-palette","11":"product_tag-kosmetik-set","12":"product_tag-lidschatten-palette","13":"product_tag-lippenstift-set","14":"product_tag-make-up-geschenkset","15":"product_tag-make-up-set","16":"product_tag-popfeel-make-up","17":"product_tag-schminkset-komplett","19":"first","20":"instock","21":"sale","22":"taxable","23":"shipping-taxable","24":"purchasable","25":"product-type-variable"},"_links":{"self":[{"href":"https:\/\/linkmarkt.eu\/en\/wp-json\/wp\/v2\/product\/17773","targetHints":{"allow":["GET"]}}],"collection":[{"href":"https:\/\/linkmarkt.eu\/en\/wp-json\/wp\/v2\/product"}],"about":[{"href":"https:\/\/linkmarkt.eu\/en\/wp-json\/wp\/v2\/types\/product"}],"replies":[{"embeddable":true,"href":"https:\/\/linkmarkt.eu\/en\/wp-json\/wp\/v2\/comments?post=17773"}],"version-history":[{"count":4,"href":"https:\/\/linkmarkt.eu\/en\/wp-json\/wp\/v2\/product\/17773\/revisions"}],"predecessor-version":[{"id":18378,"href":"https:\/\/linkmarkt.eu\/en\/wp-json\/wp\/v2\/product\/17773\/revisions\/18378"}],"wp:featuredmedia":[{"embeddable":true,"href":"https:\/\/linkmarkt.eu\/en\/wp-json\/wp\/v2\/media\/17765"}],"wp:attachment":[{"href":"https:\/\/linkmarkt.eu\/en\/wp-json\/wp\/v2\/media?parent=17773"}],"wp:term":[{"taxonomy":"product_brand","embeddable":true,"href":"https:\/\/linkmarkt.eu\/en\/wp-json\/wp\/v2\/product_brand?post=17773"},{"taxonomy":"product_cat","embeddable":true,"href":"https:\/\/linkmarkt.eu\/en\/wp-json\/wp\/v2\/product_cat?post=17773"},{"taxonomy":"product_tag","embeddable":true,"href":"https:\/\/linkmarkt.eu\/en\/wp-json\/wp\/v2\/product_tag?post=17773"}],"curies":[{"name":"wp","href":"https:\/\/api.w.org\/{rel}","templated":true}]}}