{"id":18054,"date":"2026-01-26T12:38:06","date_gmt":"2026-01-26T11:38:06","guid":{"rendered":"https:\/\/linkmarkt.eu\/?post_type=product&#038;p=18054"},"modified":"2026-01-26T21:54:03","modified_gmt":"2026-01-26T20:54:03","slug":"einfache-seo-strategien-fuer-lokale-unternehmen-mehr-sichtbarkeit-bei-google-ohne-agentur-und-ohne-technik","status":"publish","type":"product","link":"https:\/\/linkmarkt.eu\/en\/product\/einfache-seo-strategien-fuer-lokale-unternehmen-mehr-sichtbarkeit-bei-google-ohne-agentur-und-ohne-technik\/","title":{"rendered":"Einfache SEO-Strategien f\u00fcr lokale Unternehmen Mehr Sichtbarkeit bei Google \u2013 ohne Agentur und ohne Technik"},"content":{"rendered":"<p data-start=\"621\" data-end=\"889\">Lokale Kunden suchen heute fast ausschlie\u00dflich \u00fcber Google nach Dienstleistungen und Produkten in ihrer N\u00e4he.<br data-start=\"730\" data-end=\"733\" \/>Dieses E-Book zeigt einfache und bew\u00e4hrte SEO-Strategien, mit denen lokale Unternehmen ihre Sichtbarkeit verbessern und gezielt neue Kunden gewinnen k\u00f6nnen.<\/p>\n<p data-start=\"891\" data-end=\"1030\">Der Fokus liegt auf <strong data-start=\"911\" data-end=\"926\">lokalem SEO<\/strong>, verst\u00e4ndlich erkl\u00e4rt und sofort umsetzbar \u2013 ohne Agentur, ohne Vorkenntnisse und ohne laufende Kosten.<\/p>\n<h3 data-start=\"1032\" data-end=\"1071\"><strong data-start=\"1036\" data-end=\"1071\">Das lernst du in diesem E-Book:<\/strong><\/h3>\n<ul data-start=\"1072\" data-end=\"1379\">\n<li data-start=\"1072\" data-end=\"1120\">\n<p data-start=\"1074\" data-end=\"1120\">wie lokale Kunden wirklich bei Google suchen<\/p>\n<\/li>\n<li data-start=\"1121\" data-end=\"1171\">\n<p data-start=\"1123\" data-end=\"1171\">wie du bei lokalen Suchanfragen sichtbar wirst<\/p>\n<\/li>\n<li data-start=\"1172\" data-end=\"1226\">\n<p data-start=\"1174\" data-end=\"1226\">wie Google Business Profile richtig genutzt werden<\/p>\n<\/li>\n<li data-start=\"1227\" data-end=\"1274\">\n<p data-start=\"1229\" data-end=\"1274\">wie deine Website lokale SEO-Signale sendet<\/p>\n<\/li>\n<li data-start=\"1275\" data-end=\"1324\">\n<p data-start=\"1277\" data-end=\"1324\">wie Bewertungen deine Sichtbarkeit verbessern<\/p>\n<\/li>\n<li data-start=\"1325\" data-end=\"1379\">\n<p data-start=\"1327\" data-end=\"1379\">welche Fehler lokale Unternehmen vermeiden sollten<\/p>\n<\/li>\n<\/ul>\n<h3 data-start=\"1381\" data-end=\"1424\"><strong data-start=\"1385\" data-end=\"1424\">F\u00fcr wen ist dieses E-Book geeignet?<\/strong><\/h3>\n<ul data-start=\"1425\" data-end=\"1564\">\n<li data-start=\"1425\" data-end=\"1449\">\n<p data-start=\"1427\" data-end=\"1449\">lokale Dienstleister<\/p>\n<\/li>\n<li data-start=\"1450\" data-end=\"1485\">\n<p data-start=\"1452\" data-end=\"1485\">kleine und mittlere Unternehmen<\/p>\n<\/li>\n<li data-start=\"1486\" data-end=\"1504\">\n<p data-start=\"1488\" data-end=\"1504\">Selbstst\u00e4ndige<\/p>\n<\/li>\n<li data-start=\"1505\" data-end=\"1526\">\n<p data-start=\"1507\" data-end=\"1526\">Handwerksbetriebe<\/p>\n<\/li>\n<li data-start=\"1527\" data-end=\"1564\">\n<p data-start=\"1529\" data-end=\"1564\">Ladenbesitzer und lokale Anbieter<\/p>\n<\/li>\n<\/ul>\n<h3 data-start=\"1566\" data-end=\"1601\"><strong data-start=\"1570\" data-end=\"1601\">Was dieses E-Book nicht ist<\/strong><\/h3>\n<ul data-start=\"1602\" data-end=\"1705\">\n<li data-start=\"1602\" data-end=\"1633\">\n<p data-start=\"1604\" data-end=\"1633\">kein theoretischer SEO-Kurs<\/p>\n<\/li>\n<li data-start=\"1634\" data-end=\"1665\">\n<p data-start=\"1636\" data-end=\"1665\">kein kompliziertes Fachbuch<\/p>\n<\/li>\n<li data-start=\"1666\" data-end=\"1705\">\n<p data-start=\"1668\" data-end=\"1705\">keine Abh\u00e4ngigkeit von teuren Tools<\/p>\n<\/li>\n<\/ul>\n<h3 data-start=\"1707\" data-end=\"1721\"><strong data-start=\"1711\" data-end=\"1721\">Format<\/strong><\/h3>\n<ul data-start=\"1722\" data-end=\"1787\">\n<li data-start=\"1722\" data-end=\"1749\">\n<p data-start=\"1724\" data-end=\"1749\">Digitales Produkt (PDF)<\/p>\n<\/li>\n<li data-start=\"1750\" data-end=\"1787\">\n<p data-start=\"1752\" data-end=\"1787\">sofortiger Download nach dem Kauf<\/p>\n<\/li>\n<\/ul>\n<p data-start=\"1789\" data-end=\"1917\">Dieses E-Book ist ein praktischer Leitfaden f\u00fcr Unternehmen, die lokal gefunden werden wollen \u2013 klar, verst\u00e4ndlich und effektiv.<\/p>\n","protected":false},"excerpt":{"rendered":"<p>Lokale Kunden suchen heute fast ausschlie\u00dflich \u00fcber Google nach Dienstleistungen und Produkten in ihrer N\u00e4he.Dieses E-Book zeigt einfache und bew\u00e4hrte SEO-Strategien, mit denen lokale Unternehmen ihre Sichtbarkeit verbessern und gezielt neue Kunden gewinnen k\u00f6nnen. Der Fokus liegt auf lokalem SEO, verst\u00e4ndlich erkl\u00e4rt und sofort umsetzbar \u2013 ohne Agentur, ohne Vorkenntnisse und ohne laufende Kosten. Das [&hellip;]<\/p>\n","protected":false},"featured_media":18058,"comment_status":"open","ping_status":"closed","template":"","meta":{"_seopress_robots_primary_cat":"none","_seopress_titles_title":"Einfache SEO-Strategien f\u00fcr lokale Unternehmen | Mehr Kunden bei Google","_seopress_titles_desc":"Praxisnahes SEO-E-Book f\u00fcr lokale Unternehmen. Lerne, wie du bei Google besser gefunden wirst, mehr Anfragen erh\u00e4ltst und lokal w\u00e4chst \u2013 ohne Agentur.","_seopress_robots_index":"","googlesitekit_rrm_CAowz76iDA:productID":""},"product_brand":[],"product_cat":[3201],"product_tag":[3262,3260,3261,3263,3258,3265,3259,3264],"class_list":{"0":"post-18054","1":"product","2":"type-product","3":"status-publish","4":"has-post-thumbnail","6":"product_cat-e-books","7":"product_tag-google-business-seo","8":"product_tag-google-sichtbarkeit-lokal","9":"product_tag-lokale-kunden-gewinnen","10":"product_tag-lokale-suchmaschinenoptimierung","11":"product_tag-lokales-seo","12":"product_tag-seo-fuer-kleinunternehmen","13":"product_tag-seo-fuer-lokale-unternehmen","14":"product_tag-seo-leitfaden-lokal","16":"first","17":"instock","18":"sale","19":"downloadable","20":"virtual","21":"taxable","22":"purchasable","23":"product-type-simple"},"_links":{"self":[{"href":"https:\/\/linkmarkt.eu\/en\/wp-json\/wp\/v2\/product\/18054","targetHints":{"allow":["GET"]}}],"collection":[{"href":"https:\/\/linkmarkt.eu\/en\/wp-json\/wp\/v2\/product"}],"about":[{"href":"https:\/\/linkmarkt.eu\/en\/wp-json\/wp\/v2\/types\/product"}],"replies":[{"embeddable":true,"href":"https:\/\/linkmarkt.eu\/en\/wp-json\/wp\/v2\/comments?post=18054"}],"version-history":[{"count":1,"href":"https:\/\/linkmarkt.eu\/en\/wp-json\/wp\/v2\/product\/18054\/revisions"}],"predecessor-version":[{"id":18059,"href":"https:\/\/linkmarkt.eu\/en\/wp-json\/wp\/v2\/product\/18054\/revisions\/18059"}],"wp:featuredmedia":[{"embeddable":true,"href":"https:\/\/linkmarkt.eu\/en\/wp-json\/wp\/v2\/media\/18058"}],"wp:attachment":[{"href":"https:\/\/linkmarkt.eu\/en\/wp-json\/wp\/v2\/media?parent=18054"}],"wp:term":[{"taxonomy":"product_brand","embeddable":true,"href":"https:\/\/linkmarkt.eu\/en\/wp-json\/wp\/v2\/product_brand?post=18054"},{"taxonomy":"product_cat","embeddable":true,"href":"https:\/\/linkmarkt.eu\/en\/wp-json\/wp\/v2\/product_cat?post=18054"},{"taxonomy":"product_tag","embeddable":true,"href":"https:\/\/linkmarkt.eu\/en\/wp-json\/wp\/v2\/product_tag?post=18054"}],"curies":[{"name":"wp","href":"https:\/\/api.w.org\/{rel}","templated":true}]}}