{"id":18115,"date":"2026-01-27T17:22:59","date_gmt":"2026-01-27T16:22:59","guid":{"rendered":"https:\/\/linkmarkt.eu\/product\/bist-duverkauf-von-autoteilenin-in-berlin-erstelle-hier-dein-inserat-und-gewinne-kunden\/"},"modified":"2026-01-27T17:33:03","modified_gmt":"2026-01-27T16:33:03","slug":"bist-duverkauf-von-autoteilenin-in-berlin-erstelle-hier-dein-inserat-und-gewinne-kunden","status":"publish","type":"product","link":"https:\/\/linkmarkt.eu\/en\/product\/bist-duverkauf-von-autoteilenin-in-berlin-erstelle-hier-dein-inserat-und-gewinne-kunden\/","title":{"rendered":"Bist duverkauf von Autoteilenin in Berlin? Erstelle hier dein Inserat und gewinne Kunden"},"content":{"rendered":"<p>Dieses Inserat richtet sich an selbstst\u00e4ndige verkauf von Autoteilen und Dienstleister in Berlin und Umgebung.<\/p>\n<p>Auf LinkMarkt.eu kannst du dein eigenes Inserat erstellen und neue Kunden erreichen \u2013<\/p>\n<p>ohne st\u00e4ndiges Telefonieren oder unn\u00f6tige R\u00fcckfragen.<\/p>\n<p>\u2714 Kundenanfragen direkt per WhatsApp<\/p>\n<p>\u2714 Termine online buchbar \u00fcber deinen Kalender<\/p>\n<p>\u2714 Klare Darstellung von Leistungen, Zeiten und Erreichbarkeit<\/p>\n<p>\u2714 Alles \u00fcbersichtlich in einem Inserat<\/p>\n<p>Ideal f\u00fcr Einzelunternehmer und kleine Betriebe, die ihre Zeit effizient nutzen wollen.<\/p>\n<p>\u27a1 Erstelle jetzt dein Inserat auf LinkMarkt.eu und werde sichtbar f\u00fcr neue Kunden.<\/p>\n","protected":false},"excerpt":{"rendered":"<p>Dieses Inserat richtet sich an selbstst\u00e4ndige verkauf von Autoteilen und Dienstleister in Berlin und Umgebung. Auf LinkMarkt.eu kannst du dein eigenes Inserat erstellen und neue Kunden erreichen \u2013 ohne st\u00e4ndiges Telefonieren oder unn\u00f6tige R\u00fcckfragen. \u2714 Kundenanfragen direkt per WhatsApp \u2714 Termine online buchbar \u00fcber deinen Kalender \u2714 Klare Darstellung von Leistungen, Zeiten und Erreichbarkeit \u2714 [&hellip;]<\/p>\n","protected":false},"featured_media":0,"comment_status":"open","ping_status":"closed","template":"","meta":{"_seopress_robots_primary_cat":"","_seopress_titles_title":"","_seopress_titles_desc":"","_seopress_robots_index":"","googlesitekit_rrm_CAowz76iDA:productID":""},"product_brand":[],"product_cat":[21],"product_tag":[],"class_list":{"0":"post-18115","1":"product","2":"type-product","3":"status-publish","5":"product_cat-listeo-booking","7":"first","8":"instock","9":"downloadable","10":"virtual","11":"sold-individually","12":"taxable","13":"purchasable","14":"product-type-listing_booking"},"_links":{"self":[{"href":"https:\/\/linkmarkt.eu\/en\/wp-json\/wp\/v2\/product\/18115","targetHints":{"allow":["GET"]}}],"collection":[{"href":"https:\/\/linkmarkt.eu\/en\/wp-json\/wp\/v2\/product"}],"about":[{"href":"https:\/\/linkmarkt.eu\/en\/wp-json\/wp\/v2\/types\/product"}],"replies":[{"embeddable":true,"href":"https:\/\/linkmarkt.eu\/en\/wp-json\/wp\/v2\/comments?post=18115"}],"version-history":[{"count":3,"href":"https:\/\/linkmarkt.eu\/en\/wp-json\/wp\/v2\/product\/18115\/revisions"}],"predecessor-version":[{"id":18123,"href":"https:\/\/linkmarkt.eu\/en\/wp-json\/wp\/v2\/product\/18115\/revisions\/18123"}],"wp:attachment":[{"href":"https:\/\/linkmarkt.eu\/en\/wp-json\/wp\/v2\/media?parent=18115"}],"wp:term":[{"taxonomy":"product_brand","embeddable":true,"href":"https:\/\/linkmarkt.eu\/en\/wp-json\/wp\/v2\/product_brand?post=18115"},{"taxonomy":"product_cat","embeddable":true,"href":"https:\/\/linkmarkt.eu\/en\/wp-json\/wp\/v2\/product_cat?post=18115"},{"taxonomy":"product_tag","embeddable":true,"href":"https:\/\/linkmarkt.eu\/en\/wp-json\/wp\/v2\/product_tag?post=18115"}],"curies":[{"name":"wp","href":"https:\/\/api.w.org\/{rel}","templated":true}]}}