{"id":18126,"date":"2026-01-27T17:42:33","date_gmt":"2026-01-27T16:42:33","guid":{"rendered":"https:\/\/linkmarkt.eu\/product\/hast-du-ein-autowekstadt-in-teltowerstelle-hier-dein-inserat-und-gewinne-kunden\/"},"modified":"2026-01-27T17:43:53","modified_gmt":"2026-01-27T16:43:53","slug":"hast-du-ein-autowekstadt-in-teltowerstelle-hier-dein-inserat-und-gewinne-kunden","status":"publish","type":"product","link":"https:\/\/linkmarkt.eu\/en\/product\/hast-du-ein-autowekstadt-in-teltowerstelle-hier-dein-inserat-und-gewinne-kunden\/","title":{"rendered":"Hast du ein autowekstadt in Teltow erstelle hier dein Inserat und gewinne Kunden"},"content":{"rendered":"<p>Dieses Inserat richtet sich an selbstst\u00e4ndige autowerkstadt und Dienstleister in Teltow und Umgebung.<\/p>\n<p>Auf LinkMarkt.eu kannst du dein eigenes Inserat erstellen und neue Kunden erreichen \u2013<br \/>\nohne st\u00e4ndiges Telefonieren oder unn\u00f6tige R\u00fcckfragen.<\/p>\n<p>\u2714 Kundenanfragen direkt per WhatsApp<br \/>\n\u2714 Termine online buchbar \u00fcber deinen Kalender<br \/>\n\u2714 Klare Darstellung von Leistungen, Zeiten und Erreichbarkeit<br \/>\n\u2714 Alles \u00fcbersichtlich in einem Inserat<\/p>\n<p>Ideal f\u00fcr Einzelunternehmer und kleine Betriebe, die ihre Zeit effizient nutzen wollen.<\/p>\n<p>\u27a1 Erstelle jetzt dein Inserat auf LinkMarkt.eu und werde sichtbar f\u00fcr neue Kunden.<\/p>\n<p>Sie k\u00f6nnen Ihre Werkstatt im Goggle-Suchnetzwerk positionieren eine Anzeige pro Monat mit nur 4,99 Kontakt auf whatsap Terminologie mit Kalender zuweisen oder nach Belieben auf facebbbok mesenger umleiten. Frag uns.<\/p>\n","protected":false},"excerpt":{"rendered":"<p>Dieses Inserat richtet sich an selbstst\u00e4ndige autowerkstadt und Dienstleister in Teltow und Umgebung. Auf LinkMarkt.eu kannst du dein eigenes Inserat erstellen und neue Kunden erreichen \u2013 ohne st\u00e4ndiges Telefonieren oder unn\u00f6tige R\u00fcckfragen. \u2714 Kundenanfragen direkt per WhatsApp \u2714 Termine online buchbar \u00fcber deinen Kalender \u2714 Klare Darstellung von Leistungen, Zeiten und Erreichbarkeit \u2714 Alles \u00fcbersichtlich [&hellip;]<\/p>\n","protected":false},"featured_media":0,"comment_status":"open","ping_status":"closed","template":"","meta":{"_seopress_robots_primary_cat":"","_seopress_titles_title":"","_seopress_titles_desc":"","_seopress_robots_index":"","googlesitekit_rrm_CAowz76iDA:productID":""},"product_brand":[],"product_cat":[21],"product_tag":[],"class_list":{"0":"post-18126","1":"product","2":"type-product","3":"status-publish","5":"product_cat-listeo-booking","7":"first","8":"instock","9":"downloadable","10":"virtual","11":"sold-individually","12":"taxable","13":"purchasable","14":"product-type-listing_booking"},"_links":{"self":[{"href":"https:\/\/linkmarkt.eu\/en\/wp-json\/wp\/v2\/product\/18126","targetHints":{"allow":["GET"]}}],"collection":[{"href":"https:\/\/linkmarkt.eu\/en\/wp-json\/wp\/v2\/product"}],"about":[{"href":"https:\/\/linkmarkt.eu\/en\/wp-json\/wp\/v2\/types\/product"}],"replies":[{"embeddable":true,"href":"https:\/\/linkmarkt.eu\/en\/wp-json\/wp\/v2\/comments?post=18126"}],"version-history":[{"count":1,"href":"https:\/\/linkmarkt.eu\/en\/wp-json\/wp\/v2\/product\/18126\/revisions"}],"predecessor-version":[{"id":18128,"href":"https:\/\/linkmarkt.eu\/en\/wp-json\/wp\/v2\/product\/18126\/revisions\/18128"}],"wp:attachment":[{"href":"https:\/\/linkmarkt.eu\/en\/wp-json\/wp\/v2\/media?parent=18126"}],"wp:term":[{"taxonomy":"product_brand","embeddable":true,"href":"https:\/\/linkmarkt.eu\/en\/wp-json\/wp\/v2\/product_brand?post=18126"},{"taxonomy":"product_cat","embeddable":true,"href":"https:\/\/linkmarkt.eu\/en\/wp-json\/wp\/v2\/product_cat?post=18126"},{"taxonomy":"product_tag","embeddable":true,"href":"https:\/\/linkmarkt.eu\/en\/wp-json\/wp\/v2\/product_tag?post=18126"}],"curies":[{"name":"wp","href":"https:\/\/api.w.org\/{rel}","templated":true}]}}