{"id":18135,"date":"2026-01-27T20:40:38","date_gmt":"2026-01-27T19:40:38","guid":{"rendered":"https:\/\/linkmarkt.eu\/?post_type=product&#038;p=18135"},"modified":"2026-01-27T20:41:39","modified_gmt":"2026-01-27T19:41:39","slug":"30-tage-ordnung-im-kopf","status":"publish","type":"product","link":"https:\/\/linkmarkt.eu\/en\/product\/30-tage-ordnung-im-kopf\/","title":{"rendered":"30 Tage Ordnung im Kopf."},"content":{"rendered":"<p data-start=\"259\" data-end=\"327\">Zu viele Gedanken.<br data-start=\"277\" data-end=\"280\" \/>Zu viele Informationen.<br data-start=\"303\" data-end=\"306\" \/>Zu wenig innere Ruhe.<\/p>\n<p data-start=\"329\" data-end=\"511\"><strong data-start=\"329\" data-end=\"358\">\u201e30 Tage Ordnung im Kopf\u201c<\/strong> ist ein ruhiger, klarer Begleiter f\u00fcr Menschen, die ihr Gedankenchaos reduzieren wollen \u2013 <strong data-start=\"449\" data-end=\"510\">ohne Motivationstricks, ohne Coaching-Sprache, ohne Druck<\/strong>.<\/p>\n<p data-start=\"513\" data-end=\"622\">Dieses E-Book f\u00fchrt dich <strong data-start=\"538\" data-end=\"574\">30 Tage lang Schritt f\u00fcr Schritt<\/strong> zu mehr mentaler Klarheit.<br data-start=\"601\" data-end=\"604\" \/>Jeder Tag enth\u00e4lt:<\/p>\n<ul data-start=\"623\" data-end=\"711\">\n<li data-start=\"623\" data-end=\"645\">\n<p data-start=\"625\" data-end=\"645\">einen klaren Fokus<\/p>\n<\/li>\n<li data-start=\"646\" data-end=\"671\">\n<p data-start=\"648\" data-end=\"671\">eine einfache Aufgabe<\/p>\n<\/li>\n<li data-start=\"672\" data-end=\"711\">\n<p data-start=\"674\" data-end=\"711\">optional eine praktische Checkliste<\/p>\n<\/li>\n<\/ul>\n<p data-start=\"713\" data-end=\"767\">Kein Lesen ohne Umsetzen.<br data-start=\"738\" data-end=\"741\" \/>Keine Theorie ohne Praxis.<\/p>\n<p data-start=\"769\" data-end=\"812\">Dieses Produkt ist ideal f\u00fcr dich, wenn du:<\/p>\n<ul data-start=\"813\" data-end=\"970\">\n<li data-start=\"813\" data-end=\"839\">\n<p data-start=\"815\" data-end=\"839\">st\u00e4ndig zu viel denkst<\/p>\n<\/li>\n<li data-start=\"840\" data-end=\"890\">\n<p data-start=\"842\" data-end=\"890\">dich innerlich unruhig oder \u00fcberfordert f\u00fchlst<\/p>\n<\/li>\n<li data-start=\"891\" data-end=\"921\">\n<p data-start=\"893\" data-end=\"921\">Entscheidungen aufschiebst<\/p>\n<\/li>\n<li data-start=\"922\" data-end=\"970\">\n<p data-start=\"924\" data-end=\"970\">weniger konsumieren und klarer denken willst<\/p>\n<\/li>\n<\/ul>\n<p data-start=\"972\" data-end=\"1053\"><strong data-start=\"972\" data-end=\"983\">Format:<\/strong><br data-start=\"983\" data-end=\"986\" \/>\u2714 E-Book (PDF)<br data-start=\"1000\" data-end=\"1003\" \/>\u2714 Checklisten zum Ausdrucken oder digital nutzen<\/p>\n<p data-start=\"1055\" data-end=\"1134\">\ud83d\udc49 Du kannst die Tage nacheinander machen oder gezielt einzelne Kapitel nutzen.<\/p>\n","protected":false},"excerpt":{"rendered":"<p>Zu viele Gedanken.Zu viele Informationen.Zu wenig innere Ruhe. \u201e30 Tage Ordnung im Kopf\u201c ist ein ruhiger, klarer Begleiter f\u00fcr Menschen, die ihr Gedankenchaos reduzieren wollen \u2013 ohne Motivationstricks, ohne Coaching-Sprache, ohne Druck. Dieses E-Book f\u00fchrt dich 30 Tage lang Schritt f\u00fcr Schritt zu mehr mentaler Klarheit.Jeder Tag enth\u00e4lt: einen klaren Fokus eine einfache Aufgabe optional [&hellip;]<\/p>\n","protected":false},"featured_media":18138,"comment_status":"open","ping_status":"closed","template":"","meta":{"_seopress_robots_primary_cat":"none","_seopress_titles_title":"30 Tage Ordnung im Kopf \u2013 Mentale Klarheit & Gedanken-Reset","_seopress_titles_desc":"30 Tage f\u00fcr mehr Klarheit im Kopf. Mentale Ordnung, weniger Gedanken, weniger Stress. E-Book + Checklisten als digitaler Download.","_seopress_robots_index":"","googlesitekit_rrm_CAowz76iDA:productID":""},"product_brand":[],"product_cat":[3201],"product_tag":[3309,3307,3302,3306,3308,3305,3301,3304,3300,3310,3303],"class_list":{"0":"post-18135","1":"product","2":"type-product","3":"status-publish","4":"has-post-thumbnail","6":"product_cat-e-books","7":"product_tag-digitales-ebook","8":"product_tag-fokus-finden","9":"product_tag-gedanken-ordnen","10":"product_tag-gedankenchaos","11":"product_tag-informationsueberflutung","12":"product_tag-innere-ruhe","13":"product_tag-mentale-klarheit","14":"product_tag-mentaler-minimalismus","15":"product_tag-ordnung-im-kopf","16":"product_tag-pdf-download","17":"product_tag-weniger-stress","19":"first","20":"instock","21":"downloadable","22":"virtual","23":"taxable","24":"purchasable","25":"product-type-simple"},"_links":{"self":[{"href":"https:\/\/linkmarkt.eu\/en\/wp-json\/wp\/v2\/product\/18135","targetHints":{"allow":["GET"]}}],"collection":[{"href":"https:\/\/linkmarkt.eu\/en\/wp-json\/wp\/v2\/product"}],"about":[{"href":"https:\/\/linkmarkt.eu\/en\/wp-json\/wp\/v2\/types\/product"}],"replies":[{"embeddable":true,"href":"https:\/\/linkmarkt.eu\/en\/wp-json\/wp\/v2\/comments?post=18135"}],"version-history":[{"count":2,"href":"https:\/\/linkmarkt.eu\/en\/wp-json\/wp\/v2\/product\/18135\/revisions"}],"predecessor-version":[{"id":18141,"href":"https:\/\/linkmarkt.eu\/en\/wp-json\/wp\/v2\/product\/18135\/revisions\/18141"}],"wp:featuredmedia":[{"embeddable":true,"href":"https:\/\/linkmarkt.eu\/en\/wp-json\/wp\/v2\/media\/18138"}],"wp:attachment":[{"href":"https:\/\/linkmarkt.eu\/en\/wp-json\/wp\/v2\/media?parent=18135"}],"wp:term":[{"taxonomy":"product_brand","embeddable":true,"href":"https:\/\/linkmarkt.eu\/en\/wp-json\/wp\/v2\/product_brand?post=18135"},{"taxonomy":"product_cat","embeddable":true,"href":"https:\/\/linkmarkt.eu\/en\/wp-json\/wp\/v2\/product_cat?post=18135"},{"taxonomy":"product_tag","embeddable":true,"href":"https:\/\/linkmarkt.eu\/en\/wp-json\/wp\/v2\/product_tag?post=18135"}],"curies":[{"name":"wp","href":"https:\/\/api.w.org\/{rel}","templated":true}]}}