{"id":18254,"date":"2026-01-29T18:47:16","date_gmt":"2026-01-29T17:47:16","guid":{"rendered":"https:\/\/linkmarkt.eu\/?post_type=product&#038;p=18254"},"modified":"2026-01-30T07:51:19","modified_gmt":"2026-01-30T06:51:19","slug":"senbono-s53-2024-damen-smartwatch-mit-139-zoll-hd-bildschirm-bluetooth-anruffunktion-sport-und-fitness-tracker-modischer-musiksteuerung-und-smartwatch-fuer-damen","status":"publish","type":"product","link":"https:\/\/linkmarkt.eu\/en\/product\/senbono-s53-2024-damen-smartwatch-mit-139-zoll-hd-bildschirm-bluetooth-anruffunktion-sport-und-fitness-tracker-modischer-musiksteuerung-und-smartwatch-fuer-damen\/","title":{"rendered":"SENBONO S53 Damen Smartwatch 1,39\u2033 HD \u2013 Bluetooth Anrufe, Fitness &#038; Herzfrequenz"},"content":{"rendered":"<p data-start=\"215\" data-end=\"496\">Die <strong data-start=\"219\" data-end=\"245\">SENBONO S53 Smartwatch<\/strong> kombiniert elegantes Design mit modernen Funktionen f\u00fcr Alltag, Sport und Gesundheit. Das <strong data-start=\"336\" data-end=\"362\">1,39\u2033 HD Touch-Display<\/strong> sorgt f\u00fcr eine klare Darstellung, w\u00e4hrend <strong data-start=\"405\" data-end=\"425\">Bluetooth-Anrufe<\/strong> direkt \u00fcber die Uhr m\u00f6glich sind \u2013 ideal unterwegs oder beim Training.<\/p>\n<p data-start=\"498\" data-end=\"827\">Mit integrierten Funktionen wie <strong data-start=\"530\" data-end=\"585\">Herzfrequenzmessung, Blutsauerstoff, Schlaftracking<\/strong> und \u00fcber <strong data-start=\"595\" data-end=\"612\">100 Sportmodi<\/strong> unterst\u00fctzt dich die Smartwatch bei einem aktiven Lebensstil. Dank <strong data-start=\"680\" data-end=\"701\">IP67 Wasserschutz<\/strong>, <strong data-start=\"703\" data-end=\"721\">Musiksteuerung<\/strong> und <strong data-start=\"726\" data-end=\"763\">Benachrichtigungen vom Smartphone<\/strong> ist sie ein stylischer und praktischer Begleiter f\u00fcr jeden Tag.<\/p>\n<p data-start=\"498\" data-end=\"827\">Elegante Damen Smartwatch mit Bluetooth-Telefonie, Fitness-Tracking, Gesundheitsfunktionen und 1,39\u2033 HD Touchscreen \u2013 kompatibel mit Android &amp; iOS.<\/p>\n","protected":false},"excerpt":{"rendered":"<p>Die SENBONO S53 Smartwatch kombiniert elegantes Design mit modernen Funktionen f\u00fcr Alltag, Sport und Gesundheit. Das 1,39\u2033 HD Touch-Display sorgt f\u00fcr eine klare Darstellung, w\u00e4hrend Bluetooth-Anrufe direkt \u00fcber die Uhr m\u00f6glich sind \u2013 ideal unterwegs oder beim Training. Mit integrierten Funktionen wie Herzfrequenzmessung, Blutsauerstoff, Schlaftracking und \u00fcber 100 Sportmodi unterst\u00fctzt dich die Smartwatch bei einem [&hellip;]<\/p>\n","protected":false},"featured_media":18244,"comment_status":"open","ping_status":"closed","template":"","meta":{"_seopress_robots_primary_cat":"none","_seopress_titles_title":"SENBONO S53 Smartwatch Damen \u2013 Bluetooth Call & Fitness Tracker","_seopress_titles_desc":"SENBONO S53 Damen Smartwatch mit 1,39\u2033 HD Display, Bluetooth-Anrufen, Fitness- & Gesundheits-Tracking, IP67 wasserdicht \u2013 f\u00fcr Android & iOS.","_seopress_robots_index":"","googlesitekit_rrm_CAowz76iDA:productID":""},"product_brand":[],"product_cat":[1760,2319],"product_tag":[3502,3419,3505,3501,3417,3504,3503,3506],"class_list":{"0":"post-18254","1":"product","2":"type-product","3":"status-publish","4":"has-post-thumbnail","6":"product_cat-smartwatches-fitnessuhren","7":"product_cat-sport-outdoor","8":"product_tag-damen-smartwatch","9":"product_tag-fitness-tracker-uhr","10":"product_tag-herzfrequenz-smartwatch","11":"product_tag-senbono-s53","12":"product_tag-smartwatch-android-ios","13":"product_tag-smartwatch-frauen","14":"product_tag-smartwatch-mit-bluetooth-call","15":"product_tag-wasserdichte-smartwatch","17":"first","18":"instock","19":"sale","20":"purchasable","21":"product-type-variable"},"_links":{"self":[{"href":"https:\/\/linkmarkt.eu\/en\/wp-json\/wp\/v2\/product\/18254","targetHints":{"allow":["GET"]}}],"collection":[{"href":"https:\/\/linkmarkt.eu\/en\/wp-json\/wp\/v2\/product"}],"about":[{"href":"https:\/\/linkmarkt.eu\/en\/wp-json\/wp\/v2\/types\/product"}],"replies":[{"embeddable":true,"href":"https:\/\/linkmarkt.eu\/en\/wp-json\/wp\/v2\/comments?post=18254"}],"version-history":[{"count":2,"href":"https:\/\/linkmarkt.eu\/en\/wp-json\/wp\/v2\/product\/18254\/revisions"}],"predecessor-version":[{"id":18305,"href":"https:\/\/linkmarkt.eu\/en\/wp-json\/wp\/v2\/product\/18254\/revisions\/18305"}],"wp:featuredmedia":[{"embeddable":true,"href":"https:\/\/linkmarkt.eu\/en\/wp-json\/wp\/v2\/media\/18244"}],"wp:attachment":[{"href":"https:\/\/linkmarkt.eu\/en\/wp-json\/wp\/v2\/media?parent=18254"}],"wp:term":[{"taxonomy":"product_brand","embeddable":true,"href":"https:\/\/linkmarkt.eu\/en\/wp-json\/wp\/v2\/product_brand?post=18254"},{"taxonomy":"product_cat","embeddable":true,"href":"https:\/\/linkmarkt.eu\/en\/wp-json\/wp\/v2\/product_cat?post=18254"},{"taxonomy":"product_tag","embeddable":true,"href":"https:\/\/linkmarkt.eu\/en\/wp-json\/wp\/v2\/product_tag?post=18254"}],"curies":[{"name":"wp","href":"https:\/\/api.w.org\/{rel}","templated":true}]}}