{"id":18272,"date":"2026-01-29T18:53:51","date_gmt":"2026-01-29T17:53:51","guid":{"rendered":"https:\/\/linkmarkt.eu\/?post_type=product&#038;p=18272"},"modified":"2026-01-30T07:44:09","modified_gmt":"2026-01-30T06:44:09","slug":"neue-lenovo-xt53-kabellose-upgrade-bluetooth-5-4-ohrhoerer-led-digitalanzeige-wasserdichte-kopfhoerer-gaming-ohrhoerer-mit-geringer-latenz","status":"publish","type":"product","link":"https:\/\/linkmarkt.eu\/en\/product\/neue-lenovo-xt53-kabellose-upgrade-bluetooth-5-4-ohrhoerer-led-digitalanzeige-wasserdichte-kopfhoerer-gaming-ohrhoerer-mit-geringer-latenz\/","title":{"rendered":"Lenovo XT53 True Wireless Earbuds \u2013 Bluetooth 5.4, Gaming Low Latency, LED Display, wasserdicht."},"content":{"rendered":"<p data-start=\"229\" data-end=\"528\">Die <strong data-start=\"233\" data-end=\"270\">Lenovo XT53 True Wireless Earbuds<\/strong> liefern stabilen Sound und geringe Latenz dank <strong data-start=\"318\" data-end=\"335\">Bluetooth 5.4<\/strong> \u2013 ideal f\u00fcr Gaming, Videos und Musik. Der <strong data-start=\"378\" data-end=\"391\">Dual-Mode<\/strong> erm\u00f6glicht den schnellen Wechsel zwischen Musik- und Gaming-Modus, w\u00e4hrend der <strong data-start=\"471\" data-end=\"490\">3D-Stereo-Sound<\/strong> f\u00fcr ein immersives H\u00f6rerlebnis sorgt.<\/p>\n<p data-start=\"530\" data-end=\"862\">Das <strong data-start=\"534\" data-end=\"556\">LED-Digitaldisplay<\/strong> im Ladecase zeigt den Akkustand auf einen Blick. Mit <strong data-start=\"610\" data-end=\"646\">bis zu 26 Stunden Gesamtlaufzeit<\/strong>, <strong data-start=\"648\" data-end=\"672\">wasserdichtem Design<\/strong> und <strong data-start=\"677\" data-end=\"702\">integriertem Mikrofon<\/strong> sind die XT53 perfekt f\u00fcr Alltag, Sport und unterwegs. Automatische Verbindung nach dem ersten Pairing und <strong data-start=\"810\" data-end=\"825\">USB-C-Laden<\/strong> machen die Nutzung besonders bequem.<\/p>\n<hr data-start=\"864\" data-end=\"867\" \/>\n<p data-start=\"899\" data-end=\"1032\">\n<div class=\"detailmodule_html\">\n<div class=\"detail-desc-decorate-richtext\">\n<div class=\"detailmodule_html\">\n<div class=\"detail-desc-decorate-richtext\">\n<div class=\"detailmodule_html\">\n<div class=\"detail-desc-decorate-richtext\">\n<div class=\"detailmodule_text\">\n<div class=\"detailmodule_html\">\n<div class=\"detail-desc-decorate-richtext\">\n<div>\n<div>\n<div class=\"detailmodule_html\">\n<div class=\"detail-desc-decorate-richtext\">\n<div class=\"detailmodule_html\">\n<div class=\"detail-desc-decorate-richtext\">\n<div class=\"detailmodule_html\">\n<div class=\"detail-desc-decorate-richtext\">\n<p style=\"text-align: center;\" align=\"center\"><img fetchpriority=\"high\" decoding=\"async\" src=\"https:\/\/ae01.alicdn.com\/kf\/S61a32f40fec1411791ade31695f103c0x.jpg\" width=\"790\" height=\"676\" \/><\/p>\n<\/div>\n<\/div>\n<\/div>\n<\/div>\n<\/div>\n<\/div>\n<\/div>\n<\/div>\n<\/div>\n<\/div>\n<\/div>\n<\/div>\n<\/div>\n<\/div>\n<\/div>\n<p style=\"text-align: center;\" align=\"center\"><img decoding=\"async\" src=\"https:\/\/ae01.alicdn.com\/kf\/S645a92e9f28049aaa583bac0346365ecp.jpg\" \/><\/p>\n<p style=\"text-align: center;\" align=\"center\"><span style=\"font-size: 16px;\"><strong>Bluetooth 5.4 Chip<\/strong><\/span><\/p>\n<p style=\"text-align: center;\" align=\"center\"><span style=\"font-size: 16px;\"><strong>Gaming-grade Low-latency Chip<\/strong><\/span><\/p>\n<p style=\"text-align: center;\" align=\"center\"><span style=\"font-size: 16px;\"><strong>45ms Ultra-low Latency<\/strong><\/span><\/p>\n<p style=\"text-align: center;\" align=\"center\"><span style=\"font-size: 16px;\"><strong>26h Long Battery Life<\/strong><\/span><\/p>\n<p style=\"text-align: center;\" align=\"center\"><span style=\"font-size: 16px;\"><strong>The Microphone Connection Is More Stable<\/strong><\/span><\/p>\n<p style=\"text-align: center;\" align=\"center\"><span style=\"font-size: 16px;\"><strong>Real-time Power Display<\/strong><\/span><\/p>\n<p style=\"text-align: center;\" align=\"center\"><span style=\"font-size: 16px;\"><strong>Cool Lighting Effects<\/strong><\/span><\/p>\n<p style=\"text-align: center;\" align=\"center\"><img decoding=\"async\" src=\"https:\/\/ae01.alicdn.com\/kf\/S0844d2886a61476984667257427863d7Q.jpg\" \/><\/p>\n<p style=\"text-align: center;\" align=\"center\"><span style=\"font-size: 16px;\"><strong>Game Mode Zero Lag Connection<\/strong><\/span><\/p>\n<p style=\"text-align: center;\" align=\"center\"><img decoding=\"async\" src=\"https:\/\/ae01.alicdn.com\/kf\/Sa8d4e08f0a4447eeac6b1f5141b951a4Q.jpg\" \/><\/p>\n<p style=\"text-align: center;\" align=\"center\"><span style=\"font-size: 16px;\"><strong>Surround Spatial Audio Dolby Stereo<\/strong><\/span><\/p>\n<p style=\"text-align: center;\" align=\"center\"><img decoding=\"async\" src=\"https:\/\/ae01.alicdn.com\/kf\/S8ad6e26ad8dc462293273e7d4e41328cV.jpg\" \/><\/p>\n<p style=\"text-align: center;\" align=\"center\"><span style=\"font-size: 16px;\"><strong>Intuitive Touch<\/strong><\/span><\/p>\n<p style=\"text-align: center;\" align=\"center\"><img decoding=\"async\" src=\"https:\/\/ae01.alicdn.com\/kf\/S3b7b03e5232e4b08b4e37171af6108f4o.jpg\" \/><\/p>\n<p style=\"text-align: center;\" align=\"center\"><span style=\"font-size: 16px;\"><strong>HD Voice Calling<\/strong><\/span><\/p>\n<p style=\"text-align: center;\" align=\"center\"><img decoding=\"async\" src=\"https:\/\/ae01.alicdn.com\/kf\/S4490b3b89ab04a78b4690ff0b2517549D.jpg\" \/><\/p>\n<p style=\"text-align: center;\" align=\"center\"><span style=\"font-size: 16px;\"><strong>Bluetooth 5.4 Chip Stable Connection<\/strong><\/span><\/p>\n<p style=\"text-align: center;\" align=\"center\"><img decoding=\"async\" src=\"https:\/\/ae01.alicdn.com\/kf\/Sb09f7401f41b4dfc9ec964257ae026a3c.jpg\" \/><\/p>\n<p style=\"text-align: center;\" align=\"center\"><span style=\"font-size: 16px;\"><strong>LED Dynamic Battery Level Display<\/strong><\/span><\/p>\n<p style=\"text-align: center;\" align=\"center\"><img decoding=\"async\" src=\"https:\/\/ae01.alicdn.com\/kf\/Sa24ad25b75174bab83dcdff75f86bb986.jpg\" \/><\/p>\n<p style=\"text-align: center;\" align=\"center\"><span style=\"font-size: 16px;\"><strong>IPX4 Waterproof Rating<\/strong><\/span><\/p>\n<p style=\"text-align: center;\" align=\"center\"><img decoding=\"async\" src=\"https:\/\/ae01.alicdn.com\/kf\/S8ff0ed76d0fb4e1180499e9ab025183fy.jpg\" \/><\/p>\n<p style=\"text-align: center;\" align=\"center\"><span style=\"font-size: 16px;\"><strong>Fully Compatible Devices<\/strong><\/span><\/p>\n<p style=\"text-align: center;\" align=\"center\"><img decoding=\"async\" src=\"https:\/\/ae01.alicdn.com\/kf\/Sd3b8ddd84ee4441babbce175dbda538d2.jpg\" \/><img decoding=\"async\" src=\"https:\/\/ae01.alicdn.com\/kf\/Sd3204a4b388a467a99293bf509454fb9k.jpg\" \/><\/p>\n<p>&nbsp;<\/p>\n<div class=\"detailmodule_html\">\n<div class=\"detail-desc-decorate-richtext\">\n<div class=\"detailmodule_html\">\n<div class=\"detail-desc-decorate-richtext\">\n<div class=\"detailmodule_text\">\n<div class=\"detailmodule_html\">\n<div class=\"detail-desc-decorate-richtext\">\n<div class=\"detailmodule_html\">\n<div class=\"detail-desc-decorate-richtext\">\n<div class=\"detailmodule_html\">\n<div class=\"detail-desc-decorate-richtext\">\n<div class=\"detailmodule_html\">\n<div class=\"detail-desc-decorate-richtext\"><\/div>\n<\/div>\n<\/div>\n<\/div>\n<\/div>\n<\/div>\n<\/div>\n<\/div>\n<\/div>\n<\/div>\n<\/div>\n<\/div>\n<\/div>\n<\/div>\n<\/div>\n<p>&nbsp;<\/p>\n","protected":false},"excerpt":{"rendered":"<p>Die Lenovo XT53 True Wireless Earbuds liefern stabilen Sound und geringe Latenz dank Bluetooth 5.4 \u2013 ideal f\u00fcr Gaming, Videos und Musik. Der Dual-Mode erm\u00f6glicht den schnellen Wechsel zwischen Musik- und Gaming-Modus, w\u00e4hrend der 3D-Stereo-Sound f\u00fcr ein immersives H\u00f6rerlebnis sorgt. Das LED-Digitaldisplay im Ladecase zeigt den Akkustand auf einen Blick. Mit bis zu 26 Stunden [&hellip;]<\/p>\n","protected":false},"featured_media":18263,"comment_status":"open","ping_status":"closed","template":"","meta":{"_seopress_robots_primary_cat":"none","_seopress_titles_title":"Lenovo XT53 Bluetooth 5.4 Earbuds \u2013 Gaming Low Latency & LED Display","_seopress_titles_desc":"Lenovo XT53 True Wireless Earbuds mit Bluetooth 5.4, Gaming-Modus, LED-Display und bis zu 26h Akkulaufzeit. Wasserdicht, mit Mikrofon & USB-C.","_seopress_robots_index":"","googlesitekit_rrm_CAowz76iDA:productID":""},"product_brand":[],"product_cat":[3492],"product_tag":[3494,3496,3498,3497,3493,3495,3500,3499],"class_list":{"0":"post-18272","1":"product","2":"type-product","3":"status-publish","4":"has-post-thumbnail","6":"product_cat-kopfhoerer-audio","7":"product_tag-bluetooth-5-4-earbuds","8":"product_tag-gaming-earbuds-low-latency","9":"product_tag-led-display-earbuds","10":"product_tag-lenovo-in-ear-kopfhoerer","11":"product_tag-lenovo-xt53","12":"product_tag-true-wireless-kopfhoerer","13":"product_tag-tws-kopfhoerer","14":"product_tag-wasserdichte-kopfhoerer","16":"first","17":"instock","18":"sale","19":"taxable","20":"shipping-taxable","21":"purchasable","22":"product-type-variable"},"_links":{"self":[{"href":"https:\/\/linkmarkt.eu\/en\/wp-json\/wp\/v2\/product\/18272","targetHints":{"allow":["GET"]}}],"collection":[{"href":"https:\/\/linkmarkt.eu\/en\/wp-json\/wp\/v2\/product"}],"about":[{"href":"https:\/\/linkmarkt.eu\/en\/wp-json\/wp\/v2\/types\/product"}],"replies":[{"embeddable":true,"href":"https:\/\/linkmarkt.eu\/en\/wp-json\/wp\/v2\/comments?post=18272"}],"version-history":[{"count":2,"href":"https:\/\/linkmarkt.eu\/en\/wp-json\/wp\/v2\/product\/18272\/revisions"}],"predecessor-version":[{"id":18303,"href":"https:\/\/linkmarkt.eu\/en\/wp-json\/wp\/v2\/product\/18272\/revisions\/18303"}],"wp:featuredmedia":[{"embeddable":true,"href":"https:\/\/linkmarkt.eu\/en\/wp-json\/wp\/v2\/media\/18263"}],"wp:attachment":[{"href":"https:\/\/linkmarkt.eu\/en\/wp-json\/wp\/v2\/media?parent=18272"}],"wp:term":[{"taxonomy":"product_brand","embeddable":true,"href":"https:\/\/linkmarkt.eu\/en\/wp-json\/wp\/v2\/product_brand?post=18272"},{"taxonomy":"product_cat","embeddable":true,"href":"https:\/\/linkmarkt.eu\/en\/wp-json\/wp\/v2\/product_cat?post=18272"},{"taxonomy":"product_tag","embeddable":true,"href":"https:\/\/linkmarkt.eu\/en\/wp-json\/wp\/v2\/product_tag?post=18272"}],"curies":[{"name":"wp","href":"https:\/\/api.w.org\/{rel}","templated":true}]}}