{"id":18286,"date":"2026-01-29T18:55:32","date_gmt":"2026-01-29T17:55:32","guid":{"rendered":"https:\/\/linkmarkt.eu\/?post_type=product&#038;p=18286"},"modified":"2026-01-30T07:38:20","modified_gmt":"2026-01-30T06:38:20","slug":"xnyocn-fahrrad-handyhalterung-universelle-fahrrad-motorrad-halterung-360-drehbare-klammer-fahrradhalterung-halterung-fuer-smartphone","status":"publish","type":"product","link":"https:\/\/linkmarkt.eu\/en\/product\/xnyocn-fahrrad-handyhalterung-universelle-fahrrad-motorrad-halterung-360-drehbare-klammer-fahrradhalterung-halterung-fuer-smartphone\/","title":{"rendered":"Xnyocn Fahrrad Handyhalterung \u2013 360\u00b0 drehbar, universal f\u00fcr Smartphone &#038; Motorrad."},"content":{"rendered":"<p data-start=\"221\" data-end=\"481\">Die <strong data-start=\"225\" data-end=\"258\">Xnyocn Fahrrad Handyhalterung<\/strong> ist die ideale L\u00f6sung f\u00fcr alle, die ihr Smartphone sicher und bequem beim Fahren nutzen m\u00f6chten. Dank der <strong data-start=\"365\" data-end=\"386\">360\u00b0-Drehfunktion<\/strong> hast du jederzeit den perfekten Blickwinkel \u2013 egal ob f\u00fcr Navigation, Fitness-Apps oder Musik.<\/p>\n<p data-start=\"483\" data-end=\"763\">Die rutschfeste Gummierung sorgt f\u00fcr <strong data-start=\"520\" data-end=\"538\">maximalen Halt<\/strong>, selbst auf unebenen Strecken. Die Halterung wird fest am Lenker montiert und l\u00e4sst sich <strong data-start=\"628\" data-end=\"660\">schnell per Knopfdruck l\u00f6sen<\/strong>, ohne Werkzeug. Geeignet f\u00fcr nahezu alle Smartphones und sowohl f\u00fcr <strong data-start=\"729\" data-end=\"762\">Fahrr\u00e4der als auch Motorr\u00e4der<\/strong>.<\/p>\n<p data-start=\"765\" data-end=\"851\">Robust, praktisch und alltagstauglich \u2013 ideal f\u00fcr Stadt, Touren und Outdoor-Abenteuer.<\/p>\n<h1><img decoding=\"async\" class=\"detail-desc-decorate-image\" style=\"color: #707070; font-size: 15px;\" src=\"https:\/\/ae01.alicdn.com\/kf\/H33dcf34247e941bd94659e1af3644bb6X.jpg\" \/><img decoding=\"async\" class=\"detail-desc-decorate-image\" style=\"color: #707070; font-size: 15px;\" src=\"https:\/\/ae01.alicdn.com\/kf\/Hfd2c2a3bf2354abc911a9adf6a483a88l.jpg\" \/><img decoding=\"async\" class=\"detail-desc-decorate-image\" style=\"color: #707070; font-size: 15px;\" src=\"https:\/\/ae01.alicdn.com\/kf\/H96aa374357cc43f2ac5e3f512669e094L.jpg\" \/><img decoding=\"async\" class=\"detail-desc-decorate-image\" style=\"color: #707070; font-size: 15px;\" src=\"https:\/\/ae01.alicdn.com\/kf\/H733df53594bf44f190fbdee9f6cc896dg.jpg\" \/><img decoding=\"async\" class=\"detail-desc-decorate-image\" style=\"color: #707070; font-size: 15px;\" src=\"https:\/\/ae01.alicdn.com\/kf\/Hec5c94b168a04980b1e8d8b44a8b712bg.jpg\" \/><img decoding=\"async\" class=\"detail-desc-decorate-image\" style=\"color: #707070; font-size: 15px;\" src=\"https:\/\/ae01.alicdn.com\/kf\/Hdd981e3b6e15407c9750806c0e35ca17s.jpg\" \/><img decoding=\"async\" class=\"detail-desc-decorate-image\" style=\"color: #707070; font-size: 15px;\" src=\"https:\/\/ae01.alicdn.com\/kf\/H2837df938d5a4658ac2f4a15b5e5ad97u.jpg\" \/><img decoding=\"async\" class=\"detail-desc-decorate-image\" style=\"color: #707070; font-size: 15px;\" src=\"https:\/\/ae01.alicdn.com\/kf\/H0bba361569a04d3d857a398a811632ffo.jpg\" \/><\/h1>\n<div class=\"detailmodule_image\"><img decoding=\"async\" class=\"detail-desc-decorate-image\" src=\"https:\/\/ae01.alicdn.com\/kf\/H695588658c574c0daaf2c74af15c85b7W.jpg\" \/><img decoding=\"async\" class=\"detail-desc-decorate-image\" src=\"https:\/\/ae01.alicdn.com\/kf\/Haa0c367f5a6f49009143dd74b5b1a483H.jpg\" \/><\/div>\n<div class=\"detailmodule_text\"><\/div>\n<p>&nbsp;<\/p>\n","protected":false},"excerpt":{"rendered":"<p>Die Xnyocn Fahrrad Handyhalterung ist die ideale L\u00f6sung f\u00fcr alle, die ihr Smartphone sicher und bequem beim Fahren nutzen m\u00f6chten. Dank der 360\u00b0-Drehfunktion hast du jederzeit den perfekten Blickwinkel \u2013 egal ob f\u00fcr Navigation, Fitness-Apps oder Musik. Die rutschfeste Gummierung sorgt f\u00fcr maximalen Halt, selbst auf unebenen Strecken. Die Halterung wird fest am Lenker montiert [&hellip;]<\/p>\n","protected":false},"featured_media":18279,"comment_status":"open","ping_status":"closed","template":"","meta":{"_seopress_robots_primary_cat":"none","_seopress_titles_title":"Fahrrad Handyhalterung 360\u00b0 drehbar \u2013 Xnyocn Universal Smartphone Halter","_seopress_titles_desc":"Xnyocn Fahrrad Handyhalterung mit 360\u00b0 Drehung. Sicherer Halt, einfache Montage, passend f\u00fcr fast alle Smartphones \u2013 ideal f\u00fcr Fahrrad & Motorrad.","_seopress_robots_index":"","googlesitekit_rrm_CAowz76iDA:productID":""},"product_brand":[],"product_cat":[2320,617],"product_tag":[3489,3488,3485,3487,3491,3486,3490],"class_list":{"0":"post-18286","1":"product","2":"type-product","3":"status-publish","4":"has-post-thumbnail","6":"product_cat-fahrradzubehoer","7":"product_cat-sports-outdoor","8":"product_tag-360-grad-handyhalter","9":"product_tag-fahrrad-handy-mount","10":"product_tag-fahrrad-handyhalterung","11":"product_tag-handyhalter-motorrad","12":"product_tag-lenker-handyhalter","13":"product_tag-smartphone-halter-fahrrad","14":"product_tag-universal-handyhalter-fahrrad","16":"first","17":"instock","18":"sale","19":"taxable","20":"shipping-taxable","21":"purchasable","22":"product-type-variable"},"_links":{"self":[{"href":"https:\/\/linkmarkt.eu\/en\/wp-json\/wp\/v2\/product\/18286","targetHints":{"allow":["GET"]}}],"collection":[{"href":"https:\/\/linkmarkt.eu\/en\/wp-json\/wp\/v2\/product"}],"about":[{"href":"https:\/\/linkmarkt.eu\/en\/wp-json\/wp\/v2\/types\/product"}],"replies":[{"embeddable":true,"href":"https:\/\/linkmarkt.eu\/en\/wp-json\/wp\/v2\/comments?post=18286"}],"version-history":[{"count":2,"href":"https:\/\/linkmarkt.eu\/en\/wp-json\/wp\/v2\/product\/18286\/revisions"}],"predecessor-version":[{"id":18301,"href":"https:\/\/linkmarkt.eu\/en\/wp-json\/wp\/v2\/product\/18286\/revisions\/18301"}],"wp:featuredmedia":[{"embeddable":true,"href":"https:\/\/linkmarkt.eu\/en\/wp-json\/wp\/v2\/media\/18279"}],"wp:attachment":[{"href":"https:\/\/linkmarkt.eu\/en\/wp-json\/wp\/v2\/media?parent=18286"}],"wp:term":[{"taxonomy":"product_brand","embeddable":true,"href":"https:\/\/linkmarkt.eu\/en\/wp-json\/wp\/v2\/product_brand?post=18286"},{"taxonomy":"product_cat","embeddable":true,"href":"https:\/\/linkmarkt.eu\/en\/wp-json\/wp\/v2\/product_cat?post=18286"},{"taxonomy":"product_tag","embeddable":true,"href":"https:\/\/linkmarkt.eu\/en\/wp-json\/wp\/v2\/product_tag?post=18286"}],"curies":[{"name":"wp","href":"https:\/\/api.w.org\/{rel}","templated":true}]}}