{"id":18348,"date":"2026-01-31T00:58:00","date_gmt":"2026-01-30T23:58:00","guid":{"rendered":"https:\/\/linkmarkt.eu\/product\/natuerliche-gesundheit-und-vitalitaet-entdecken-sie-die-vorteile-der-produkte-von-herb-com\/"},"modified":"2026-01-31T00:58:00","modified_gmt":"2026-01-30T23:58:00","slug":"natuerliche-gesundheit-und-vitalitaet-entdecken-sie-die-vorteile-der-produkte-von-herb-com","status":"publish","type":"product","link":"https:\/\/linkmarkt.eu\/en\/product\/natuerliche-gesundheit-und-vitalitaet-entdecken-sie-die-vorteile-der-produkte-von-herb-com\/","title":{"rendered":"Nat\u00fcrliche Gesundheit und Vitalit\u00e4t \u2013 Entdecken Sie die Vorteile der Produkte von Herb.com"},"content":{"rendered":"<p><a href=\"https:\/\/codeaven.com\/g\/b5xj007nkw71f99d95813036d378e7\/\">Herb.com \u2013 Ihr Schl\u00fcssel zu einem gesunden und ausgeglichenen Leben<\/a><br \/>\nImmer mehr Menschen suchen nach nat\u00fcrlichen Alternativen, um ihre Gesundheit zu st\u00e4rken und das allgemeine Wohlbefinden zu verbessern. Bei Herb.com finden Sie eine sorgf\u00e4ltig kuratierte Auswahl an hochwertigen Naturprodukten, die Ihnen dabei helfen, K\u00f6rper und Geist in Einklang zu bringen.<\/p>\n<p>Hier sind die wichtigsten Vorteile der Produkte von Herb.com und warum sie Teil Ihres Alltags werden sollten:<\/p>\n<p>1. Nat\u00fcrliche Inhaltsstoffe ohne Kompromisse<br \/>\nAlle Produkte auf Herb.com werden aus sorgf\u00e4ltig ausgew\u00e4hlten, nat\u00fcrlichen Inhaltsstoffen hergestellt. Sie sind frei von k\u00fcnstlichen Zus\u00e4tzen und Chemikalien, was sie zur perfekten Wahl f\u00fcr alle macht, die Wert auf Reinheit und Nat\u00fcrlichkeit legen.<\/p>\n<p>2. F\u00f6rderung des allgemeinen Wohlbefindens<br \/>\nOb Sie Ihre Energie steigern, den Schlaf verbessern oder Ihr Immunsystem st\u00e4rken m\u00f6chten \u2013 die breite Produktpalette von Herb.com bietet f\u00fcr jedes Bed\u00fcrfnis die passende L\u00f6sung. Dank der nat\u00fcrlichen Formeln k\u00f6nnen Sie Ihre Gesundheit auf sanfte Weise unterst\u00fctzen.<\/p>\n<p>3. Gezielte Unterst\u00fctzung f\u00fcr verschiedene Gesundheitsbereiche<br \/>\nHerb.com bietet Produkte, die auf verschiedene Gesundheitsziele zugeschnitten sind:<\/p>\n<p>Immunsystem st\u00e4rken: Schutz vor allt\u00e4glichen Belastungen<br \/>\nStressbew\u00e4ltigung: Finden Sie Ihre innere Ruhe wieder<br \/>\nDetox und Reinigung: Unterst\u00fctzen Sie den nat\u00fcrlichen Reinigungsprozess Ihres K\u00f6rpers<br \/>\n4. Wissenschaftlich fundiert und bew\u00e4hrt<br \/>\nJedes Produkt basiert auf neuesten wissenschaftlichen Erkenntnissen und wird umfassend gepr\u00fcft, um h\u00f6chste Qualit\u00e4t zu gew\u00e4hrleisten. Sie k\u00f6nnen sich darauf verlassen, dass Sie bei Herb.com nur das Beste erhalten.<\/p>\n<p>5. Umweltfreundlich und nachhaltig<br \/>\nHerb.com setzt sich nicht nur f\u00fcr Ihre Gesundheit ein, sondern auch f\u00fcr den Schutz der Umwelt. Viele Produkte sind nachhaltig hergestellt und in umweltfreundlichen Verpackungen erh\u00e4ltlich, damit Sie mit gutem Gewissen einkaufen k\u00f6nnen.<\/p>\n<p>Warum sollten Sie noch warten?<br \/>\nTun Sie Ihrem K\u00f6rper und Geist etwas Gutes und entdecken Sie die nat\u00fcrliche Kraft der Produkte von Herb.com. Egal, ob Sie nach einer nat\u00fcrlichen Unterst\u00fctzung f\u00fcr den Alltag suchen oder gezielte L\u00f6sungen f\u00fcr spezielle Gesundheitsbed\u00fcrfnisse ben\u00f6tigen \u2013 bei Herb.com sind Sie genau richtig. Besuchen Sie uns noch heute und starten Sie Ihre Reise zu mehr<a href=\"https:\/\/codeaven.com\/g\/b5xj007nkw71f99d95813036d378e7\/\"> Vitalit\u00e4t und Lebensfreude!<\/a><\/p>\n","protected":false},"excerpt":{"rendered":"<p>Herb.com \u2013 Ihr Schl\u00fcssel zu einem gesunden und ausgeglichenen Leben Immer mehr Menschen suchen nach nat\u00fcrlichen Alternativen, um ihre Gesundheit zu st\u00e4rken und das allgemeine Wohlbefinden zu verbessern. Bei Herb.com finden Sie eine sorgf\u00e4ltig kuratierte Auswahl an hochwertigen Naturprodukten, die Ihnen dabei helfen, K\u00f6rper und Geist in Einklang zu bringen. Hier sind die wichtigsten Vorteile [&hellip;]<\/p>\n","protected":false},"featured_media":0,"comment_status":"open","ping_status":"closed","template":"","meta":{"_seopress_robots_primary_cat":"","_seopress_titles_title":"","_seopress_titles_desc":"","_seopress_robots_index":"","googlesitekit_rrm_CAowz76iDA:productID":""},"product_brand":[],"product_cat":[21],"product_tag":[],"class_list":{"0":"post-18348","1":"product","2":"type-product","3":"status-publish","5":"product_cat-listeo-booking","7":"first","8":"instock","9":"downloadable","10":"virtual","11":"sold-individually","12":"taxable","13":"purchasable","14":"product-type-listing_booking"},"_links":{"self":[{"href":"https:\/\/linkmarkt.eu\/en\/wp-json\/wp\/v2\/product\/18348","targetHints":{"allow":["GET"]}}],"collection":[{"href":"https:\/\/linkmarkt.eu\/en\/wp-json\/wp\/v2\/product"}],"about":[{"href":"https:\/\/linkmarkt.eu\/en\/wp-json\/wp\/v2\/types\/product"}],"replies":[{"embeddable":true,"href":"https:\/\/linkmarkt.eu\/en\/wp-json\/wp\/v2\/comments?post=18348"}],"version-history":[{"count":0,"href":"https:\/\/linkmarkt.eu\/en\/wp-json\/wp\/v2\/product\/18348\/revisions"}],"wp:attachment":[{"href":"https:\/\/linkmarkt.eu\/en\/wp-json\/wp\/v2\/media?parent=18348"}],"wp:term":[{"taxonomy":"product_brand","embeddable":true,"href":"https:\/\/linkmarkt.eu\/en\/wp-json\/wp\/v2\/product_brand?post=18348"},{"taxonomy":"product_cat","embeddable":true,"href":"https:\/\/linkmarkt.eu\/en\/wp-json\/wp\/v2\/product_cat?post=18348"},{"taxonomy":"product_tag","embeddable":true,"href":"https:\/\/linkmarkt.eu\/en\/wp-json\/wp\/v2\/product_tag?post=18348"}],"curies":[{"name":"wp","href":"https:\/\/api.w.org\/{rel}","templated":true}]}}